{"id":9197,"date":"2021-10-09T12:05:58","date_gmt":"2021-10-09T12:05:58","guid":{"rendered":"https:\/\/www.bachcelona.com\/akademie\/"},"modified":"2025-11-09T09:10:29","modified_gmt":"2025-11-09T09:10:29","slug":"akademie","status":"publish","type":"page","link":"https:\/\/www.bachcelona.com\/es\/akademie\/","title":{"rendered":"AKADEMIE"},"content":{"rendered":"[vc_row full_width=\u00bbstretch_row_content_no_spaces\u00bb css=\u00bb.vc_custom_1612202884352{margin-bottom: 0px !important;padding-top: px !important;padding-right: 0px !important;padding-bottom: 0px !important;}\u00bb el_class=\u00bbbar-language\u00bb][vc_column css=\u00bb.vc_custom_1612180516486{margin-bottom: 0px !important;padding-top: 0px !important;padding-right: 32px !important;padding-bottom: 0px !important;}\u00bb offset=\u00bbvc_col-xs-12 vc_hidden-xs\u00bb][vc_custom_heading text=\u00bb`{`wpml_language_selector_widget`}`\u00bb font_container=\u00bbtag:h5|font_size:12px|text_align:right\u00bb use_theme_fonts=\u00bbyes\u00bb css=\u00bb.vc_custom_1612179881970{margin-bottom: 0px !important;padding-top: 5px !important;padding-bottom: 5px !important;}\u00bb][\/vc_column][\/vc_row][vc_row full_width=\u00bbstretch_row_content_no_spaces\u00bb css=\u00bb.vc_custom_1612202897517{margin-bottom: 0px !important;padding-top: px !important;padding-right: 0px !important;padding-bottom: 0px !important;}\u00bb el_class=\u00bbbar-language\u00bb][vc_column css=\u00bb.vc_custom_1612180406598{margin-bottom: 0px !important;padding-top: 0px !important;padding-bottom: 0px !important;}\u00bb offset=\u00bbvc_hidden-lg vc_hidden-md vc_hidden-sm vc_col-xs-12&#8243;][vc_custom_heading text=\u00bb`{`wpml_language_selector_widget`}`\u00bb font_container=\u00bbtag:h5|font_size:12px|text_align:center\u00bb use_theme_fonts=\u00bbyes\u00bb css=\u00bb.vc_custom_1612180415270{margin-bottom: 0px !important;padding-top: 5px !important;padding-bottom: 5px !important;}\u00bb][\/vc_column][\/vc_row][vc_row css=\u00bb.vc_custom_1495670537430{background-color: rgba(255,255,255,0.01) !important;*background-color: rgb(255,255,255) !important;}\u00bb][vc_column offset=\u00bbvc_hidden-lg vc_hidden-md vc_hidden-sm vc_hidden-xs\u00bb][vc_empty_space height=\u00bb100&#8243;][vc_empty_space height=\u00bb50px\u00bb][\/vc_column][\/vc_row][vc_row][vc_column][vc_empty_space height=\u00bb80&#8243;][\/vc_column][\/vc_row][vc_row css=\u00bb.vc_custom_1495670587854{background-color: rgba(255,255,255,0.01) !important;*background-color: rgb(255,255,255) !important;}\u00bb][vc_column][vc_column_text]\n<h1><strong>BACH<\/strong>CELONA AKADEMIE<\/h1>\n<h6>PROYECTO CON LLU\u00cdS VILAMAJ\u00d3<\/h6>\n[\/vc_column_text][vc_empty_space height=\u00bb40px\u00bb][vc_column_text]Tras el \u00e9xito de las primeras ediciones con Llu\u00eds Vilamaj\u00f3, Ton Koopman, Carlos Mena y Masaaki Suzuki, ofrecemos la oportunidad para estudiantes de canto y reci\u00e9n licenciados de formar parte de un <strong>coro de c\u00e1mara dirigido por Llu\u00eds Vilamaj\u00f3<\/strong>, referente de la m\u00fasica antigua y del \u00e1mbito bachiano. La actividad se llevar\u00e1 a cabo durante julio de 2026, con el siguiente calendario:<\/p>\n<p><strong>Proyecto con Llu\u00eds Vilamaj\u00f3<\/strong> \u2013 del 3 al 7 de julio de 2026<br \/>\nPrograma: Cantatas de Bach<br \/>\nStage en Estamariu y concierto inaugural del Festival Bachcelona en L&#8217;Auditori (Ciclo M\u00fasica Antigua)[\/vc_column_text][vc_empty_space height=\u00bb40&#8243;][vc_single_image image=\u00bb12774&#8243; img_size=\u00bblarge\u00bb add_caption=\u00bbyes\u00bb][vc_empty_space height=\u00bb60px\u00bb][vc_column_text]El proyecto propone un <strong>coro de c\u00e1mara<\/strong>, de 3 o 4 miembros por cuerda, en el que<strong> los cantantes podr\u00e1n asumir partes de solista<\/strong> si Llu\u00eds Vilamaj\u00f3 lo considera oportuno.<\/p>\n<p>La organizaci\u00f3n ofrece <strong>alojamiento para los cantantes de fuera de Barcelona<\/strong> que participen en el proyecto y tambi\u00e9n asume todos los gastos derivados del stage.<\/p>\n<p>Abrimos la <strong>convocatoria del 15 de noviembre hasta el 15 de diciembre de 2025.<\/strong> Para inscribirse, solo hay que enviar un correo electr\u00f3nico a <a href=\"mailto:akademie@bachcelona.com\" target=\"_blank\" rel=\"noopener\"><strong>akademie@bachcelona.com<\/strong><\/a>, adjuntando los siguientes documentos:<\/p>\n<ul>\n<li>Grabaci\u00f3n en v\u00eddeo de una aria de Bach (que sea un enlace y no un archivo)<\/li>\n<li>Curr\u00edculum art\u00edstico actualizado<\/li>\n<\/ul>\n<p>Una vez aceptada la inscripci\u00f3n y despu\u00e9s de una primera selecci\u00f3n a partir de este material, se celebrar\u00e1n audiciones presenciales en la ESMUC entre el <strong>23 y 26 de febrero de 2026.<\/strong>[\/vc_column_text][vc_empty_space height=\u00bb30px\u00bb][vc_column_text]\n<h1>2022<\/h1>\n<p><strong>Llu\u00eds Vilamaj\u00f3 y Ton Koopman<\/strong><br \/>\n<strong>Sopranos:<\/strong> Natasha Schnur (solista), Andrea Mart\u00ed, In\u00e9s Alonso y Rita Morais.<br \/>\n<strong>Contraltos:<\/strong> Lara Morger (solista), Maria Morell\u00e0, Helena Tajadura y Amalia Cuena.<br \/>\n<strong>Tenores:<\/strong> Ferran Mitjans (solista), Roberto Redondo, Josep Rovira y Marc Mart\u00ednez.<br \/>\n<strong>Bajos<\/strong>: Oriol Mallart (solista), Llu\u00eds Arratia, Joan Climent y Lucas L\u00f3pez.<br \/>\nConciertos en Espurnes Barroques (11\/6), L&#8217;Atl\u00e0ntida de Vic (12\/6), Sant Felip Neri (13\/6) y L&#8217;Auditori (30\/6)[\/vc_column_text][vc_empty_space height=\u00bb20px\u00bb][vc_single_image image=\u00bb10878&#8243; img_size=\u00bblarge\u00bb add_caption=\u00bbyes\u00bb][vc_empty_space height=\u00bb60px\u00bb][vc_column_text]\n<h1>2023<\/h1>\n<p><strong>Carlos Mena y Masaaki Suzuki<\/strong><br \/>\n<strong>Sopranos:<\/strong> Ma\u00eblys Robinne i Lore Agust\u00ed (solistas), Amalia Cuena y Clara Enrich.<br \/>\n<strong>Contraltos:<\/strong> Helena Tajadura (solista), Marcel Jorquera y Beatriz Pe\u00f1a<br \/>\n<strong>Tenores:<\/strong> Alberto Palacios (solista), Marc Mart\u00ednez y Ferran Passola<br \/>\n<strong>Bajos:<\/strong> Joan Garcia (solista), Oriol Quintana y Llu\u00eds Arratia<br \/>\nConciertos en la Cripta Sagrada Fam\u00edlia (30\/6), Festival (a)ph\u00f2nica Banyoles (1\/7) Festival M\u00fasica Antigua Gij\u00f3n (2\/7) y L&#8217;Auditori (12\/7)<br \/>\n[\/vc_column_text][vc_empty_space height=\u00bb20px\u00bb][vc_single_image image=\u00bb11016&#8243; img_size=\u00bblarge\u00bb add_caption=\u00bbyes\u00bb][vc_empty_space height=\u00bb60px\u00bb][vc_column_text]\n<h1>2024<\/h1>\n<p><strong>Llu\u00eds Vilamaj\u00f3<\/strong><br \/>\n<strong>Sopranos<\/strong>: Elionor Mart\u00ednez (solista), Arantza Prats, Saioa Go\u00f1i, Amalia Cuena y Clara Enrich.<br \/>\n<strong>Contraltos<\/strong>: Lara Morger (solista), Jana Corominas, Lea Weinmann y Teresa Casuso.<br \/>\n<strong>Tenores<\/strong>: Ferran Mitjans (solista), H\u00e9ctor Ruiz, Marc Maj\u00f3 y Ferran Passola<br \/>\n<strong>Bajos<\/strong>: Oriol Mallart (solista), Llu\u00eds Arratia, David Guitart y Iago Garc\u00eda<br \/>\nConciertos en el Festival M\u00fasica Antigua de Gij\u00f3n (5\/7), L\u2019Atl\u00e0ntida de Vic (7\/7) y L\u2019Auditori de Barcelona (8\/7)[\/vc_column_text][vc_empty_space height=\u00bb20px\u00bb][vc_single_image image=\u00bb11951&#8243; img_size=\u00bblarge\u00bb add_caption=\u00bbyes\u00bb][vc_empty_space height=\u00bb60px\u00bb][vc_column_text]\n<h1>2025<\/h1>\n<p><strong>Llu\u00eds Vilamaj\u00f3<\/strong><br \/>\n<strong>Sopranos:<\/strong> Ma\u00eblys Robinne (solista), Kaho Inoue, Mariana Rodrigues, N\u00faria Vives y Agnieszka Milewska.<br \/>\n<strong>Altos:<\/strong> Lara Morger (solista), Anastasiia Erofeeva, Noriyuki Kubo, Jan Corominas y Patricia Silveira.<br \/>\n<b>Tenores<\/b>: Mart\u00ed Do\u00f1ate (solista), Gerson Coelho, Pablo Carra y Matthew Thomson.<br \/>\n<strong>Bajos<\/strong>: Ferran Albrich (solista), David Guitar, Pablo Morales y Oriol Mallart<\/p>\n<p>Conciertos en el Festival M\u00fasica Antigua Gij\u00f3n (2\/7), la Cripta Sagrada Fam\u00edlia (4\/7) y L\u2019Auditori de Barcelona (14\/7)[\/vc_column_text][vc_single_image image=\u00bb12781&#8243; img_size=\u00bblarge\u00bb add_caption=\u00bbyes\u00bb][vc_empty_space height=\u00bb60px\u00bb][\/vc_column][\/vc_row]\n","protected":false},"excerpt":{"rendered":"<p>[vc_row full_width=\u00bbstretch_row_content_no_spaces\u00bb css=\u00bb.vc_custom_1612202884352{margin-bottom: 0px !important;padding-top: px !important;padding-right: 0px !important;padding-bottom: 0px !important;}\u00bb el_class=\u00bbbar-language\u00bb][vc_column css=\u00bb.vc_custom_1612180516486{margin-bottom: 0px !important;padding-top: 0px !important;padding-right: 32px !important;padding-bottom: 0px !important;}\u00bb offset=\u00bbvc_col-xs-12 vc_hidden-xs\u00bb][vc_custom_heading text=\u00bb`{`wpml_language_selector_widget`}`\u00bb font_container=\u00bbtag:h5|font_size:12px|text_align:right\u00bb use_theme_fonts=\u00bbyes\u00bb css=\u00bb.vc_custom_1612179881970{margin-bottom: 0px !important;padding-top: 5px !important;padding-bottom: 5px !important;}\u00bb][\/vc_column][\/vc_row][vc_row full_width=\u00bbstretch_row_content_no_spaces\u00bb css=\u00bb.vc_custom_1612202897517{margin-bottom: 0px !important;padding-top: px !important;padding-right: 0px !important;padding-bottom: 0px !important;}\u00bb el_class=\u00bbbar-language\u00bb][vc_column css=\u00bb.vc_custom_1612180406598{margin-bottom: 0px !important;padding-top: 0px !important;padding-bottom: 0px !important;}\u00bb offset=\u00bbvc_hidden-lg vc_hidden-md vc_hidden-sm vc_col-xs-12&#8243;][vc_custom_heading [&hellip;]<\/p>\n","protected":false},"author":1,"featured_media":0,"parent":0,"menu_order":19,"comment_status":"open","ping_status":"closed","template":"","meta":[],"aioseo_notices":[],"_links":{"self":[{"href":"https:\/\/www.bachcelona.com\/es\/wp-json\/wp\/v2\/pages\/9197"}],"collection":[{"href":"https:\/\/www.bachcelona.com\/es\/wp-json\/wp\/v2\/pages"}],"about":[{"href":"https:\/\/www.bachcelona.com\/es\/wp-json\/wp\/v2\/types\/page"}],"author":[{"embeddable":true,"href":"https:\/\/www.bachcelona.com\/es\/wp-json\/wp\/v2\/users\/1"}],"replies":[{"embeddable":true,"href":"https:\/\/www.bachcelona.com\/es\/wp-json\/wp\/v2\/comments?post=9197"}],"version-history":[{"count":26,"href":"https:\/\/www.bachcelona.com\/es\/wp-json\/wp\/v2\/pages\/9197\/revisions"}],"predecessor-version":[{"id":12787,"href":"https:\/\/www.bachcelona.com\/es\/wp-json\/wp\/v2\/pages\/9197\/revisions\/12787"}],"wp:attachment":[{"href":"https:\/\/www.bachcelona.com\/es\/wp-json\/wp\/v2\/media?parent=9197"}],"curies":[{"name":"wp","href":"https:\/\/api.w.org\/{rel}","templated":true}]}}