{"id":9127,"date":"2021-08-05T22:13:13","date_gmt":"2021-08-05T22:13:13","guid":{"rendered":"https:\/\/www.bachcelona.com\/?page_id=9127"},"modified":"2021-08-05T22:13:13","modified_gmt":"2021-08-05T22:13:13","slug":"patronos","status":"publish","type":"page","link":"https:\/\/www.bachcelona.com\/es\/patronos\/","title":{"rendered":"Patronos"},"content":{"rendered":"[vc_row full_width=\u00bbstretch_row_content_no_spaces\u00bb css=\u00bb.vc_custom_1612202884352{margin-bottom: 0px !important;padding-top: px !important;padding-right: 0px !important;padding-bottom: 0px !important;}\u00bb el_class=\u00bbbar-language\u00bb][vc_column css=\u00bb.vc_custom_1612180516486{margin-bottom: 0px !important;padding-top: 0px !important;padding-right: 32px !important;padding-bottom: 0px !important;}\u00bb offset=\u00bbvc_col-xs-12 vc_hidden-xs\u00bb][vc_custom_heading text=\u00bb`{`wpml_language_selector_widget`}`\u00bb font_container=\u00bbtag:h5|font_size:12px|text_align:right\u00bb use_theme_fonts=\u00bbyes\u00bb css=\u00bb.vc_custom_1612179881970{margin-bottom: 0px !important;padding-top: 5px !important;padding-bottom: 5px !important;}\u00bb][\/vc_column][\/vc_row][vc_row full_width=\u00bbstretch_row_content_no_spaces\u00bb css=\u00bb.vc_custom_1612202897517{margin-bottom: 0px !important;padding-top: px !important;padding-right: 0px !important;padding-bottom: 0px !important;}\u00bb el_class=\u00bbbar-language\u00bb][vc_column css=\u00bb.vc_custom_1612180406598{margin-bottom: 0px !important;padding-top: 0px !important;padding-bottom: 0px !important;}\u00bb offset=\u00bbvc_hidden-lg vc_hidden-md vc_hidden-sm vc_col-xs-12&#8243;][vc_custom_heading text=\u00bb`{`wpml_language_selector_widget`}`\u00bb font_container=\u00bbtag:h5|font_size:12px|text_align:center\u00bb use_theme_fonts=\u00bbyes\u00bb css=\u00bb.vc_custom_1612180415270{margin-bottom: 0px !important;padding-top: 5px !important;padding-bottom: 5px !important;}\u00bb][\/vc_column][\/vc_row][vc_row][vc_column][vc_empty_space height=\u00bb80&#8243;][\/vc_column][\/vc_row][vc_row css=\u00bb.vc_custom_1495670587854{background-color: rgba(255,255,255,0.01) !important;*background-color: rgb(255,255,255) !important;}\u00bb][vc_column][vc_column_text]\n<h1>PATRONOS FUNDACI\u00d3N<\/h1>\n[\/vc_column_text][vc_empty_space height=\u00bb40&#8243;][vc_column_text]\n<h6>A partir de 1.000 euros anuales<\/h6>\n<p>Forma parte de la Fundaci\u00f3n Bachcelona para apoyar las actividades relacionadas con el Festival. Conoce de primera mano c\u00f3mo desarrollamos la programaci\u00f3n en las reuniones exclusivas que realizamos en la Fundaci\u00f3n. Asimismo, ofrecemos una serie de contraprestaciones solo para los patronos:<\/p>\n<p>1. Litograf\u00eda original firmada del artista de cada edici\u00f3n.<br \/>\nHasta el momento hemos colaborado con artistas tan reconocidos como Tom Carr, Marta Montcada, Perico Pastor, Carme Miquel, Susana Solano y Perejaume.<\/p>\n<p>2. Invitaciones para conciertos del Festival<\/p>\n<p>3. Encuentros con los artistas despu\u00e9s de los conciertos y reuniones exclusivas<\/p>\n<p>4. Desgravaci\u00f3n fiscal de la aportaci\u00f3n realizada<\/p>\n<p>5. Descuentos en conciertos propios y en ciclos externos<\/p>\n<p>Para m\u00e1s informaci\u00f3n escr\u00edbenos a<strong> <a href=\"mailto:fundacio@bachcelona.com\" target=\"_blank\" rel=\"noopener\">fundacio@bachcelona.com <\/a><\/strong>[\/vc_column_text][vc_empty_space height=\u00bb80&#8243;][\/vc_column][\/vc_row][vc_row][vc_column][\/vc_column][\/vc_row]\n","protected":false},"excerpt":{"rendered":"<p>[vc_row full_width=\u00bbstretch_row_content_no_spaces\u00bb css=\u00bb.vc_custom_1612202884352{margin-bottom: 0px !important;padding-top: px !important;padding-right: 0px !important;padding-bottom: 0px !important;}\u00bb el_class=\u00bbbar-language\u00bb][vc_column css=\u00bb.vc_custom_1612180516486{margin-bottom: 0px !important;padding-top: 0px !important;padding-right: 32px !important;padding-bottom: 0px !important;}\u00bb offset=\u00bbvc_col-xs-12 vc_hidden-xs\u00bb][vc_custom_heading text=\u00bb`{`wpml_language_selector_widget`}`\u00bb font_container=\u00bbtag:h5|font_size:12px|text_align:right\u00bb use_theme_fonts=\u00bbyes\u00bb css=\u00bb.vc_custom_1612179881970{margin-bottom: 0px !important;padding-top: 5px !important;padding-bottom: 5px !important;}\u00bb][\/vc_column][\/vc_row][vc_row full_width=\u00bbstretch_row_content_no_spaces\u00bb css=\u00bb.vc_custom_1612202897517{margin-bottom: 0px !important;padding-top: px !important;padding-right: 0px !important;padding-bottom: 0px !important;}\u00bb el_class=\u00bbbar-language\u00bb][vc_column css=\u00bb.vc_custom_1612180406598{margin-bottom: 0px !important;padding-top: 0px !important;padding-bottom: 0px !important;}\u00bb offset=\u00bbvc_hidden-lg vc_hidden-md vc_hidden-sm vc_col-xs-12&#8243;][vc_custom_heading [&hellip;]<\/p>\n","protected":false},"author":1,"featured_media":0,"parent":0,"menu_order":19,"comment_status":"open","ping_status":"closed","template":"","meta":[],"aioseo_notices":[],"_links":{"self":[{"href":"https:\/\/www.bachcelona.com\/es\/wp-json\/wp\/v2\/pages\/9127"}],"collection":[{"href":"https:\/\/www.bachcelona.com\/es\/wp-json\/wp\/v2\/pages"}],"about":[{"href":"https:\/\/www.bachcelona.com\/es\/wp-json\/wp\/v2\/types\/page"}],"author":[{"embeddable":true,"href":"https:\/\/www.bachcelona.com\/es\/wp-json\/wp\/v2\/users\/1"}],"replies":[{"embeddable":true,"href":"https:\/\/www.bachcelona.com\/es\/wp-json\/wp\/v2\/comments?post=9127"}],"version-history":[{"count":3,"href":"https:\/\/www.bachcelona.com\/es\/wp-json\/wp\/v2\/pages\/9127\/revisions"}],"predecessor-version":[{"id":9130,"href":"https:\/\/www.bachcelona.com\/es\/wp-json\/wp\/v2\/pages\/9127\/revisions\/9130"}],"wp:attachment":[{"href":"https:\/\/www.bachcelona.com\/es\/wp-json\/wp\/v2\/media?parent=9127"}],"curies":[{"name":"wp","href":"https:\/\/api.w.org\/{rel}","templated":true}]}}