{"id":7552,"date":"2020-12-22T01:30:09","date_gmt":"2020-12-22T01:30:09","guid":{"rendered":"http:\/\/212.129.56.154\/oriol-guimera-2\/"},"modified":"2021-02-09T00:17:14","modified_gmt":"2021-02-09T00:17:14","slug":"oriol-guimera-2","status":"publish","type":"page","link":"https:\/\/www.bachcelona.com\/es\/oriol-guimera-2\/","title":{"rendered":"Oriol Guimer\u00e0"},"content":{"rendered":"[vc_row][vc_column offset=\u00bbvc_hidden-xs\u00bb][vc_empty_space height=\u00bb75&#8243;][\/vc_column][\/vc_row][vc_row full_width=\u00bbstretch_row_content_no_spaces\u00bb gap=\u00bb35&#8243; css=\u00bb.vc_custom_1584650599547{margin-top: 0px !important;padding-right: 0px !important;}\u00bb][vc_column width=\u00bb1\/12&#8243; css=\u00bb.vc_custom_1584650160678{margin-top: 0px !important;}\u00bb][\/vc_column][vc_column width=\u00bb4\/12&#8243; offset=\u00bbvc_col-lg-offset-0 vc_col-md-offset-0 vc_col-sm-offset-0&#8243;][vc_single_image image=\u00bb6486&#8243; img_size=\u00bbfull\u00bb alignment=\u00bbcenter\u00bb css=\u00bb.vc_custom_1608600479976{margin-top: 0px !important;}\u00bb][vc_raw_html][\/vc_raw_html][\/vc_column][vc_column width=\u00bb6\/12&#8243;][vc_row_inner][vc_column_inner width=\u00bb1\/12&#8243;][\/vc_column_inner][vc_column_inner width=\u00bb11\/12&#8243;][vc_column_text css=\u00bb.vc_custom_1608600600062{margin-top: 15px !important;}\u00bb]\n<h2>Oriol Guimer\u00e0, <em>tenor<\/em><\/h2>\n<p class=\"p1\"><span class=\"s1\">El tenor catal\u00e0 s\u2019ha format a l\u2019Escolania de Montserrat amb Ramon Aragall i Pau Santacana (fagot), i mestres com Joaquim Piqu\u00e9 i Berant Vivancos (cant). Tamb\u00e9 ha estudiat fagot al Conservatori Municipal de M\u00fasica de Barcelona i a l\u2019ESMUC, i cant a l\u2019ESMUC amb Francesc Garrigosa. Actualment estudia amb Bego\u00f1a Alberdi.<\/span><br \/>\n<span class=\"s1\">En el m\u00f3n coral, ha format part, de manera espor\u00e0dica, del Cor de Cambra del Palau de la M\u00fasica Catalana, ha estat Xantre de la Sagrada Fam\u00edlia i de la bas\u00edlica de la Concepci\u00f3 de Barcelona, ha actuat a \u201cEls Jocs Florals de Canprosa\u201d al Teatre Nacional de Catalunya, col.labora amb el cor Francesc Valls, l\u2019Ensemble O Vos Omnes, \u00e9s membre fundador dels cors Cererols i Decanendi Elegancia, especialitzats en m\u00fasica antiga.<\/span><br \/>\n<span class=\"s1\">En l\u2019\u00e0mbit cambr\u00edstic, \u00e9s membre de PopCorn Quartet, Barbershop a Capella, QVoce i de la Capella de M\u00fasica de Montserrat. A m\u00e9s, participa en nombroses produccions musicals nacionals i internacionals amb l\u2019Escolania de Montserrat, com l\u2019\u00f2pera\u00a0<i>A Midsummer\u2019s Night Dream<\/i>\u00a0(Liceu, 2005).<\/span><\/p>\n<p class=\"p1\"><span class=\"s1\">\u00a0<\/span><\/p>\n[\/vc_column_text][vc_empty_space height=\u00bb15&#8243;][\/vc_column_inner][\/vc_row_inner][\/vc_column][vc_column width=\u00bb1\/12&#8243;][\/vc_column][\/vc_row][vc_row][vc_column offset=\u00bbvc_hidden-sm vc_hidden-xs\u00bb][vc_empty_space height=\u00bb100&#8243;][\/vc_column][\/vc_row]\n","protected":false},"excerpt":{"rendered":"<p>[vc_row][vc_column offset=\u00bbvc_hidden-xs\u00bb][vc_empty_space height=\u00bb75&#8243;][\/vc_column][\/vc_row][vc_row full_width=\u00bbstretch_row_content_no_spaces\u00bb gap=\u00bb35&#8243; css=\u00bb.vc_custom_1584650599547{margin-top: 0px !important;padding-right: 0px !important;}\u00bb][vc_column width=\u00bb1\/12&#8243; css=\u00bb.vc_custom_1584650160678{margin-top: 0px !important;}\u00bb][\/vc_column][vc_column width=\u00bb4\/12&#8243; offset=\u00bbvc_col-lg-offset-0 vc_col-md-offset-0 vc_col-sm-offset-0&#8243;][vc_single_image image=\u00bb6486&#8243; img_size=\u00bbfull\u00bb alignment=\u00bbcenter\u00bb css=\u00bb.vc_custom_1608600479976{margin-top: 0px !important;}\u00bb][vc_raw_html][\/vc_raw_html][\/vc_column][vc_column width=\u00bb6\/12&#8243;][vc_row_inner][vc_column_inner width=\u00bb1\/12&#8243;][\/vc_column_inner][vc_column_inner width=\u00bb11\/12&#8243;][vc_column_text css=\u00bb.vc_custom_1608600600062{margin-top: 15px !important;}\u00bb] Oriol Guimer\u00e0, tenor El tenor catal\u00e0 s\u2019ha format a l\u2019Escolania de Montserrat amb Ramon Aragall i Pau Santacana (fagot), i mestres com Joaquim Piqu\u00e9 i [&hellip;]<\/p>\n","protected":false},"author":1,"featured_media":0,"parent":0,"menu_order":2,"comment_status":"open","ping_status":"closed","template":"","meta":[],"aioseo_notices":[],"_links":{"self":[{"href":"https:\/\/www.bachcelona.com\/es\/wp-json\/wp\/v2\/pages\/7552"}],"collection":[{"href":"https:\/\/www.bachcelona.com\/es\/wp-json\/wp\/v2\/pages"}],"about":[{"href":"https:\/\/www.bachcelona.com\/es\/wp-json\/wp\/v2\/types\/page"}],"author":[{"embeddable":true,"href":"https:\/\/www.bachcelona.com\/es\/wp-json\/wp\/v2\/users\/1"}],"replies":[{"embeddable":true,"href":"https:\/\/www.bachcelona.com\/es\/wp-json\/wp\/v2\/comments?post=7552"}],"version-history":[{"count":1,"href":"https:\/\/www.bachcelona.com\/es\/wp-json\/wp\/v2\/pages\/7552\/revisions"}],"predecessor-version":[{"id":7553,"href":"https:\/\/www.bachcelona.com\/es\/wp-json\/wp\/v2\/pages\/7552\/revisions\/7553"}],"wp:attachment":[{"href":"https:\/\/www.bachcelona.com\/es\/wp-json\/wp\/v2\/media?parent=7552"}],"curies":[{"name":"wp","href":"https:\/\/api.w.org\/{rel}","templated":true}]}}