{"id":7517,"date":"2020-12-23T12:36:03","date_gmt":"2020-12-23T12:36:03","guid":{"rendered":"http:\/\/212.129.56.154\/pablo-larraz\/"},"modified":"2025-12-11T20:35:36","modified_gmt":"2025-12-11T20:35:36","slug":"pablo-larraz","status":"publish","type":"page","link":"https:\/\/www.bachcelona.com\/es\/pablo-larraz\/","title":{"rendered":"Pablo Larraz"},"content":{"rendered":"[vc_row][vc_column offset=\u00bbvc_hidden-xs\u00bb][vc_empty_space height=\u00bb75&#8243;][\/vc_column][\/vc_row][vc_row full_width=\u00bbstretch_row_content_no_spaces\u00bb gap=\u00bb35&#8243; css=\u00bb.vc_custom_1584650599547{margin-top: 0px !important;padding-right: 0px !important;}\u00bb][vc_column width=\u00bb1\/12&#8243; css=\u00bb.vc_custom_1584650160678{margin-top: 0px !important;}\u00bb][\/vc_column][vc_column width=\u00bb4\/12&#8243; offset=\u00bbvc_col-lg-offset-0 vc_col-md-offset-0 vc_col-sm-offset-0&#8243;][vc_single_image image=\u00bb6596&#8243; img_size=\u00bbfull\u00bb alignment=\u00bbcenter\u00bb css=\u00bb.vc_custom_1609695841773{margin-top: 0px !important;}\u00bb][vc_raw_html][\/vc_raw_html][\/vc_column][vc_column width=\u00bb6\/12&#8243;][vc_row_inner][vc_column_inner width=\u00bb1\/12&#8243;][\/vc_column_inner][vc_column_inner width=\u00bb11\/12&#8243;][vc_column_text css=\u00bb.vc_custom_1608726856350{margin-top: 15px !important;}\u00bb]\n<h2>Pablo Larraz<\/h2>\n<p>Nascut a Jaca (Osca), inicia els estudis musicals a la seva ciutat natal obtenint el t\u00edtol Professional de Piano. Titulat superior en Direcci\u00f3 de Cor per l\u2019ESMUC, actualment dirigeix el Cor de Cambra de la Diputaci\u00f3 de Girona i des del 2010 \u00e9s el director assistent de l\u2019Orfe\u00f3 Catal\u00e0. La seva formaci\u00f3 en el cant es van inciar amb Esteve Gasc\u00f3n, Mireia Pint\u00f3, i Marta Cordom\u00ed; rebent puntualment classes de Marta Almajano i Lambert Climent i des de fa 2 anys treballa amb la soprano Marta Matheu. Ha treballat amb grups especialitzats en m\u00fasica antiga com Vozes de Al Ayre Espa\u00f1ol, M\u00fasica Reservata, la Xantria o el Cor Francesc Valls de la Catedral de Barcelona. Ha estat solista de diverses cantates de J.S. Bach.[\/vc_column_text][vc_empty_space height=\u00bb15&#8243;][\/vc_column_inner][\/vc_row_inner][\/vc_column][vc_column width=\u00bb1\/12&#8243;][\/vc_column][\/vc_row][vc_row][vc_column offset=\u00bbvc_hidden-sm vc_hidden-xs\u00bb][vc_empty_space height=\u00bb100&#8243;][\/vc_column][\/vc_row]\n","protected":false},"excerpt":{"rendered":"<p>[vc_row][vc_column offset=\u00bbvc_hidden-xs\u00bb][vc_empty_space height=\u00bb75&#8243;][\/vc_column][\/vc_row][vc_row full_width=\u00bbstretch_row_content_no_spaces\u00bb gap=\u00bb35&#8243; css=\u00bb.vc_custom_1584650599547{margin-top: 0px !important;padding-right: 0px !important;}\u00bb][vc_column width=\u00bb1\/12&#8243; css=\u00bb.vc_custom_1584650160678{margin-top: 0px !important;}\u00bb][\/vc_column][vc_column width=\u00bb4\/12&#8243; offset=\u00bbvc_col-lg-offset-0 vc_col-md-offset-0 vc_col-sm-offset-0&#8243;][vc_single_image image=\u00bb6596&#8243; img_size=\u00bbfull\u00bb alignment=\u00bbcenter\u00bb css=\u00bb.vc_custom_1609695841773{margin-top: 0px !important;}\u00bb][vc_raw_html][\/vc_raw_html][\/vc_column][vc_column width=\u00bb6\/12&#8243;][vc_row_inner][vc_column_inner width=\u00bb1\/12&#8243;][\/vc_column_inner][vc_column_inner width=\u00bb11\/12&#8243;][vc_column_text css=\u00bb.vc_custom_1608726856350{margin-top: 15px !important;}\u00bb] Pablo Larraz Nascut a Jaca (Osca), inicia els estudis musicals a la seva ciutat natal obtenint el t\u00edtol Professional de Piano. Titulat superior en Direcci\u00f3 [&hellip;]<\/p>\n","protected":false},"author":1,"featured_media":0,"parent":0,"menu_order":2,"comment_status":"open","ping_status":"closed","template":"","meta":[],"aioseo_notices":[],"_links":{"self":[{"href":"https:\/\/www.bachcelona.com\/es\/wp-json\/wp\/v2\/pages\/7517"}],"collection":[{"href":"https:\/\/www.bachcelona.com\/es\/wp-json\/wp\/v2\/pages"}],"about":[{"href":"https:\/\/www.bachcelona.com\/es\/wp-json\/wp\/v2\/types\/page"}],"author":[{"embeddable":true,"href":"https:\/\/www.bachcelona.com\/es\/wp-json\/wp\/v2\/users\/1"}],"replies":[{"embeddable":true,"href":"https:\/\/www.bachcelona.com\/es\/wp-json\/wp\/v2\/comments?post=7517"}],"version-history":[{"count":1,"href":"https:\/\/www.bachcelona.com\/es\/wp-json\/wp\/v2\/pages\/7517\/revisions"}],"predecessor-version":[{"id":7524,"href":"https:\/\/www.bachcelona.com\/es\/wp-json\/wp\/v2\/pages\/7517\/revisions\/7524"}],"wp:attachment":[{"href":"https:\/\/www.bachcelona.com\/es\/wp-json\/wp\/v2\/media?parent=7517"}],"curies":[{"name":"wp","href":"https:\/\/api.w.org\/{rel}","templated":true}]}}