{"id":7508,"date":"2020-12-23T12:40:26","date_gmt":"2020-12-23T12:40:26","guid":{"rendered":"http:\/\/212.129.56.154\/laia-frigole\/"},"modified":"2025-12-11T20:36:46","modified_gmt":"2025-12-11T20:36:46","slug":"laia-frigole","status":"publish","type":"page","link":"https:\/\/www.bachcelona.com\/es\/laia-frigole\/","title":{"rendered":"Laia Frigol\u00e9"},"content":{"rendered":"[vc_row][vc_column offset=\u00bbvc_hidden-xs\u00bb][vc_empty_space height=\u00bb75&#8243;][\/vc_column][\/vc_row][vc_row full_width=\u00bbstretch_row_content_no_spaces\u00bb gap=\u00bb35&#8243; css=\u00bb.vc_custom_1584650599547{margin-top: 0px !important;padding-right: 0px !important;}\u00bb][vc_column width=\u00bb1\/12&#8243; css=\u00bb.vc_custom_1584650160678{margin-top: 0px !important;}\u00bb][\/vc_column][vc_column width=\u00bb4\/12&#8243; offset=\u00bbvc_col-lg-offset-0 vc_col-md-offset-0 vc_col-sm-offset-0&#8243;][vc_single_image image=\u00bb6808&#8243; img_size=\u00bbfull\u00bb alignment=\u00bbcenter\u00bb css=\u00bb.vc_custom_1610555814987{margin-top: 0px !important;}\u00bb][vc_raw_html][\/vc_raw_html][\/vc_column][vc_column width=\u00bb6\/12&#8243;][vc_row_inner][vc_column_inner width=\u00bb1\/12&#8243;][\/vc_column_inner][vc_column_inner width=\u00bb11\/12&#8243;][vc_column_text css=\u00bb.vc_custom_1608727153862{margin-top: 15px !important;}\u00bb]\n<h2>Laia Frigol\u00e9<\/h2>\n<p>Nascuda a Girona, Laia Frigol\u00e9 \u00e9s una soprano amb una consistent formaci\u00f3 musical, amb estudis superiors de solfeig, piano i cant. Es titul\u00e0 en Cant Hist\u00f2ric a l\u2019ESMuC, estudiant amb Marta Almajano i Mireia Pint\u00f3. Va guanyar una beca d\u2019Excel\u2022l\u00e8ncia de la Fundaci\u00f3 Vict\u00f2ria dels \u00c0ngels i es perfeccion\u00e0 com a solista en projectes formatius europeus com l\u2019Acad\u00e9mie Concert d\u2019Ambronay o L\u2019Acad\u00e8mia de Formaci\u00f3 Professional de Jordi Savall. Ha cantat en els principals festivals de m\u00fasica antiga espanyols i europeus i col\u2022labora habitualment amb diversos grups de m\u00fasica antiga. Entre els seus enregistraments, destaca el disc \u201cUna \u00e0nima alemanya\u201d amb Ensemble M\u00e9ridien.[\/vc_column_text][vc_empty_space height=\u00bb15&#8243;][\/vc_column_inner][\/vc_row_inner][\/vc_column][vc_column width=\u00bb1\/12&#8243;][\/vc_column][\/vc_row][vc_row][vc_column offset=\u00bbvc_hidden-sm vc_hidden-xs\u00bb][vc_empty_space height=\u00bb100&#8243;][\/vc_column][\/vc_row]\n","protected":false},"excerpt":{"rendered":"<p>[vc_row][vc_column offset=\u00bbvc_hidden-xs\u00bb][vc_empty_space height=\u00bb75&#8243;][\/vc_column][\/vc_row][vc_row full_width=\u00bbstretch_row_content_no_spaces\u00bb gap=\u00bb35&#8243; css=\u00bb.vc_custom_1584650599547{margin-top: 0px !important;padding-right: 0px !important;}\u00bb][vc_column width=\u00bb1\/12&#8243; css=\u00bb.vc_custom_1584650160678{margin-top: 0px !important;}\u00bb][\/vc_column][vc_column width=\u00bb4\/12&#8243; offset=\u00bbvc_col-lg-offset-0 vc_col-md-offset-0 vc_col-sm-offset-0&#8243;][vc_single_image image=\u00bb6808&#8243; img_size=\u00bbfull\u00bb alignment=\u00bbcenter\u00bb css=\u00bb.vc_custom_1610555814987{margin-top: 0px !important;}\u00bb][vc_raw_html][\/vc_raw_html][\/vc_column][vc_column width=\u00bb6\/12&#8243;][vc_row_inner][vc_column_inner width=\u00bb1\/12&#8243;][\/vc_column_inner][vc_column_inner width=\u00bb11\/12&#8243;][vc_column_text css=\u00bb.vc_custom_1608727153862{margin-top: 15px !important;}\u00bb] Laia Frigol\u00e9 Nascuda a Girona, Laia Frigol\u00e9 \u00e9s una soprano amb una consistent formaci\u00f3 musical, amb estudis superiors de solfeig, piano i cant. Es titul\u00e0 [&hellip;]<\/p>\n","protected":false},"author":1,"featured_media":0,"parent":0,"menu_order":2,"comment_status":"open","ping_status":"closed","template":"","meta":[],"aioseo_notices":[],"_links":{"self":[{"href":"https:\/\/www.bachcelona.com\/es\/wp-json\/wp\/v2\/pages\/7508"}],"collection":[{"href":"https:\/\/www.bachcelona.com\/es\/wp-json\/wp\/v2\/pages"}],"about":[{"href":"https:\/\/www.bachcelona.com\/es\/wp-json\/wp\/v2\/types\/page"}],"author":[{"embeddable":true,"href":"https:\/\/www.bachcelona.com\/es\/wp-json\/wp\/v2\/users\/1"}],"replies":[{"embeddable":true,"href":"https:\/\/www.bachcelona.com\/es\/wp-json\/wp\/v2\/comments?post=7508"}],"version-history":[{"count":1,"href":"https:\/\/www.bachcelona.com\/es\/wp-json\/wp\/v2\/pages\/7508\/revisions"}],"predecessor-version":[{"id":7515,"href":"https:\/\/www.bachcelona.com\/es\/wp-json\/wp\/v2\/pages\/7508\/revisions\/7515"}],"wp:attachment":[{"href":"https:\/\/www.bachcelona.com\/es\/wp-json\/wp\/v2\/media?parent=7508"}],"curies":[{"name":"wp","href":"https:\/\/api.w.org\/{rel}","templated":true}]}}