{"id":7480,"date":"2020-12-28T20:51:48","date_gmt":"2020-12-28T20:51:48","guid":{"rendered":"http:\/\/212.129.56.154\/maria-pujades\/"},"modified":"2025-12-11T20:39:05","modified_gmt":"2025-12-11T20:39:05","slug":"maria-pujades","status":"publish","type":"page","link":"https:\/\/www.bachcelona.com\/es\/maria-pujades\/","title":{"rendered":"Maria Pujades"},"content":{"rendered":"[vc_row][vc_column offset=\u00bbvc_hidden-xs\u00bb][vc_empty_space height=\u00bb75&#8243;][\/vc_column][\/vc_row][vc_row full_width=\u00bbstretch_row_content_no_spaces\u00bb gap=\u00bb35&#8243; css=\u00bb.vc_custom_1584650599547{margin-top: 0px !important;padding-right: 0px !important;}\u00bb][vc_column width=\u00bb1\/12&#8243; css=\u00bb.vc_custom_1584650160678{margin-top: 0px !important;}\u00bb][\/vc_column][vc_column width=\u00bb4\/12&#8243; offset=\u00bbvc_col-lg-offset-0 vc_col-md-offset-0 vc_col-sm-offset-0&#8243;][vc_single_image image=\u00bb6621&#8243; img_size=\u00bbfull\u00bb alignment=\u00bbcenter\u00bb css=\u00bb.vc_custom_1609696734404{margin-top: 0px !important;}\u00bb][vc_raw_html][\/vc_raw_html][\/vc_column][vc_column width=\u00bb6\/12&#8243;][vc_row_inner][vc_column_inner width=\u00bb1\/12&#8243;][\/vc_column_inner][vc_column_inner width=\u00bb11\/12&#8243;][vc_column_text css=\u00bb.vc_custom_1609188640569{margin-top: 15px !important;}\u00bb]\n<h2>Maria Pujades<\/h2>\n<p>Nascuda a Barcelona, estudia piano al Conservatori Municipal de M\u00fasica de Barcelona amb Antoni Besses. Actualment cursa el Grau Superior de Cant amb Mireia Pint\u00f3 a l\u2019ESMuC, on tamb\u00e9 rep classes de Josep Surinyac, Francisco Poyato i Enedina Lloris, entre altres. Ha rebut consell de Kurt Widmer, David Mason, Josep Bros, Carlos Mena, Lambert Climent, Wolfram Rieger i Marcel Boone. El darrer any ha participat al projecte \u00d2pera Jove en l\u2019\u00f2pera L\u2019impresario in angustie de D. Cimarosa. La seva llarga traject\u00f2ria coral li ha perm\u00e8s treballara amb directors com M.Barrera, P.Cao, P.Gonz\u00e1lez, L.Hager, X.Pastrana, M.Soustrot, M.Valdivieso i J.Vila. Paral\u00b7lelament, el 2012 obt\u00e9 la Llicenciatura de Matem\u00e0tiques a la UPC.[\/vc_column_text][vc_empty_space height=\u00bb15&#8243;][\/vc_column_inner][\/vc_row_inner][\/vc_column][vc_column width=\u00bb1\/12&#8243;][\/vc_column][\/vc_row][vc_row][vc_column offset=\u00bbvc_hidden-sm vc_hidden-xs\u00bb][vc_empty_space height=\u00bb100&#8243;][\/vc_column][\/vc_row]\n","protected":false},"excerpt":{"rendered":"<p>[vc_row][vc_column offset=\u00bbvc_hidden-xs\u00bb][vc_empty_space height=\u00bb75&#8243;][\/vc_column][\/vc_row][vc_row full_width=\u00bbstretch_row_content_no_spaces\u00bb gap=\u00bb35&#8243; css=\u00bb.vc_custom_1584650599547{margin-top: 0px !important;padding-right: 0px !important;}\u00bb][vc_column width=\u00bb1\/12&#8243; css=\u00bb.vc_custom_1584650160678{margin-top: 0px !important;}\u00bb][\/vc_column][vc_column width=\u00bb4\/12&#8243; offset=\u00bbvc_col-lg-offset-0 vc_col-md-offset-0 vc_col-sm-offset-0&#8243;][vc_single_image image=\u00bb6621&#8243; img_size=\u00bbfull\u00bb alignment=\u00bbcenter\u00bb css=\u00bb.vc_custom_1609696734404{margin-top: 0px !important;}\u00bb][vc_raw_html][\/vc_raw_html][\/vc_column][vc_column width=\u00bb6\/12&#8243;][vc_row_inner][vc_column_inner width=\u00bb1\/12&#8243;][\/vc_column_inner][vc_column_inner width=\u00bb11\/12&#8243;][vc_column_text css=\u00bb.vc_custom_1609188640569{margin-top: 15px !important;}\u00bb] Maria Pujades Nascuda a Barcelona, estudia piano al Conservatori Municipal de M\u00fasica de Barcelona amb Antoni Besses. Actualment cursa el Grau Superior de Cant amb [&hellip;]<\/p>\n","protected":false},"author":1,"featured_media":0,"parent":0,"menu_order":2,"comment_status":"open","ping_status":"closed","template":"","meta":[],"aioseo_notices":[],"_links":{"self":[{"href":"https:\/\/www.bachcelona.com\/es\/wp-json\/wp\/v2\/pages\/7480"}],"collection":[{"href":"https:\/\/www.bachcelona.com\/es\/wp-json\/wp\/v2\/pages"}],"about":[{"href":"https:\/\/www.bachcelona.com\/es\/wp-json\/wp\/v2\/types\/page"}],"author":[{"embeddable":true,"href":"https:\/\/www.bachcelona.com\/es\/wp-json\/wp\/v2\/users\/1"}],"replies":[{"embeddable":true,"href":"https:\/\/www.bachcelona.com\/es\/wp-json\/wp\/v2\/comments?post=7480"}],"version-history":[{"count":1,"href":"https:\/\/www.bachcelona.com\/es\/wp-json\/wp\/v2\/pages\/7480\/revisions"}],"predecessor-version":[{"id":7487,"href":"https:\/\/www.bachcelona.com\/es\/wp-json\/wp\/v2\/pages\/7480\/revisions\/7487"}],"wp:attachment":[{"href":"https:\/\/www.bachcelona.com\/es\/wp-json\/wp\/v2\/media?parent=7480"}],"curies":[{"name":"wp","href":"https:\/\/api.w.org\/{rel}","templated":true}]}}