{"id":7461,"date":"2020-12-28T20:55:29","date_gmt":"2020-12-28T20:55:29","guid":{"rendered":"http:\/\/212.129.56.154\/fabio-lesuisse\/"},"modified":"2025-12-11T20:40:11","modified_gmt":"2025-12-11T20:40:11","slug":"fabio-lesuisse","status":"publish","type":"page","link":"https:\/\/www.bachcelona.com\/es\/fabio-lesuisse\/","title":{"rendered":"Fabio Lesuisse"},"content":{"rendered":"[vc_row][vc_column offset=\u00bbvc_hidden-xs\u00bb][vc_empty_space height=\u00bb75&#8243;][\/vc_column][\/vc_row][vc_row full_width=\u00bbstretch_row_content_no_spaces\u00bb gap=\u00bb35&#8243; css=\u00bb.vc_custom_1584650599547{margin-top: 0px !important;padding-right: 0px !important;}\u00bb][vc_column width=\u00bb1\/12&#8243; css=\u00bb.vc_custom_1584650160678{margin-top: 0px !important;}\u00bb][\/vc_column][vc_column width=\u00bb4\/12&#8243; offset=\u00bbvc_col-lg-offset-0 vc_col-md-offset-0 vc_col-sm-offset-0&#8243;][vc_single_image image=\u00bb6625&#8243; img_size=\u00bbfull\u00bb alignment=\u00bbcenter\u00bb css=\u00bb.vc_custom_1609696927780{margin-top: 0px !important;}\u00bb][vc_raw_html][\/vc_raw_html][\/vc_column][vc_column width=\u00bb6\/12&#8243;][vc_row_inner][vc_column_inner width=\u00bb1\/12&#8243;][\/vc_column_inner][vc_column_inner width=\u00bb11\/12&#8243;][vc_column_text css=\u00bb.vc_custom_1609188912879{margin-top: 15px !important;}\u00bb]\n<h2>Fabio Lesuisse<\/h2>\n<p>Jove bar\u00edton belga nascut a Aachen el 1992. Inicia els seus estudis musicals a la ciutat de Eupen on a l\u2019edat de 8 anys rep la seva primera classe de Corn, formant part alhora de diferents cors juvenils. Des d\u2019octubre de 2012 realitza els seus estudis a l\u2019Escola Superior de M\u00fasica i Dansa de la ciutat de K\u00f6ln amb Claudia Kunz-Eisenlohr. Format part de nombrosos concerts i projectes d\u2019\u00d2pera, representant el paper de Papageno a La flauta m\u00e0gica de Mozart i participa en la posada en escena de Winterreise de Schubert. Dins del seu repertori es troben obres com les Vesperae solemnis de Confessore Mozart o l\u2019Oratori de Nadal i altres cantates de Bach. A l\u2019estiu de 2015 ser\u00e0 el protagonista de Im wei\u00dfen R\u00f6ssl de R.Benatzky en la producci\u00f3 de la HfMT de Col\u00f2nia.[\/vc_column_text][vc_empty_space height=\u00bb15&#8243;][\/vc_column_inner][\/vc_row_inner][\/vc_column][vc_column width=\u00bb1\/12&#8243;][\/vc_column][\/vc_row][vc_row][vc_column offset=\u00bbvc_hidden-sm vc_hidden-xs\u00bb][vc_empty_space height=\u00bb100&#8243;][\/vc_column][\/vc_row]\n","protected":false},"excerpt":{"rendered":"<p>[vc_row][vc_column offset=\u00bbvc_hidden-xs\u00bb][vc_empty_space height=\u00bb75&#8243;][\/vc_column][\/vc_row][vc_row full_width=\u00bbstretch_row_content_no_spaces\u00bb gap=\u00bb35&#8243; css=\u00bb.vc_custom_1584650599547{margin-top: 0px !important;padding-right: 0px !important;}\u00bb][vc_column width=\u00bb1\/12&#8243; css=\u00bb.vc_custom_1584650160678{margin-top: 0px !important;}\u00bb][\/vc_column][vc_column width=\u00bb4\/12&#8243; offset=\u00bbvc_col-lg-offset-0 vc_col-md-offset-0 vc_col-sm-offset-0&#8243;][vc_single_image image=\u00bb6625&#8243; img_size=\u00bbfull\u00bb alignment=\u00bbcenter\u00bb css=\u00bb.vc_custom_1609696927780{margin-top: 0px !important;}\u00bb][vc_raw_html][\/vc_raw_html][\/vc_column][vc_column width=\u00bb6\/12&#8243;][vc_row_inner][vc_column_inner width=\u00bb1\/12&#8243;][\/vc_column_inner][vc_column_inner width=\u00bb11\/12&#8243;][vc_column_text css=\u00bb.vc_custom_1609188912879{margin-top: 15px !important;}\u00bb] Fabio Lesuisse Jove bar\u00edton belga nascut a Aachen el 1992. Inicia els seus estudis musicals a la ciutat de Eupen on a l\u2019edat de 8 [&hellip;]<\/p>\n","protected":false},"author":1,"featured_media":0,"parent":0,"menu_order":2,"comment_status":"open","ping_status":"closed","template":"","meta":[],"aioseo_notices":[],"_links":{"self":[{"href":"https:\/\/www.bachcelona.com\/es\/wp-json\/wp\/v2\/pages\/7461"}],"collection":[{"href":"https:\/\/www.bachcelona.com\/es\/wp-json\/wp\/v2\/pages"}],"about":[{"href":"https:\/\/www.bachcelona.com\/es\/wp-json\/wp\/v2\/types\/page"}],"author":[{"embeddable":true,"href":"https:\/\/www.bachcelona.com\/es\/wp-json\/wp\/v2\/users\/1"}],"replies":[{"embeddable":true,"href":"https:\/\/www.bachcelona.com\/es\/wp-json\/wp\/v2\/comments?post=7461"}],"version-history":[{"count":1,"href":"https:\/\/www.bachcelona.com\/es\/wp-json\/wp\/v2\/pages\/7461\/revisions"}],"predecessor-version":[{"id":7478,"href":"https:\/\/www.bachcelona.com\/es\/wp-json\/wp\/v2\/pages\/7461\/revisions\/7478"}],"wp:attachment":[{"href":"https:\/\/www.bachcelona.com\/es\/wp-json\/wp\/v2\/media?parent=7461"}],"curies":[{"name":"wp","href":"https:\/\/api.w.org\/{rel}","templated":true}]}}