{"id":7436,"date":"2020-12-28T21:09:58","date_gmt":"2020-12-28T21:09:58","guid":{"rendered":"http:\/\/212.129.56.154\/vincent-de-soomer\/"},"modified":"2025-12-11T20:41:27","modified_gmt":"2025-12-11T20:41:27","slug":"vincent-de-soomer","status":"publish","type":"page","link":"https:\/\/www.bachcelona.com\/es\/vincent-de-soomer\/","title":{"rendered":"Vincent de Soomer"},"content":{"rendered":"[vc_row][vc_column offset=\u00bbvc_hidden-xs\u00bb][vc_empty_space height=\u00bb75&#8243;][\/vc_column][\/vc_row][vc_row full_width=\u00bbstretch_row_content_no_spaces\u00bb gap=\u00bb35&#8243; css=\u00bb.vc_custom_1584650599547{margin-top: 0px !important;padding-right: 0px !important;}\u00bb][vc_column width=\u00bb1\/12&#8243; css=\u00bb.vc_custom_1584650160678{margin-top: 0px !important;}\u00bb][\/vc_column][vc_column width=\u00bb4\/12&#8243; offset=\u00bbvc_col-lg-offset-0 vc_col-md-offset-0 vc_col-sm-offset-0&#8243;][vc_single_image image=\u00bb6637&#8243; img_size=\u00bbfull\u00bb alignment=\u00bbcenter\u00bb css=\u00bb.vc_custom_1609697414209{margin-top: 0px !important;}\u00bb][vc_raw_html][\/vc_raw_html][\/vc_column][vc_column width=\u00bb6\/12&#8243;][vc_row_inner][vc_column_inner width=\u00bb1\/12&#8243;][\/vc_column_inner][vc_column_inner width=\u00bb11\/12&#8243;][vc_column_text css=\u00bb.vc_custom_1609189747470{margin-top: 15px !important;}\u00bb]\n<h2>Vincent De Soomer<\/h2>\n<p>Va iniciar-se en el cant al seu pa\u00eds natal B\u00e8lgica quan era un nen, com a membre del prestigi\u00f3s cor jove Clari Cantus. Despr\u00e9s de la seva arribada a Barcelona ha continuat la formaci\u00f3 vocal de la m\u00e0 de Xavier Sans, Natasha Tupin, Anna Al\u00e0s, Carlos Mena, Llu\u00eds Vilamaj\u00f3 i Marcel Boone i recentment va finalitzar el m\u00e1ster en Interpretaci\u00f3 de la M\u00fasica Antiga per l\u2019especialitat de cant hist\u00f2ric sota el mestratge de Lambert Climent a l\u2019ESMUC. En qualitat de solista, ha col\u00b7laborat amb varies formacions, com amb l\u2019Orquestra Barroca Catalana i l\u2019Acad\u00e9mie Bach Aix. En \u00f2pera, recentment ha cantat el Conte di Almaviva de Le Nozze di Figaro de W.A. Mozart durant el festival Musique en Lumi\u00e8res a Besan\u00e7on.[\/vc_column_text][vc_empty_space height=\u00bb15&#8243;][\/vc_column_inner][\/vc_row_inner][\/vc_column][vc_column width=\u00bb1\/12&#8243;][\/vc_column][\/vc_row][vc_row][vc_column offset=\u00bbvc_hidden-sm vc_hidden-xs\u00bb][vc_empty_space height=\u00bb100&#8243;][\/vc_column][\/vc_row]\n","protected":false},"excerpt":{"rendered":"<p>[vc_row][vc_column offset=\u00bbvc_hidden-xs\u00bb][vc_empty_space height=\u00bb75&#8243;][\/vc_column][\/vc_row][vc_row full_width=\u00bbstretch_row_content_no_spaces\u00bb gap=\u00bb35&#8243; css=\u00bb.vc_custom_1584650599547{margin-top: 0px !important;padding-right: 0px !important;}\u00bb][vc_column width=\u00bb1\/12&#8243; css=\u00bb.vc_custom_1584650160678{margin-top: 0px !important;}\u00bb][\/vc_column][vc_column width=\u00bb4\/12&#8243; offset=\u00bbvc_col-lg-offset-0 vc_col-md-offset-0 vc_col-sm-offset-0&#8243;][vc_single_image image=\u00bb6637&#8243; img_size=\u00bbfull\u00bb alignment=\u00bbcenter\u00bb css=\u00bb.vc_custom_1609697414209{margin-top: 0px !important;}\u00bb][vc_raw_html][\/vc_raw_html][\/vc_column][vc_column width=\u00bb6\/12&#8243;][vc_row_inner][vc_column_inner width=\u00bb1\/12&#8243;][\/vc_column_inner][vc_column_inner width=\u00bb11\/12&#8243;][vc_column_text css=\u00bb.vc_custom_1609189747470{margin-top: 15px !important;}\u00bb] Vincent De Soomer Va iniciar-se en el cant al seu pa\u00eds natal B\u00e8lgica quan era un nen, com a membre del prestigi\u00f3s cor jove Clari [&hellip;]<\/p>\n","protected":false},"author":1,"featured_media":0,"parent":0,"menu_order":2,"comment_status":"open","ping_status":"closed","template":"","meta":[],"aioseo_notices":[],"_links":{"self":[{"href":"https:\/\/www.bachcelona.com\/es\/wp-json\/wp\/v2\/pages\/7436"}],"collection":[{"href":"https:\/\/www.bachcelona.com\/es\/wp-json\/wp\/v2\/pages"}],"about":[{"href":"https:\/\/www.bachcelona.com\/es\/wp-json\/wp\/v2\/types\/page"}],"author":[{"embeddable":true,"href":"https:\/\/www.bachcelona.com\/es\/wp-json\/wp\/v2\/users\/1"}],"replies":[{"embeddable":true,"href":"https:\/\/www.bachcelona.com\/es\/wp-json\/wp\/v2\/comments?post=7436"}],"version-history":[{"count":2,"href":"https:\/\/www.bachcelona.com\/es\/wp-json\/wp\/v2\/pages\/7436\/revisions"}],"predecessor-version":[{"id":11690,"href":"https:\/\/www.bachcelona.com\/es\/wp-json\/wp\/v2\/pages\/7436\/revisions\/11690"}],"wp:attachment":[{"href":"https:\/\/www.bachcelona.com\/es\/wp-json\/wp\/v2\/media?parent=7436"}],"curies":[{"name":"wp","href":"https:\/\/api.w.org\/{rel}","templated":true}]}}