{"id":7388,"date":"2020-12-28T21:31:33","date_gmt":"2020-12-28T21:31:33","guid":{"rendered":"http:\/\/212.129.56.154\/carine-tinney\/"},"modified":"2025-12-11T20:45:34","modified_gmt":"2025-12-11T20:45:34","slug":"carine-tinney","status":"publish","type":"page","link":"https:\/\/www.bachcelona.com\/es\/carine-tinney\/","title":{"rendered":"Carine Tinney"},"content":{"rendered":"[vc_row full_width=\u00bbstretch_row_content_no_spaces\u00bb ult_hide_row=\u00bbult_hide_row_value\u00bb ult_hide_row_mobile=\u00bbmobile\u00bb ult_hide_row_mobile_large=\u00bbxl_mobile\u00bb css=\u00bb.vc_custom_1584652099598{padding-top: px !important;padding-right: 0px !important;padding-bottom: 0px !important;background: #8dd3cc url(http:\/\/www.bachcelona.com\/wp-content\/uploads\/2018\/05\/Green2.jpg?id=3201) !important;}\u00bb][vc_column css=\u00bb.vc_custom_1494496025351{padding-top: 0px !important;}\u00bb offset=\u00bbvc_hidden-xs\u00bb][vc_column_text css=\u00bb.vc_custom_1584892327702{padding-top: 6px !important;padding-right: 35px !important;padding-bottom: 6px !important;background-color: rgba(255,255,255,0.01) !important;*background-color: rgb(255,255,255) !important;}\u00bb]\n<h5 style=\"text-align: right;\"><span style=\"color: #000000;\"><a style=\"color: #000000;\" href=\"http:\/\/www.bachcelona.com\/\">CAT\u00a0<\/a><\/span><span style=\"color: #ff00ff;\"><span style=\"color: #ffffff;\"> |\u00a0<\/span>\u00a0<\/span><a href=\"http:\/\/www.bachcelona.com\/es\"><span style=\"color: #ffffff;\">CAS<\/span><\/a><span style=\"color: #ff00ff;\">\u00a0 <span style=\"color: #ffffff;\">| \u00a0<a style=\"color: #ffffff;\" href=\"http:\/\/www.bachcelona.com\/en\/\">ENG<\/a><\/span><\/span><\/h5>\n[\/vc_column_text][\/vc_column][\/vc_row][vc_row][vc_column offset=\u00bbvc_hidden-xs\u00bb][vc_empty_space height=\u00bb75&#8243;][\/vc_column][\/vc_row][vc_row full_width=\u00bbstretch_row_content_no_spaces\u00bb gap=\u00bb35&#8243; css=\u00bb.vc_custom_1584650599547{margin-top: 0px !important;padding-right: 0px !important;}\u00bb][vc_column width=\u00bb1\/12&#8243; css=\u00bb.vc_custom_1584650160678{margin-top: 0px !important;}\u00bb][\/vc_column][vc_column width=\u00bb4\/12&#8243; offset=\u00bbvc_col-lg-offset-0 vc_col-md-offset-0 vc_col-sm-offset-0&#8243;][vc_single_image image=\u00bb6608&#8243; img_size=\u00bbfull\u00bb alignment=\u00bbcenter\u00bb css=\u00bb.vc_custom_1609696425923{margin-top: 0px !important;}\u00bb][vc_raw_html][\/vc_raw_html][\/vc_column][vc_column width=\u00bb6\/12&#8243;][vc_row_inner][vc_column_inner width=\u00bb1\/12&#8243;][\/vc_column_inner][vc_column_inner width=\u00bb11\/12&#8243;][vc_column_text css=\u00bb.vc_custom_1609191016689{margin-top: 15px !important;}\u00bb]\n<h2>Carine Tinney<\/h2>\n<p>Nascuda a Esc\u00f2cia el 1989, va estudiar a la Universitat d\u2019Edinburgh amb Andrew Doig i Paul Keohone i va ser guardonada amb el premi per a cantant solista Harold Gray. Despr\u00e9s d\u2019un M\u00e0ster en interpretaci\u00f3 de Lied amb Gerhil Romberger i Manuel Lang a la Hochschule f\u00fcr Musik Detmold, va estudiar cant l\u00edric a la mateixa instituci\u00f3, rebent clases magistrals de Bo Skovus, Emma Kirkby, Ingeborg Danz, Sybilla Rubens i Thomas Quasthoff. Per una altra banda, ha realitzat concerts a Esc\u00f2cia, Jap\u00f3, It\u00e0lia, Canad\u00e0, Alemanya i els EUA, interpretant la Passi\u00f3 segons Sant Joan i l\u2019Oratori de Nadal de J.S.Bach sota la direcci\u00f3 de Helmuth Rilling. Finalment, entre altres premis importants, Carine Tinney ha guanyat el concurs internacional de Lied de la Hugo-Wolf-Akademie l\u2019any 2014 a Stuttgart.[\/vc_column_text][vc_empty_space height=\u00bb15&#8243;][\/vc_column_inner][\/vc_row_inner][\/vc_column][vc_column width=\u00bb1\/12&#8243;][\/vc_column][\/vc_row][vc_row][vc_column offset=\u00bbvc_hidden-sm vc_hidden-xs\u00bb][vc_empty_space height=\u00bb100&#8243;][\/vc_column][\/vc_row]\n","protected":false},"excerpt":{"rendered":"<p>[vc_row full_width=\u00bbstretch_row_content_no_spaces\u00bb ult_hide_row=\u00bbult_hide_row_value\u00bb ult_hide_row_mobile=\u00bbmobile\u00bb ult_hide_row_mobile_large=\u00bbxl_mobile\u00bb css=\u00bb.vc_custom_1584652099598{padding-top: px !important;padding-right: 0px !important;padding-bottom: 0px !important;background: #8dd3cc url(http:\/\/www.bachcelona.com\/wp-content\/uploads\/2018\/05\/Green2.jpg?id=3201) !important;}\u00bb][vc_column css=\u00bb.vc_custom_1494496025351{padding-top: 0px !important;}\u00bb offset=\u00bbvc_hidden-xs\u00bb][vc_column_text css=\u00bb.vc_custom_1584892327702{padding-top: 6px !important;padding-right: 35px !important;padding-bottom: 6px !important;background-color: rgba(255,255,255,0.01) !important;*background-color: rgb(255,255,255) !important;}\u00bb] CAT\u00a0 |\u00a0\u00a0CAS\u00a0 | \u00a0ENG [\/vc_column_text][\/vc_column][\/vc_row][vc_row][vc_column offset=\u00bbvc_hidden-xs\u00bb][vc_empty_space height=\u00bb75&#8243;][\/vc_column][\/vc_row][vc_row full_width=\u00bbstretch_row_content_no_spaces\u00bb gap=\u00bb35&#8243; css=\u00bb.vc_custom_1584650599547{margin-top: 0px !important;padding-right: 0px !important;}\u00bb][vc_column width=\u00bb1\/12&#8243; css=\u00bb.vc_custom_1584650160678{margin-top: 0px !important;}\u00bb][\/vc_column][vc_column width=\u00bb4\/12&#8243; offset=\u00bbvc_col-lg-offset-0 vc_col-md-offset-0 vc_col-sm-offset-0&#8243;][vc_single_image image=\u00bb6608&#8243; img_size=\u00bbfull\u00bb alignment=\u00bbcenter\u00bb [&hellip;]<\/p>\n","protected":false},"author":1,"featured_media":0,"parent":0,"menu_order":2,"comment_status":"open","ping_status":"closed","template":"","meta":[],"aioseo_notices":[],"_links":{"self":[{"href":"https:\/\/www.bachcelona.com\/es\/wp-json\/wp\/v2\/pages\/7388"}],"collection":[{"href":"https:\/\/www.bachcelona.com\/es\/wp-json\/wp\/v2\/pages"}],"about":[{"href":"https:\/\/www.bachcelona.com\/es\/wp-json\/wp\/v2\/types\/page"}],"author":[{"embeddable":true,"href":"https:\/\/www.bachcelona.com\/es\/wp-json\/wp\/v2\/users\/1"}],"replies":[{"embeddable":true,"href":"https:\/\/www.bachcelona.com\/es\/wp-json\/wp\/v2\/comments?post=7388"}],"version-history":[{"count":1,"href":"https:\/\/www.bachcelona.com\/es\/wp-json\/wp\/v2\/pages\/7388\/revisions"}],"predecessor-version":[{"id":7394,"href":"https:\/\/www.bachcelona.com\/es\/wp-json\/wp\/v2\/pages\/7388\/revisions\/7394"}],"wp:attachment":[{"href":"https:\/\/www.bachcelona.com\/es\/wp-json\/wp\/v2\/media?parent=7388"}],"curies":[{"name":"wp","href":"https:\/\/api.w.org\/{rel}","templated":true}]}}