{"id":7324,"date":"2020-12-23T12:04:57","date_gmt":"2020-12-23T12:04:57","guid":{"rendered":"http:\/\/212.129.56.154\/marti-donate\/"},"modified":"2025-12-11T21:01:51","modified_gmt":"2025-12-11T21:01:51","slug":"marti-donate","status":"publish","type":"page","link":"https:\/\/www.bachcelona.com\/es\/marti-donate\/","title":{"rendered":"Mart\u00ed Do\u00f1ate"},"content":{"rendered":"[vc_row full_width=\u00bbstretch_row_content_no_spaces\u00bb ult_hide_row=\u00bbult_hide_row_value\u00bb ult_hide_row_mobile=\u00bbmobile\u00bb ult_hide_row_mobile_large=\u00bbxl_mobile\u00bb css=\u00bb.vc_custom_1584652099598{padding-top: px !important;padding-right: 0px !important;padding-bottom: 0px !important;background: #8dd3cc url(http:\/\/www.bachcelona.com\/wp-content\/uploads\/2018\/05\/Green2.jpg?id=3201) !important;}\u00bb][vc_column css=\u00bb.vc_custom_1494496025351{padding-top: 0px !important;}\u00bb offset=\u00bbvc_hidden-xs\u00bb][vc_column_text css=\u00bb.vc_custom_1584892327702{padding-top: 6px !important;padding-right: 35px !important;padding-bottom: 6px !important;background-color: rgba(255,255,255,0.01) !important;*background-color: rgb(255,255,255) !important;}\u00bb]\n<h5 style=\"text-align: right;\"><span style=\"color: #000000;\"><a style=\"color: #000000;\" href=\"http:\/\/www.bachcelona.com\/\">CAT\u00a0<\/a><\/span><span style=\"color: #ff00ff;\"><span style=\"color: #ffffff;\"> |\u00a0<\/span>\u00a0<\/span><a href=\"http:\/\/www.bachcelona.com\/es\"><span style=\"color: #ffffff;\">CAS<\/span><\/a><span style=\"color: #ff00ff;\">\u00a0 <span style=\"color: #ffffff;\">| \u00a0<a style=\"color: #ffffff;\" href=\"http:\/\/www.bachcelona.com\/en\/\">ENG<\/a><\/span><\/span><\/h5>\n[\/vc_column_text][\/vc_column][\/vc_row][vc_row][vc_column offset=\u00bbvc_hidden-xs\u00bb][vc_empty_space height=\u00bb75&#8243;][\/vc_column][\/vc_row][vc_row full_width=\u00bbstretch_row_content_no_spaces\u00bb gap=\u00bb35&#8243; css=\u00bb.vc_custom_1584650599547{margin-top: 0px !important;padding-right: 0px !important;}\u00bb][vc_column width=\u00bb1\/12&#8243; css=\u00bb.vc_custom_1584650160678{margin-top: 0px !important;}\u00bb][\/vc_column][vc_column width=\u00bb4\/12&#8243; offset=\u00bbvc_col-lg-offset-0 vc_col-md-offset-0 vc_col-sm-offset-0&#8243;][vc_single_image image=\u00bb6515&#8243; img_size=\u00bbfull\u00bb alignment=\u00bbcenter\u00bb css=\u00bb.vc_custom_1608724975069{margin-top: 0px !important;}\u00bb][vc_raw_html][\/vc_raw_html][\/vc_column][vc_column width=\u00bb6\/12&#8243;][vc_row_inner][vc_column_inner width=\u00bb1\/12&#8243;][\/vc_column_inner][vc_column_inner width=\u00bb11\/12&#8243;][vc_column_text css=\u00bb.vc_custom_1608725092958{margin-top: 15px !important;}\u00bb]\n<h2>Mart\u00ed Do\u00f1ate<\/h2>\n<p>Es gradua a l\u2019ESMUC en Pedagogia, cursant cant amb Francesc Garrigosa, de qui actualment segueix rebent classes, i estudis de clarinet amb Xavier Castillo.<\/p>\n<p>Ha col\u00b7laborat amb el Cor Francesc Valls de la Catedral de Barcelona, Cor de Cambra del Palau de la M\u00fasica, Ensemble O vos Omnes, Lieder Camera, Capella de l\u2019Escolania de Montserrat, Cor Jove Nacional de Catalunya sota la direcci\u00f3 de Pere Llu\u00eds Biosca, Xavier Puig, Xavier Pastrana, Josep Vila i Llu\u00eds Vilamaj\u00f3.<\/p>\n<p>Actualment, forma part dels grups vocals Cor Cererols, De Canendi Elegantia i Bach Collegium Barcelona. Ha trav\u00e9s del treball en les obres de Bach el van portar a ser el guanyador de la Beca Bach 2019 per a joves solistes.<\/p>\n<p>Entre els seus futurs compromisos es troben una producci\u00f3 amb obres de Claudio Monteverdi amb la Jove Capella Reial dirigit per Llu\u00eds Vilamaj\u00f3 i la Missa en Si menor de Bach amb la Capella Reial de Catalunya, sota la direcci\u00f3 de Jordi Savall.[\/vc_column_text][vc_empty_space height=\u00bb15&#8243;][\/vc_column_inner][\/vc_row_inner][\/vc_column][vc_column width=\u00bb1\/12&#8243;][\/vc_column][\/vc_row][vc_row][vc_column offset=\u00bbvc_hidden-sm vc_hidden-xs\u00bb][vc_empty_space height=\u00bb100&#8243;][\/vc_column][\/vc_row]\n","protected":false},"excerpt":{"rendered":"<p>[vc_row full_width=\u00bbstretch_row_content_no_spaces\u00bb ult_hide_row=\u00bbult_hide_row_value\u00bb ult_hide_row_mobile=\u00bbmobile\u00bb ult_hide_row_mobile_large=\u00bbxl_mobile\u00bb css=\u00bb.vc_custom_1584652099598{padding-top: px !important;padding-right: 0px !important;padding-bottom: 0px !important;background: #8dd3cc url(http:\/\/www.bachcelona.com\/wp-content\/uploads\/2018\/05\/Green2.jpg?id=3201) !important;}\u00bb][vc_column css=\u00bb.vc_custom_1494496025351{padding-top: 0px !important;}\u00bb offset=\u00bbvc_hidden-xs\u00bb][vc_column_text css=\u00bb.vc_custom_1584892327702{padding-top: 6px !important;padding-right: 35px !important;padding-bottom: 6px !important;background-color: rgba(255,255,255,0.01) !important;*background-color: rgb(255,255,255) !important;}\u00bb] CAT\u00a0 |\u00a0\u00a0CAS\u00a0 | \u00a0ENG [\/vc_column_text][\/vc_column][\/vc_row][vc_row][vc_column offset=\u00bbvc_hidden-xs\u00bb][vc_empty_space height=\u00bb75&#8243;][\/vc_column][\/vc_row][vc_row full_width=\u00bbstretch_row_content_no_spaces\u00bb gap=\u00bb35&#8243; css=\u00bb.vc_custom_1584650599547{margin-top: 0px !important;padding-right: 0px !important;}\u00bb][vc_column width=\u00bb1\/12&#8243; css=\u00bb.vc_custom_1584650160678{margin-top: 0px !important;}\u00bb][\/vc_column][vc_column width=\u00bb4\/12&#8243; offset=\u00bbvc_col-lg-offset-0 vc_col-md-offset-0 vc_col-sm-offset-0&#8243;][vc_single_image image=\u00bb6515&#8243; img_size=\u00bbfull\u00bb alignment=\u00bbcenter\u00bb [&hellip;]<\/p>\n","protected":false},"author":1,"featured_media":0,"parent":0,"menu_order":2,"comment_status":"open","ping_status":"closed","template":"","meta":[],"aioseo_notices":[],"_links":{"self":[{"href":"https:\/\/www.bachcelona.com\/es\/wp-json\/wp\/v2\/pages\/7324"}],"collection":[{"href":"https:\/\/www.bachcelona.com\/es\/wp-json\/wp\/v2\/pages"}],"about":[{"href":"https:\/\/www.bachcelona.com\/es\/wp-json\/wp\/v2\/types\/page"}],"author":[{"embeddable":true,"href":"https:\/\/www.bachcelona.com\/es\/wp-json\/wp\/v2\/users\/1"}],"replies":[{"embeddable":true,"href":"https:\/\/www.bachcelona.com\/es\/wp-json\/wp\/v2\/comments?post=7324"}],"version-history":[{"count":5,"href":"https:\/\/www.bachcelona.com\/es\/wp-json\/wp\/v2\/pages\/7324\/revisions"}],"predecessor-version":[{"id":11635,"href":"https:\/\/www.bachcelona.com\/es\/wp-json\/wp\/v2\/pages\/7324\/revisions\/11635"}],"wp:attachment":[{"href":"https:\/\/www.bachcelona.com\/es\/wp-json\/wp\/v2\/media?parent=7324"}],"curies":[{"name":"wp","href":"https:\/\/api.w.org\/{rel}","templated":true}]}}