{"id":7320,"date":"2020-12-23T12:11:25","date_gmt":"2020-12-23T12:11:25","guid":{"rendered":"http:\/\/212.129.56.154\/daniel-folque\/"},"modified":"2025-12-11T21:06:50","modified_gmt":"2025-12-11T21:06:50","slug":"daniel-folque","status":"publish","type":"page","link":"https:\/\/www.bachcelona.com\/es\/daniel-folque\/","title":{"rendered":"Daniel Folqu\u00e9"},"content":{"rendered":"[vc_row full_width=\u00bbstretch_row_content_no_spaces\u00bb ult_hide_row=\u00bbult_hide_row_value\u00bb ult_hide_row_mobile=\u00bbmobile\u00bb ult_hide_row_mobile_large=\u00bbxl_mobile\u00bb css=\u00bb.vc_custom_1584652099598{padding-top: px !important;padding-right: 0px !important;padding-bottom: 0px !important;background: #8dd3cc url(http:\/\/www.bachcelona.com\/wp-content\/uploads\/2018\/05\/Green2.jpg?id=3201) !important;}\u00bb][vc_column css=\u00bb.vc_custom_1494496025351{padding-top: 0px !important;}\u00bb offset=\u00bbvc_hidden-xs\u00bb][vc_column_text css=\u00bb.vc_custom_1584892327702{padding-top: 6px !important;padding-right: 35px !important;padding-bottom: 6px !important;background-color: rgba(255,255,255,0.01) !important;*background-color: rgb(255,255,255) !important;}\u00bb]\n<h5 style=\"text-align: right;\"><span style=\"color: #000000;\"><a style=\"color: #000000;\" href=\"http:\/\/www.bachcelona.com\/\">CAT\u00a0<\/a><\/span><span style=\"color: #ff00ff;\"><span style=\"color: #ffffff;\"> |\u00a0<\/span>\u00a0<\/span><a href=\"http:\/\/www.bachcelona.com\/es\"><span style=\"color: #ffffff;\">CAS<\/span><\/a><span style=\"color: #ff00ff;\">\u00a0 <span style=\"color: #ffffff;\">| \u00a0<a style=\"color: #ffffff;\" href=\"http:\/\/www.bachcelona.com\/en\/\">ENG<\/a><\/span><\/span><\/h5>\n[\/vc_column_text][\/vc_column][\/vc_row][vc_row][vc_column offset=\u00bbvc_hidden-xs\u00bb][vc_empty_space height=\u00bb75&#8243;][\/vc_column][\/vc_row][vc_row full_width=\u00bbstretch_row_content_no_spaces\u00bb gap=\u00bb35&#8243; css=\u00bb.vc_custom_1584650599547{margin-top: 0px !important;padding-right: 0px !important;}\u00bb][vc_column width=\u00bb1\/12&#8243; css=\u00bb.vc_custom_1584650160678{margin-top: 0px !important;}\u00bb][\/vc_column][vc_column width=\u00bb4\/12&#8243; offset=\u00bbvc_col-lg-offset-0 vc_col-md-offset-0 vc_col-sm-offset-0&#8243;][vc_single_image image=\u00bb6520&#8243; img_size=\u00bbfull\u00bb alignment=\u00bbcenter\u00bb css=\u00bb.vc_custom_1608725421358{margin-top: 0px !important;}\u00bb][vc_raw_html][\/vc_raw_html][\/vc_column][vc_column width=\u00bb6\/12&#8243;][vc_row_inner][vc_column_inner width=\u00bb1\/12&#8243;][\/vc_column_inner][vc_column_inner width=\u00bb11\/12&#8243;][vc_column_text css=\u00bb.vc_custom_1608725391053{margin-top: 15px !important;}\u00bb]\n<h2>Daniel Folqu\u00e9<\/h2>\n<p>Es va iniciar en l&#8217;aprenentatge musical a l&#8217;Escolania de Montserrat sota la direcci\u00f3 de Joaquim Piqu\u00e9 i Bernat Vivancos. All\u00e0 va estudiar piano, viol\u00ed i cant, i va treballar amb directors com Sir Neville Marriner i va cantar en gires per Europa. Estudi\u00e0 Cant Cl\u00e0ssic i Contemporani a l&#8217;Escola Superior de M\u00fasica de Catalunya com a contratenor de la m\u00e0 de Mireia Pint\u00f3 i Cant Hist\u00f2ric amb Lambert Climent. Ha rebut tamb\u00e9 classes i consell de Carlos Mena, Miriam Feuersinger i Roberto Balconi, entre d\u2019altres. Ha estat becat per la Fundaci\u00f3 Vict\u00f2ria dels \u00c0ngels i ha participat en el Curs Internacional de Lied de Wolfram Rieger.<\/p>\n<p>Com a solista ha interpretat obres com Dido and Aeneas (Purcell), Selva Morale e Spirituale (Monteverdi), Magnificat (Bach) i Requiem (Mozart). Guanyador de la Beca Bach per a joves solistes de la fundaci\u00f3 Salvat, ha cantat com a alto solista les cantates BWV 12, 22, 23, 32, 44 i 150. Sota la direcci\u00f3 de V\u00e1clav Luks va donar forma al paper d\u2019H\u00e8rcules en la cantata secular BWV 213 en el concert inaugural del Festival Bachcelona. Ha treballat amb el Collegium Vocale Gent, l\u2019ensamble Daedalus, l\u2019ensemble O Vos Omnes, el Cor de Cambra Francesc Valls, el Cor de Cambra del Palau de la M\u00fasica i \u00e9s un membre fundador del Cor Cererols. Ha enregistrat projectes corals amb t\u00edtols com Cum Silentio amb el Cor Cererols i Epistulae ad Sagittarium amb l\u2019ensemble O Vos Omnes. Ha participat en el Festival de M\u00fasica Antiga d\u2019Utrecht, el festival de Rudolstadt i el festival Bachcelona.[\/vc_column_text][vc_empty_space height=\u00bb15&#8243;][\/vc_column_inner][\/vc_row_inner][\/vc_column][vc_column width=\u00bb1\/12&#8243;][\/vc_column][\/vc_row][vc_row][vc_column offset=\u00bbvc_hidden-sm vc_hidden-xs\u00bb][vc_empty_space height=\u00bb100&#8243;][\/vc_column][\/vc_row]\n","protected":false},"excerpt":{"rendered":"<p>[vc_row full_width=\u00bbstretch_row_content_no_spaces\u00bb ult_hide_row=\u00bbult_hide_row_value\u00bb ult_hide_row_mobile=\u00bbmobile\u00bb ult_hide_row_mobile_large=\u00bbxl_mobile\u00bb css=\u00bb.vc_custom_1584652099598{padding-top: px !important;padding-right: 0px !important;padding-bottom: 0px !important;background: #8dd3cc url(http:\/\/www.bachcelona.com\/wp-content\/uploads\/2018\/05\/Green2.jpg?id=3201) !important;}\u00bb][vc_column css=\u00bb.vc_custom_1494496025351{padding-top: 0px !important;}\u00bb offset=\u00bbvc_hidden-xs\u00bb][vc_column_text css=\u00bb.vc_custom_1584892327702{padding-top: 6px !important;padding-right: 35px !important;padding-bottom: 6px !important;background-color: rgba(255,255,255,0.01) !important;*background-color: rgb(255,255,255) !important;}\u00bb] CAT\u00a0 |\u00a0\u00a0CAS\u00a0 | \u00a0ENG [\/vc_column_text][\/vc_column][\/vc_row][vc_row][vc_column offset=\u00bbvc_hidden-xs\u00bb][vc_empty_space height=\u00bb75&#8243;][\/vc_column][\/vc_row][vc_row full_width=\u00bbstretch_row_content_no_spaces\u00bb gap=\u00bb35&#8243; css=\u00bb.vc_custom_1584650599547{margin-top: 0px !important;padding-right: 0px !important;}\u00bb][vc_column width=\u00bb1\/12&#8243; css=\u00bb.vc_custom_1584650160678{margin-top: 0px !important;}\u00bb][\/vc_column][vc_column width=\u00bb4\/12&#8243; offset=\u00bbvc_col-lg-offset-0 vc_col-md-offset-0 vc_col-sm-offset-0&#8243;][vc_single_image image=\u00bb6520&#8243; img_size=\u00bbfull\u00bb alignment=\u00bbcenter\u00bb [&hellip;]<\/p>\n","protected":false},"author":1,"featured_media":0,"parent":0,"menu_order":2,"comment_status":"open","ping_status":"closed","template":"","meta":[],"aioseo_notices":[],"_links":{"self":[{"href":"https:\/\/www.bachcelona.com\/es\/wp-json\/wp\/v2\/pages\/7320"}],"collection":[{"href":"https:\/\/www.bachcelona.com\/es\/wp-json\/wp\/v2\/pages"}],"about":[{"href":"https:\/\/www.bachcelona.com\/es\/wp-json\/wp\/v2\/types\/page"}],"author":[{"embeddable":true,"href":"https:\/\/www.bachcelona.com\/es\/wp-json\/wp\/v2\/users\/1"}],"replies":[{"embeddable":true,"href":"https:\/\/www.bachcelona.com\/es\/wp-json\/wp\/v2\/comments?post=7320"}],"version-history":[{"count":7,"href":"https:\/\/www.bachcelona.com\/es\/wp-json\/wp\/v2\/pages\/7320\/revisions"}],"predecessor-version":[{"id":12051,"href":"https:\/\/www.bachcelona.com\/es\/wp-json\/wp\/v2\/pages\/7320\/revisions\/12051"}],"wp:attachment":[{"href":"https:\/\/www.bachcelona.com\/es\/wp-json\/wp\/v2\/media?parent=7320"}],"curies":[{"name":"wp","href":"https:\/\/api.w.org\/{rel}","templated":true}]}}