{"id":6465,"date":"2020-12-16T20:25:38","date_gmt":"2020-12-16T20:25:38","guid":{"rendered":"http:\/\/212.129.56.154\/fundacio\/"},"modified":"2021-08-05T22:33:38","modified_gmt":"2021-08-05T22:33:38","slug":"fundacion","status":"publish","type":"page","link":"https:\/\/www.bachcelona.com\/es\/fundacion\/","title":{"rendered":"FUNDACI\u00d3N"},"content":{"rendered":"[vc_row full_width=\u00bbstretch_row_content_no_spaces\u00bb css=\u00bb.vc_custom_1612202884352{margin-bottom: 0px !important;padding-top: px !important;padding-right: 0px !important;padding-bottom: 0px !important;}\u00bb el_class=\u00bbbar-language\u00bb][vc_column css=\u00bb.vc_custom_1612180516486{margin-bottom: 0px !important;padding-top: 0px !important;padding-right: 32px !important;padding-bottom: 0px !important;}\u00bb offset=\u00bbvc_col-xs-12 vc_hidden-xs\u00bb][vc_custom_heading text=\u00bb`{`wpml_language_selector_widget`}`\u00bb font_container=\u00bbtag:h5|font_size:12px|text_align:right\u00bb use_theme_fonts=\u00bbyes\u00bb css=\u00bb.vc_custom_1612179881970{margin-bottom: 0px !important;padding-top: 5px !important;padding-bottom: 5px !important;}\u00bb][\/vc_column][\/vc_row][vc_row full_width=\u00bbstretch_row_content_no_spaces\u00bb css=\u00bb.vc_custom_1612202897517{margin-bottom: 0px !important;padding-top: px !important;padding-right: 0px !important;padding-bottom: 0px !important;}\u00bb el_class=\u00bbbar-language\u00bb][vc_column css=\u00bb.vc_custom_1612180406598{margin-bottom: 0px !important;padding-top: 0px !important;padding-bottom: 0px !important;}\u00bb offset=\u00bbvc_hidden-lg vc_hidden-md vc_hidden-sm vc_col-xs-12&#8243;][vc_custom_heading text=\u00bb`{`wpml_language_selector_widget`}`\u00bb font_container=\u00bbtag:h5|font_size:12px|text_align:center\u00bb use_theme_fonts=\u00bbyes\u00bb css=\u00bb.vc_custom_1612180415270{margin-bottom: 0px !important;padding-top: 5px !important;padding-bottom: 5px !important;}\u00bb][\/vc_column][\/vc_row][vc_row css=\u00bb.vc_custom_1495670537430{background-color: rgba(255,255,255,0.01) !important;*background-color: rgb(255,255,255) !important;}\u00bb][vc_column offset=\u00bbvc_hidden-lg vc_hidden-md vc_hidden-sm vc_hidden-xs\u00bb][vc_empty_space height=\u00bb100&#8243;][vc_empty_space height=\u00bb50px\u00bb][\/vc_column][\/vc_row][vc_row][vc_column][vc_empty_space height=\u00bb80&#8243;][\/vc_column][\/vc_row][vc_row css=\u00bb.vc_custom_1495670587854{background-color: rgba(255,255,255,0.01) !important;*background-color: rgb(255,255,255) !important;}\u00bb][vc_column][vc_column_text]\n<h1>FUNDACI\u00d3N<strong> BACH<\/strong>CELONA<\/h1>\n[\/vc_column_text][vc_empty_space height=\u00bb40&#8243;][vc_column_text]La <strong>Fundaci\u00f3n Bachcelona<\/strong>, conocida como Fundaci\u00f3n BZM de 2013 a 2020, es la entidad que organiza y gestiona el <strong>Festival Bachcelona<\/strong>.<\/p>\n<p>Somos una entidad sin \u00e1nimo de lucro que en el marco del Festival Bachcelona fomenta las <strong>propuestas participativas<\/strong>, las <strong>actividades divulgativas<\/strong> y tambi\u00e9n <strong>apoya al joven talento<\/strong> promoviendo interacciones con prestigiosos int\u00e9rpretes, como <strong>Ton Koopman<\/strong> o <strong>Shunske Sato<\/strong>. Estas experiencias permiten a los j\u00f3venes m\u00fasicos acceder a nuevos circuitos profesionales a los que de otro modo no tendr\u00edan opci\u00f3n de incorporarse. En esta misma l\u00ednea, en 2014 se cre\u00f3 la <strong>Salvat<\/strong>\u00a0<strong>Beca Bach<\/strong>, un proyecto que actualmente goza de una gran repercusi\u00f3n.<\/p>\n<p>Por otro lado, la Fundaci\u00f3n Bachcelona, en su af\u00e1n de <strong>confluencia con otras disciplinas art\u00edsticas<\/strong>, colabora anualmente con un <strong>reconocido artista pl\u00e1stico<\/strong> que crea la identidad gr\u00e1fica del Festival. Hasta ahora hemos trabajado con artistas de trayectorias muy consolidadas, como <strong>Tom Carr, Marta Montcada, Perico Pastor, Carme Miquel, Susana Solano y Perejaume.<\/strong><\/p>\n<p>Esta labor es posible gracias a todas las instituciones y entidades que colaboran en ella y, principalmente, a los particulares y las empresas que con sus aportaciones voluntarias permiten que este proyecto sea una realidad.<\/p>\n<p>Durante los <strong>8\u00a0a\u00f1os del Festival Bachcelona<\/strong>, hemos organizado<strong> m\u00e1s de 50\u00a0actividades participativas<\/strong>, hemos ofrecido <strong>m\u00e1s de 150\u00a0conciertos<\/strong> (involucrando a entidades de la ciudad y presentado formatos innovadores) y hemos gestionado <strong>m\u00e1s de 25\u00a0becas<\/strong> para j\u00f3venes solistas.[\/vc_column_text][vc_empty_space height=\u00bb15&#8243;][vc_btn title=\u00bbFORMA PARTE DE LA FUNDACI\u00d3N\u00bb shape=\u00bbsquare\u00bb color=\u00bbturquoise\u00bb link=\u00bburl:https%3A%2F%2Fwww.bachcelona.com%2Fes%2Fpatronos%2F|title:Patronos|target:_blank\u00bb el_class=\u00bbboto-entrades\u00bb][vc_empty_space height=\u00bb30&#8243;][vc_column_text]Te animamos a que pases de espectador a formar parte de nuestra Fundaci\u00f3n y a que nos acompa\u00f1es para <strong>conseguir que la cultura sea un derecho<\/strong> fundamental en el siglo XXI.<\/p>\n<p>Si nos quieres conocer mejor, escr\u00edbenos a<a href=\"mailto:fundacio@bachcelona.com\"> <strong>fundacio@bachcelona.com<\/strong><\/a>[\/vc_column_text][vc_empty_space height=\u00bb40&#8243;][vc_single_image image=\u00bb6439&#8243; img_size=\u00bblarge\u00bb add_caption=\u00bbyes\u00bb][vc_empty_space height=\u00bb15&#8243;][vc_column_text]\u00a9 Perico Pastor[\/vc_column_text][vc_empty_space height=\u00bb80px\u00bb][\/vc_column][\/vc_row]\n","protected":false},"excerpt":{"rendered":"<p>[vc_row full_width=\u00bbstretch_row_content_no_spaces\u00bb css=\u00bb.vc_custom_1612202884352{margin-bottom: 0px !important;padding-top: px !important;padding-right: 0px !important;padding-bottom: 0px !important;}\u00bb el_class=\u00bbbar-language\u00bb][vc_column css=\u00bb.vc_custom_1612180516486{margin-bottom: 0px !important;padding-top: 0px !important;padding-right: 32px !important;padding-bottom: 0px !important;}\u00bb offset=\u00bbvc_col-xs-12 vc_hidden-xs\u00bb][vc_custom_heading text=\u00bb`{`wpml_language_selector_widget`}`\u00bb font_container=\u00bbtag:h5|font_size:12px|text_align:right\u00bb use_theme_fonts=\u00bbyes\u00bb css=\u00bb.vc_custom_1612179881970{margin-bottom: 0px !important;padding-top: 5px !important;padding-bottom: 5px !important;}\u00bb][\/vc_column][\/vc_row][vc_row full_width=\u00bbstretch_row_content_no_spaces\u00bb css=\u00bb.vc_custom_1612202897517{margin-bottom: 0px !important;padding-top: px !important;padding-right: 0px !important;padding-bottom: 0px !important;}\u00bb el_class=\u00bbbar-language\u00bb][vc_column css=\u00bb.vc_custom_1612180406598{margin-bottom: 0px !important;padding-top: 0px !important;padding-bottom: 0px !important;}\u00bb offset=\u00bbvc_hidden-lg vc_hidden-md vc_hidden-sm vc_col-xs-12&#8243;][vc_custom_heading [&hellip;]<\/p>\n","protected":false},"author":1,"featured_media":0,"parent":0,"menu_order":19,"comment_status":"open","ping_status":"closed","template":"","meta":[],"aioseo_notices":[],"_links":{"self":[{"href":"https:\/\/www.bachcelona.com\/es\/wp-json\/wp\/v2\/pages\/6465"}],"collection":[{"href":"https:\/\/www.bachcelona.com\/es\/wp-json\/wp\/v2\/pages"}],"about":[{"href":"https:\/\/www.bachcelona.com\/es\/wp-json\/wp\/v2\/types\/page"}],"author":[{"embeddable":true,"href":"https:\/\/www.bachcelona.com\/es\/wp-json\/wp\/v2\/users\/1"}],"replies":[{"embeddable":true,"href":"https:\/\/www.bachcelona.com\/es\/wp-json\/wp\/v2\/comments?post=6465"}],"version-history":[{"count":5,"href":"https:\/\/www.bachcelona.com\/es\/wp-json\/wp\/v2\/pages\/6465\/revisions"}],"predecessor-version":[{"id":9139,"href":"https:\/\/www.bachcelona.com\/es\/wp-json\/wp\/v2\/pages\/6465\/revisions\/9139"}],"wp:attachment":[{"href":"https:\/\/www.bachcelona.com\/es\/wp-json\/wp\/v2\/media?parent=6465"}],"curies":[{"name":"wp","href":"https:\/\/api.w.org\/{rel}","templated":true}]}}