{"id":1935,"date":"2016-05-15T11:19:33","date_gmt":"2016-05-15T11:19:33","guid":{"rendered":"http:\/\/212.129.56.154\/es\/kinderbach\/"},"modified":"2021-05-29T08:10:11","modified_gmt":"2021-05-29T08:10:11","slug":"bach-en-la-merce","status":"publish","type":"page","link":"https:\/\/www.bachcelona.com\/es\/bach-en-la-merce\/","title":{"rendered":"BACH EN LA MERC\u00c9"},"content":{"rendered":"[vc_row full_width=\u00bbstretch_row_content_no_spaces\u00bb ult_hide_row=\u00bbult_hide_row_value\u00bb ult_hide_row_mobile=\u00bbmobile\u00bb ult_hide_row_mobile_large=\u00bbxl_mobile\u00bb css=\u00bb.vc_custom_1584652099598{padding-top: px !important;padding-right: 0px !important;padding-bottom: 0px !important;background: #8dd3cc url(http:\/\/www.bachcelona.com\/wp-content\/uploads\/2018\/05\/Green2.jpg?id=3201) !important;}\u00bb][vc_column css=\u00bb.vc_custom_1494496025351{padding-top: 0px !important;}\u00bb offset=\u00bbvc_hidden-xs\u00bb][vc_column_text css=\u00bb.vc_custom_1584895020562{padding-top: 6px !important;padding-right: 35px !important;padding-bottom: 6px !important;background-color: rgba(255,255,255,0.01) !important;*background-color: rgb(255,255,255) !important;}\u00bb]\n<h5 style=\"text-align: right;\"><span style=\"color: #000000;\"><a style=\"color: #000000;\" href=\"http:\/\/www.bachcelona.com\/\"><span style=\"color: #ffffff;\">CAT\u00a0<\/span><\/a><\/span><span style=\"color: #ff00ff;\"><span style=\"color: #ffffff;\"> |\u00a0<\/span>\u00a0<\/span><span style=\"color: #000000;\"><a style=\"color: #000000;\" href=\"http:\/\/www.bachcelona.com\/es\">CAS<\/a><\/span><span style=\"color: #ff00ff;\"><span style=\"color: #000000;\">\u00a0<\/span> <span style=\"color: #ffffff;\">| \u00a0<a style=\"color: #ffffff;\" href=\"http:\/\/www.bachcelona.com\/en\/\">ENG<\/a><\/span><\/span><\/h5>\n[\/vc_column_text][\/vc_column][\/vc_row][vc_row][vc_column offset=\u00bbvc_hidden-xs\u00bb][vc_empty_space height=\u00bb75&#8243;][\/vc_column][\/vc_row][vc_row full_width=\u00bbstretch_row_content_no_spaces\u00bb gap=\u00bb35&#8243; css=\u00bb.vc_custom_1584650599547{margin-top: 0px !important;padding-right: 0px !important;}\u00bb][vc_column width=\u00bb1\/12&#8243; css=\u00bb.vc_custom_1584650160678{margin-top: 0px !important;}\u00bb][\/vc_column][vc_column width=\u00bb4\/12&#8243; offset=\u00bbvc_col-lg-offset-0 vc_col-md-offset-0 vc_col-sm-offset-0&#8243;][vc_single_image image=\u00bb5266&#8243; img_size=\u00bbfull\u00bb alignment=\u00bbcenter\u00bb css=\u00bb.vc_custom_1584891557777{margin-top: 0px !important;}\u00bb][vc_raw_html][\/vc_raw_html][\/vc_column][vc_column width=\u00bb6\/12&#8243;][vc_row_inner][vc_column_inner width=\u00bb1\/12&#8243;][\/vc_column_inner][vc_column_inner width=\u00bb11\/12&#8243;][vc_column_text]\n<h6>S\u00e1bado 4 de julio<\/h6>\n<h1><strong>BACH<\/strong> A LA MERC\u00c8<\/h1>\n<h6>12.00 H Bas\u00edlica de la Merc\u00e9<\/h6>\n[\/vc_column_text][vc_column_text css=\u00bb.vc_custom_1584985510801{margin-top: 15px !important;}\u00bb]\n<h2>Organistas de la ESMUC<\/h2>\n<p>Resiguiendo la relaci\u00f3n entre Bach y Mendelssohn, nos centramos ahora en aquellas obras para \u00f3rgano que tuvieron una influencia m\u00e1s expl\u00edcita en el compositor rom\u00e1ntico, como por ejemplo, la Passacaglia en do menor. Adem\u00e1s, muchas de las excepcionales piezas de juventud de Mendelssohn que podremos escuchar son in\u00e9ditas y no tenemos constancia de que se hayan interpretado antes en Barcelona.<\/p>\n<p>Asimismo, este concierto nos permitir\u00e1 disfrutar del nuevo \u00f3rgano de la Bas\u00edlica de la Merc\u00e9. Construido por Grenzing, es un instrumento \u00fanico por sus dimensiones, por su riqueza de registros y por la ac\u00fastica incomparable de la iglesia que lo acoge.<\/p>\n<p><em>Organistas:<\/em><strong> Pedro Aguil\u00f3, Jaime Gonz\u00e1lez-Sierra, V\u00edctor Hern\u00e1ndez y Berenguer Montserrat<\/strong><\/p>\n<p><strong>Entrada libre con reserva previa<\/strong>[\/vc_column_text][vc_empty_space height=\u00bb15&#8243;][vc_btn title=\u00bbENTRADAS\u00bb shape=\u00bbsquare\u00bb color=\u00bbturquoise\u00bb align=\u00bbleft\u00bb link=\u00bburl:https%3A%2F%2Ffundaciobzm.koobin.com%2F|||\u00bb css=\u00bb.vc_custom_1584985591033{background-color: rgba(32,229,193,0.01) !important;*background-color: rgb(32,229,193) !important;}\u00bb el_class=\u00bbboto-entrades\u00bb][\/vc_column_inner][\/vc_row_inner][\/vc_column][vc_column width=\u00bb1\/12&#8243;][\/vc_column][\/vc_row][vc_row][vc_column offset=\u00bbvc_hidden-sm vc_hidden-xs\u00bb][vc_empty_space height=\u00bb100&#8243;][\/vc_column][\/vc_row]\n","protected":false},"excerpt":{"rendered":"<p>[vc_row full_width=\u00bbstretch_row_content_no_spaces\u00bb ult_hide_row=\u00bbult_hide_row_value\u00bb ult_hide_row_mobile=\u00bbmobile\u00bb ult_hide_row_mobile_large=\u00bbxl_mobile\u00bb css=\u00bb.vc_custom_1584652099598{padding-top: px !important;padding-right: 0px !important;padding-bottom: 0px !important;background: #8dd3cc url(http:\/\/www.bachcelona.com\/wp-content\/uploads\/2018\/05\/Green2.jpg?id=3201) !important;}\u00bb][vc_column css=\u00bb.vc_custom_1494496025351{padding-top: 0px !important;}\u00bb offset=\u00bbvc_hidden-xs\u00bb][vc_column_text css=\u00bb.vc_custom_1584895020562{padding-top: 6px !important;padding-right: 35px !important;padding-bottom: 6px !important;background-color: rgba(255,255,255,0.01) !important;*background-color: rgb(255,255,255) !important;}\u00bb] CAT\u00a0 |\u00a0\u00a0CAS\u00a0 | \u00a0ENG [\/vc_column_text][\/vc_column][\/vc_row][vc_row][vc_column offset=\u00bbvc_hidden-xs\u00bb][vc_empty_space height=\u00bb75&#8243;][\/vc_column][\/vc_row][vc_row full_width=\u00bbstretch_row_content_no_spaces\u00bb gap=\u00bb35&#8243; css=\u00bb.vc_custom_1584650599547{margin-top: 0px !important;padding-right: 0px !important;}\u00bb][vc_column width=\u00bb1\/12&#8243; css=\u00bb.vc_custom_1584650160678{margin-top: 0px !important;}\u00bb][\/vc_column][vc_column width=\u00bb4\/12&#8243; offset=\u00bbvc_col-lg-offset-0 vc_col-md-offset-0 vc_col-sm-offset-0&#8243;][vc_single_image image=\u00bb5266&#8243; img_size=\u00bbfull\u00bb alignment=\u00bbcenter\u00bb [&hellip;]<\/p>\n","protected":false},"author":1,"featured_media":0,"parent":0,"menu_order":2,"comment_status":"open","ping_status":"closed","template":"","meta":[],"aioseo_notices":[],"_links":{"self":[{"href":"https:\/\/www.bachcelona.com\/es\/wp-json\/wp\/v2\/pages\/1935"}],"collection":[{"href":"https:\/\/www.bachcelona.com\/es\/wp-json\/wp\/v2\/pages"}],"about":[{"href":"https:\/\/www.bachcelona.com\/es\/wp-json\/wp\/v2\/types\/page"}],"author":[{"embeddable":true,"href":"https:\/\/www.bachcelona.com\/es\/wp-json\/wp\/v2\/users\/1"}],"replies":[{"embeddable":true,"href":"https:\/\/www.bachcelona.com\/es\/wp-json\/wp\/v2\/comments?post=1935"}],"version-history":[{"count":3,"href":"https:\/\/www.bachcelona.com\/es\/wp-json\/wp\/v2\/pages\/1935\/revisions"}],"predecessor-version":[{"id":8771,"href":"https:\/\/www.bachcelona.com\/es\/wp-json\/wp\/v2\/pages\/1935\/revisions\/8771"}],"wp:attachment":[{"href":"https:\/\/www.bachcelona.com\/es\/wp-json\/wp\/v2\/media?parent=1935"}],"curies":[{"name":"wp","href":"https:\/\/api.w.org\/{rel}","templated":true}]}}