{"id":12014,"date":"2025-01-26T11:04:16","date_gmt":"2025-01-26T11:04:16","guid":{"rendered":"https:\/\/www.bachcelona.com\/hector-ruiz\/"},"modified":"2025-01-26T11:35:25","modified_gmt":"2025-01-26T11:35:25","slug":"hector-ruiz","status":"publish","type":"page","link":"https:\/\/www.bachcelona.com\/es\/hector-ruiz\/","title":{"rendered":"H\u00e9ctor Ruiz"},"content":{"rendered":"[vc_row full_width=\u00bbstretch_row_content_no_spaces\u00bb css=\u00bb.vc_custom_1612202897517{margin-bottom: 0px !important;padding-top: px !important;padding-right: 0px !important;padding-bottom: 0px !important;}\u00bb el_class=\u00bbbar-language\u00bb][vc_column css=\u00bb.vc_custom_1612180406598{margin-bottom: 0px !important;padding-top: 0px !important;padding-bottom: 0px !important;}\u00bb offset=\u00bbvc_hidden-lg vc_hidden-md vc_hidden-sm vc_col-xs-12&#8243;][vc_custom_heading text=\u00bb`{`wpml_language_selector_widget`}`\u00bb font_container=\u00bbtag:h5|font_size:12px|text_align:center\u00bb use_theme_fonts=\u00bbyes\u00bb css=\u00bb.vc_custom_1612180415270{margin-bottom: 0px !important;padding-top: 5px !important;padding-bottom: 5px !important;}\u00bb][\/vc_column][\/vc_row][vc_row full_width=\u00bbstretch_row_content_no_spaces\u00bb css=\u00bb.vc_custom_1612202884352{margin-bottom: 0px !important;padding-top: px !important;padding-right: 0px !important;padding-bottom: 0px !important;}\u00bb el_class=\u00bbbar-language\u00bb][vc_column css=\u00bb.vc_custom_1612180516486{margin-bottom: 0px !important;padding-top: 0px !important;padding-right: 32px !important;padding-bottom: 0px !important;}\u00bb offset=\u00bbvc_col-xs-12 vc_hidden-xs\u00bb][vc_custom_heading text=\u00bb`{`wpml_language_selector_widget`}`\u00bb font_container=\u00bbtag:h5|font_size:12px|text_align:right\u00bb use_theme_fonts=\u00bbyes\u00bb css=\u00bb.vc_custom_1612179881970{margin-bottom: 0px !important;padding-top: 5px !important;padding-bottom: 5px !important;}\u00bb][\/vc_column][\/vc_row][vc_row][vc_column offset=\u00bbvc_hidden-xs\u00bb][vc_empty_space height=\u00bb75&#8243;][\/vc_column][\/vc_row][vc_row full_width=\u00bbstretch_row_content_no_spaces\u00bb gap=\u00bb35&#8243; css=\u00bb.vc_custom_1584650599547{margin-top: 0px !important;padding-right: 0px !important;}\u00bb][vc_column width=\u00bb1\/12&#8243; css=\u00bb.vc_custom_1584650160678{margin-top: 0px !important;}\u00bb][\/vc_column][vc_column width=\u00bb4\/12&#8243; offset=\u00bbvc_col-lg-offset-0 vc_col-md-offset-0 vc_col-sm-offset-0&#8243;][vc_single_image image=\u00bb11987&#8243; img_size=\u00bbfull\u00bb alignment=\u00bbcenter\u00bb css=\u00bb.vc_custom_1737889132841{margin-top: 0px !important;}\u00bb][vc_raw_html][\/vc_raw_html][\/vc_column][vc_column width=\u00bb6\/12&#8243;][vc_row_inner][vc_column_inner width=\u00bb1\/12&#8243;][\/vc_column_inner][vc_column_inner width=\u00bb11\/12&#8243;][vc_column_text css=\u00bb.vc_custom_1737889203337{margin-top: 15px !important;}\u00bb]\n<h2>H\u00e9ctor Ruiz, <em>tenor<\/em><\/h2>\n<p>El joven tenor H\u00e9ctor Ruiz Vilches (Valencia, 2001) comienza sus estudios musicales en la Escolan\u00eda de Valencia, donde es uno de los principales solistas teniendo la  oportunidad de debutar el rol de Trujam\u00e1n de Manuel de Falla con 12 a\u00f1os en el Palau de les Arts.<\/p>\n<p>Luego se forma vocalmente con Em\u00edlia Onrubia y obtiene el Premio Extraordinario de la Generalitat Valenciana por su brillante expediente en el Conservatorio Profesional de M\u00fasica de Valencia. En 2024 finaliza sus estudios en el conservatorio del Liceu de Barcelona con Joan Mart\u00edn-Royo como profesor de t\u00e9cnica vocal, Soojeong Joo como repertorista y obtiene con Siena Ensemble el Premio Extraordinario de fin de grado en la especialidad de m\u00fasica de c\u00e1mara. A lo largo de estos a\u00f1os en el conservatorio ha representado los roles mozartianos de Don Basilio, Don Curzio (CSMV, 2021), Ferrando (Conservatorio Liceo, 2022) y ha sido solista en otros muchos proyectos del conservatorio.<br \/>\nAdem\u00e1s, la temporada 23-24 cant\u00f3 como solista el R\u00e9quiem de Mozart en el Palau de<br \/>\nla M\u00fasica Catalana bajo la direcci\u00f3n de Xavier Puig y el Mes\u00edas de H\u00e4ndel con la Orquesta Joven de Cerdanyola del Vall\u00e8s. Tambi\u00e9n particip\u00f3 en el festival Bachcelona con el Cor Bachcelona Akademie, dirigido por Llu\u00eds Vilamaj\u00f3, en el festival Early Music Morella, con la Academia Vocal de Capilla de Ministrers, dirigida por Marco Garc\u00eda de Paz y en el festival franc\u00e9s Nuits Musicales de Armagnac como solista becado recibiendo clases del bar\u00edtono Didier Laclavo-Barr\u00e8re.<\/p>\n<p>La presente temporada ha cantado en el festival Life Victoria en el apartado de Life new artists y ha estado galardonado con la Salvat Beca Bach 2025. Actualmente completa su formaci\u00f3n cursando el m\u00e1ster de lied \u201cVictoria de los \u00c1ngeles\u201d en ESMUC y colabora asiduamente con los coros m\u00e1s importantes de Catalu\u00f1a como ahora bien, el Coro de Gran Teatro del Liceo, Cor de C\u00e1mara del Palau o Capilla Real de Catalu\u00f1a.<br \/>\n[\/vc_column_text][vc_empty_space height=\u00bb15&#8243;][\/vc_column_inner][\/vc_row_inner][\/vc_column][vc_column width=\u00bb1\/12&#8243;][\/vc_column][\/vc_row][vc_row][vc_column offset=\u00bbvc_hidden-sm vc_hidden-xs\u00bb][vc_empty_space height=\u00bb100&#8243;][\/vc_column][\/vc_row]\n","protected":false},"excerpt":{"rendered":"<p>[vc_row full_width=\u00bbstretch_row_content_no_spaces\u00bb css=\u00bb.vc_custom_1612202897517{margin-bottom: 0px !important;padding-top: px !important;padding-right: 0px !important;padding-bottom: 0px !important;}\u00bb el_class=\u00bbbar-language\u00bb][vc_column css=\u00bb.vc_custom_1612180406598{margin-bottom: 0px !important;padding-top: 0px !important;padding-bottom: 0px !important;}\u00bb offset=\u00bbvc_hidden-lg vc_hidden-md vc_hidden-sm vc_col-xs-12&#8243;][vc_custom_heading text=\u00bb`{`wpml_language_selector_widget`}`\u00bb font_container=\u00bbtag:h5|font_size:12px|text_align:center\u00bb use_theme_fonts=\u00bbyes\u00bb css=\u00bb.vc_custom_1612180415270{margin-bottom: 0px !important;padding-top: 5px !important;padding-bottom: 5px !important;}\u00bb][\/vc_column][\/vc_row][vc_row full_width=\u00bbstretch_row_content_no_spaces\u00bb css=\u00bb.vc_custom_1612202884352{margin-bottom: 0px !important;padding-top: px !important;padding-right: 0px !important;padding-bottom: 0px !important;}\u00bb el_class=\u00bbbar-language\u00bb][vc_column css=\u00bb.vc_custom_1612180516486{margin-bottom: 0px !important;padding-top: 0px !important;padding-right: 32px !important;padding-bottom: 0px !important;}\u00bb offset=\u00bbvc_col-xs-12 vc_hidden-xs\u00bb][vc_custom_heading [&hellip;]<\/p>\n","protected":false},"author":1,"featured_media":0,"parent":0,"menu_order":1,"comment_status":"open","ping_status":"closed","template":"","meta":[],"aioseo_notices":[],"_links":{"self":[{"href":"https:\/\/www.bachcelona.com\/es\/wp-json\/wp\/v2\/pages\/12014"}],"collection":[{"href":"https:\/\/www.bachcelona.com\/es\/wp-json\/wp\/v2\/pages"}],"about":[{"href":"https:\/\/www.bachcelona.com\/es\/wp-json\/wp\/v2\/types\/page"}],"author":[{"embeddable":true,"href":"https:\/\/www.bachcelona.com\/es\/wp-json\/wp\/v2\/users\/1"}],"replies":[{"embeddable":true,"href":"https:\/\/www.bachcelona.com\/es\/wp-json\/wp\/v2\/comments?post=12014"}],"version-history":[{"count":3,"href":"https:\/\/www.bachcelona.com\/es\/wp-json\/wp\/v2\/pages\/12014\/revisions"}],"predecessor-version":[{"id":12017,"href":"https:\/\/www.bachcelona.com\/es\/wp-json\/wp\/v2\/pages\/12014\/revisions\/12017"}],"wp:attachment":[{"href":"https:\/\/www.bachcelona.com\/es\/wp-json\/wp\/v2\/media?parent=12014"}],"curies":[{"name":"wp","href":"https:\/\/api.w.org\/{rel}","templated":true}]}}