{"id":11585,"date":"2024-03-23T23:19:29","date_gmt":"2024-03-23T23:19:29","guid":{"rendered":"https:\/\/www.bachcelona.com\/matthias-dahling\/"},"modified":"2025-12-11T21:32:22","modified_gmt":"2025-12-11T21:32:22","slug":"matthias-dahling","status":"publish","type":"page","link":"https:\/\/www.bachcelona.com\/es\/matthias-dahling\/","title":{"rendered":"Matthias D\u00e4hling"},"content":{"rendered":"[vc_row full_width=\u00bbstretch_row_content_no_spaces\u00bb css=\u00bb.vc_custom_1612202897517{margin-bottom: 0px !important;padding-top: px !important;padding-right: 0px !important;padding-bottom: 0px !important;}\u00bb el_class=\u00bbbar-language\u00bb][vc_column css=\u00bb.vc_custom_1612180406598{margin-bottom: 0px !important;padding-top: 0px !important;padding-bottom: 0px !important;}\u00bb offset=\u00bbvc_hidden-lg vc_hidden-md vc_hidden-sm vc_col-xs-12&#8243;][vc_custom_heading text=\u00bb`{`wpml_language_selector_widget`}`\u00bb font_container=\u00bbtag:h5|font_size:12px|text_align:center\u00bb use_theme_fonts=\u00bbyes\u00bb css=\u00bb.vc_custom_1612180415270{margin-bottom: 0px !important;padding-top: 5px !important;padding-bottom: 5px !important;}\u00bb][\/vc_column][\/vc_row][vc_row full_width=\u00bbstretch_row_content_no_spaces\u00bb css=\u00bb.vc_custom_1612202884352{margin-bottom: 0px !important;padding-top: px !important;padding-right: 0px !important;padding-bottom: 0px !important;}\u00bb el_class=\u00bbbar-language\u00bb][vc_column css=\u00bb.vc_custom_1612180516486{margin-bottom: 0px !important;padding-top: 0px !important;padding-right: 32px !important;padding-bottom: 0px !important;}\u00bb offset=\u00bbvc_col-xs-12 vc_hidden-xs\u00bb][vc_custom_heading text=\u00bb`{`wpml_language_selector_widget`}`\u00bb font_container=\u00bbtag:h5|font_size:12px|text_align:right\u00bb use_theme_fonts=\u00bbyes\u00bb css=\u00bb.vc_custom_1612179881970{margin-bottom: 0px !important;padding-top: 5px !important;padding-bottom: 5px !important;}\u00bb][\/vc_column][\/vc_row][vc_row][vc_column offset=\u00bbvc_hidden-xs\u00bb][vc_empty_space height=\u00bb75&#8243;][\/vc_column][\/vc_row][vc_row full_width=\u00bbstretch_row_content_no_spaces\u00bb gap=\u00bb35&#8243; css=\u00bb.vc_custom_1584650599547{margin-top: 0px !important;padding-right: 0px !important;}\u00bb][vc_column width=\u00bb1\/12&#8243; css=\u00bb.vc_custom_1584650160678{margin-top: 0px !important;}\u00bb][\/vc_column][vc_column width=\u00bb4\/12&#8243; offset=\u00bbvc_col-lg-offset-0 vc_col-md-offset-0 vc_col-sm-offset-0&#8243;][vc_single_image image=\u00bb11553&#8243; img_size=\u00bbfull\u00bb alignment=\u00bbcenter\u00bb css=\u00bb.vc_custom_1711228015164{margin-top: 0px !important;}\u00bb][vc_raw_html][\/vc_raw_html][\/vc_column][vc_column width=\u00bb6\/12&#8243;][vc_row_inner][vc_column_inner width=\u00bb1\/12&#8243;][\/vc_column_inner][vc_column_inner width=\u00bb11\/12&#8243;][vc_column_text css=\u00bb.vc_custom_1717047528087{margin-top: 15px !important;}\u00bb]\n<h2>Matthias D\u00e4hling, <em>contratenor<\/em><\/h2>\n<p>Matthias Daehling, alto ganador de la Salvat Beca Bach 2024, se gradu\u00f3 recientemente con distinci\u00f3n en el Royal College of Music, donde estudi\u00f3 con Sally Burgess. Anteriormente estudi\u00f3 en la Hochschule f\u00fcr Musik und Theatre Hamburg con Mark Tucker. Durante sus estudios, Matthias recibi\u00f3 m\u00faltiples becas y premios. Los aspectos m\u00e1s destacados recientes incluyen grabaciones en CD de cantatas de Telemann tanto con Neumeyer Consort como con barockwerk hamburg, as\u00ed como varias actuaciones en solitario en Alemania y el Reino Unido. A Matthias le apasiona el repertorio de canciones y aumentar el reconocimiento de la voz de contratenor en este \u00e1mbito. Ha formado parte del \u2018Wigmore Hall French Song Exchange\u2019 2022\/23 y ha aparecido en recitales en el Wigmore Hall de Londres y la Salle Cortot de Par\u00eds. En la temporada 2023\/24, Mat\u00edas integra el esquema \u2018Aprendices\u2019 del Coro Monteverdi.<\/p>\n<p>En 2021 debut\u00f3 en el escenario en una nueva producci\u00f3n de \u201cLa Nariz\u201d de Shostakovich en la Bayerische Staatsoper Munich bajo la batuta de Vladimir Jurowski. Regresar\u00e1 a la Bayerische Staatsoper en mayo de 2024 para una reposici\u00f3n de la \u00f3pera. Desde 2016, Matthias estudia con Ulla Groenewold en Hamburgo. Adem\u00e1s de eso, ha recibido clases magistrales con Michael Chance, Daniel Taylor, Ian Partridge, Lynne Dawson y Philippe Jaroussky.[\/vc_column_text][vc_empty_space height=\u00bb15&#8243;][\/vc_column_inner][\/vc_row_inner][\/vc_column][vc_column width=\u00bb1\/12&#8243;][\/vc_column][\/vc_row][vc_row][vc_column offset=\u00bbvc_hidden-sm vc_hidden-xs\u00bb][vc_empty_space height=\u00bb100&#8243;][\/vc_column][\/vc_row]\n","protected":false},"excerpt":{"rendered":"<p>[vc_row full_width=\u00bbstretch_row_content_no_spaces\u00bb css=\u00bb.vc_custom_1612202897517{margin-bottom: 0px !important;padding-top: px !important;padding-right: 0px !important;padding-bottom: 0px !important;}\u00bb el_class=\u00bbbar-language\u00bb][vc_column css=\u00bb.vc_custom_1612180406598{margin-bottom: 0px !important;padding-top: 0px !important;padding-bottom: 0px !important;}\u00bb offset=\u00bbvc_hidden-lg vc_hidden-md vc_hidden-sm vc_col-xs-12&#8243;][vc_custom_heading text=\u00bb`{`wpml_language_selector_widget`}`\u00bb font_container=\u00bbtag:h5|font_size:12px|text_align:center\u00bb use_theme_fonts=\u00bbyes\u00bb css=\u00bb.vc_custom_1612180415270{margin-bottom: 0px !important;padding-top: 5px !important;padding-bottom: 5px !important;}\u00bb][\/vc_column][\/vc_row][vc_row full_width=\u00bbstretch_row_content_no_spaces\u00bb css=\u00bb.vc_custom_1612202884352{margin-bottom: 0px !important;padding-top: px !important;padding-right: 0px !important;padding-bottom: 0px !important;}\u00bb el_class=\u00bbbar-language\u00bb][vc_column css=\u00bb.vc_custom_1612180516486{margin-bottom: 0px !important;padding-top: 0px !important;padding-right: 32px !important;padding-bottom: 0px !important;}\u00bb offset=\u00bbvc_col-xs-12 vc_hidden-xs\u00bb][vc_custom_heading [&hellip;]<\/p>\n","protected":false},"author":1,"featured_media":0,"parent":0,"menu_order":1,"comment_status":"open","ping_status":"closed","template":"","meta":[],"aioseo_notices":[],"_links":{"self":[{"href":"https:\/\/www.bachcelona.com\/es\/wp-json\/wp\/v2\/pages\/11585"}],"collection":[{"href":"https:\/\/www.bachcelona.com\/es\/wp-json\/wp\/v2\/pages"}],"about":[{"href":"https:\/\/www.bachcelona.com\/es\/wp-json\/wp\/v2\/types\/page"}],"author":[{"embeddable":true,"href":"https:\/\/www.bachcelona.com\/es\/wp-json\/wp\/v2\/users\/1"}],"replies":[{"embeddable":true,"href":"https:\/\/www.bachcelona.com\/es\/wp-json\/wp\/v2\/comments?post=11585"}],"version-history":[{"count":4,"href":"https:\/\/www.bachcelona.com\/es\/wp-json\/wp\/v2\/pages\/11585\/revisions"}],"predecessor-version":[{"id":11821,"href":"https:\/\/www.bachcelona.com\/es\/wp-json\/wp\/v2\/pages\/11585\/revisions\/11821"}],"wp:attachment":[{"href":"https:\/\/www.bachcelona.com\/es\/wp-json\/wp\/v2\/media?parent=11585"}],"curies":[{"name":"wp","href":"https:\/\/api.w.org\/{rel}","templated":true}]}}