{"id":11573,"date":"2024-03-23T23:14:00","date_gmt":"2024-03-23T23:14:00","guid":{"rendered":"https:\/\/www.bachcelona.com\/maine-takeda\/"},"modified":"2025-12-11T21:33:43","modified_gmt":"2025-12-11T21:33:43","slug":"maine-takeda","status":"publish","type":"page","link":"https:\/\/www.bachcelona.com\/es\/maine-takeda\/","title":{"rendered":"Maine Takeda"},"content":{"rendered":"[vc_row full_width=\u00bbstretch_row_content_no_spaces\u00bb css=\u00bb.vc_custom_1612202897517{margin-bottom: 0px !important;padding-top: px !important;padding-right: 0px !important;padding-bottom: 0px !important;}\u00bb el_class=\u00bbbar-language\u00bb][vc_column css=\u00bb.vc_custom_1612180406598{margin-bottom: 0px !important;padding-top: 0px !important;padding-bottom: 0px !important;}\u00bb offset=\u00bbvc_hidden-lg vc_hidden-md vc_hidden-sm vc_col-xs-12&#8243;][vc_custom_heading text=\u00bb`{`wpml_language_selector_widget`}`\u00bb font_container=\u00bbtag:h5|font_size:12px|text_align:center\u00bb use_theme_fonts=\u00bbyes\u00bb css=\u00bb.vc_custom_1612180415270{margin-bottom: 0px !important;padding-top: 5px !important;padding-bottom: 5px !important;}\u00bb][\/vc_column][\/vc_row][vc_row full_width=\u00bbstretch_row_content_no_spaces\u00bb css=\u00bb.vc_custom_1612202884352{margin-bottom: 0px !important;padding-top: px !important;padding-right: 0px !important;padding-bottom: 0px !important;}\u00bb el_class=\u00bbbar-language\u00bb][vc_column css=\u00bb.vc_custom_1612180516486{margin-bottom: 0px !important;padding-top: 0px !important;padding-right: 32px !important;padding-bottom: 0px !important;}\u00bb offset=\u00bbvc_col-xs-12 vc_hidden-xs\u00bb][vc_custom_heading text=\u00bb`{`wpml_language_selector_widget`}`\u00bb font_container=\u00bbtag:h5|font_size:12px|text_align:right\u00bb use_theme_fonts=\u00bbyes\u00bb css=\u00bb.vc_custom_1612179881970{margin-bottom: 0px !important;padding-top: 5px !important;padding-bottom: 5px !important;}\u00bb][\/vc_column][\/vc_row][vc_row][vc_column offset=\u00bbvc_hidden-xs\u00bb][vc_empty_space height=\u00bb75&#8243;][\/vc_column][\/vc_row][vc_row full_width=\u00bbstretch_row_content_no_spaces\u00bb gap=\u00bb35&#8243; css=\u00bb.vc_custom_1584650599547{margin-top: 0px !important;padding-right: 0px !important;}\u00bb][vc_column width=\u00bb1\/12&#8243; css=\u00bb.vc_custom_1584650160678{margin-top: 0px !important;}\u00bb][\/vc_column][vc_column width=\u00bb4\/12&#8243; offset=\u00bbvc_col-lg-offset-0 vc_col-md-offset-0 vc_col-sm-offset-0&#8243;][vc_single_image image=\u00bb11548&#8243; img_size=\u00bbfull\u00bb alignment=\u00bbcenter\u00bb css=\u00bb.vc_custom_1711227629181{margin-top: 0px !important;}\u00bb][vc_raw_html][\/vc_raw_html][\/vc_column][vc_column width=\u00bb6\/12&#8243;][vc_row_inner][vc_column_inner width=\u00bb1\/12&#8243;][\/vc_column_inner][vc_column_inner width=\u00bb11\/12&#8243;][vc_column_text css=\u00bb.vc_custom_1717047352072{margin-top: 15px !important;}\u00bb]\n<h2>Maine Takeda, <em>soprano<\/em><\/h2>\n<p>La soprano Maine Takeda naci\u00f3 en una familia de m\u00fasicos en Jap\u00f3n. Complet\u00f3 su Licenciatura en Voz en la Universidad de las Artes de Tokio bajo la tutela de Chieko Teratani. Luego complet\u00f3 una Maestr\u00eda en \u00d3pera en la misma universidad, financiada por la beca \u201cTokuji-Munetsugu\u201d. Desde octubre de 2020 estudia en la Hochschule f\u00fcr Musik Karlsruhe con Hanno M\u00fcller-Brachmann. Se gradu\u00f3 en 2023 con una Maestr\u00eda en Voz y ahora realiza un Examen de Voz Solista. Apareci\u00f3 como solista en la Pasi\u00f3n seg\u00fan San Juan (Bach), el Mes\u00edas (Handel), la Creaci\u00f3n (Haydn), la Sinfon\u00eda n\u00ba 4 (Mahler), el Magnificat (Rutter) y r\u00e9quiems compuestos por Mozart, Faur\u00e9, R\u00fctti y Rihm. Adem\u00e1s de piezas de concierto, cant\u00f3 Susanna en Le nozze di Figaro de Mozart en 2015 en Tokio.<\/p>\n<p>Recibi\u00f3 el Yehudi Menuhin e. V. \u00abLive Music Now\u00bb desde 2021. En 2021 gan\u00f3 el primer premio en el Concurso Memorial Rainer Koch a la mejor interpretaci\u00f3n de una obra de Wolfgang Rihm, con Wolfgang Rihm como presidente del jurado. En 2022 fue finalista del Concurso Internacional de Canto de M\u00fasica Eclesi\u00e1stica en Greifswald. En 2022 particip\u00f3 en la \u00abAcademia Internacional Handel de Karlsruhe\u00bb. En los conciertos finales cant\u00f3 en el Badisches Staatstheater Karlsruhe. En 2022 cant\u00f3 la \u201cMisa en si menor\u201d de Bach en el Vokalensemble Rastatt de la \u00d3pera Estatal de Hamburgo en el marco del ballet \u00abDona Nobis Pacem\u00bb de John Neumeier. En 2023 obtuvo el segundo premio en el concurso de canto Bella Voce.[\/vc_column_text][vc_empty_space height=\u00bb15&#8243;][\/vc_column_inner][\/vc_row_inner][\/vc_column][vc_column width=\u00bb1\/12&#8243;][\/vc_column][\/vc_row][vc_row][vc_column offset=\u00bbvc_hidden-sm vc_hidden-xs\u00bb][vc_empty_space height=\u00bb100&#8243;][\/vc_column][\/vc_row]\n","protected":false},"excerpt":{"rendered":"<p>[vc_row full_width=\u00bbstretch_row_content_no_spaces\u00bb css=\u00bb.vc_custom_1612202897517{margin-bottom: 0px !important;padding-top: px !important;padding-right: 0px !important;padding-bottom: 0px !important;}\u00bb el_class=\u00bbbar-language\u00bb][vc_column css=\u00bb.vc_custom_1612180406598{margin-bottom: 0px !important;padding-top: 0px !important;padding-bottom: 0px !important;}\u00bb offset=\u00bbvc_hidden-lg vc_hidden-md vc_hidden-sm vc_col-xs-12&#8243;][vc_custom_heading text=\u00bb`{`wpml_language_selector_widget`}`\u00bb font_container=\u00bbtag:h5|font_size:12px|text_align:center\u00bb use_theme_fonts=\u00bbyes\u00bb css=\u00bb.vc_custom_1612180415270{margin-bottom: 0px !important;padding-top: 5px !important;padding-bottom: 5px !important;}\u00bb][\/vc_column][\/vc_row][vc_row full_width=\u00bbstretch_row_content_no_spaces\u00bb css=\u00bb.vc_custom_1612202884352{margin-bottom: 0px !important;padding-top: px !important;padding-right: 0px !important;padding-bottom: 0px !important;}\u00bb el_class=\u00bbbar-language\u00bb][vc_column css=\u00bb.vc_custom_1612180516486{margin-bottom: 0px !important;padding-top: 0px !important;padding-right: 32px !important;padding-bottom: 0px !important;}\u00bb offset=\u00bbvc_col-xs-12 vc_hidden-xs\u00bb][vc_custom_heading [&hellip;]<\/p>\n","protected":false},"author":1,"featured_media":0,"parent":0,"menu_order":1,"comment_status":"open","ping_status":"closed","template":"","meta":[],"aioseo_notices":[],"_links":{"self":[{"href":"https:\/\/www.bachcelona.com\/es\/wp-json\/wp\/v2\/pages\/11573"}],"collection":[{"href":"https:\/\/www.bachcelona.com\/es\/wp-json\/wp\/v2\/pages"}],"about":[{"href":"https:\/\/www.bachcelona.com\/es\/wp-json\/wp\/v2\/types\/page"}],"author":[{"embeddable":true,"href":"https:\/\/www.bachcelona.com\/es\/wp-json\/wp\/v2\/users\/1"}],"replies":[{"embeddable":true,"href":"https:\/\/www.bachcelona.com\/es\/wp-json\/wp\/v2\/comments?post=11573"}],"version-history":[{"count":3,"href":"https:\/\/www.bachcelona.com\/es\/wp-json\/wp\/v2\/pages\/11573\/revisions"}],"predecessor-version":[{"id":11818,"href":"https:\/\/www.bachcelona.com\/es\/wp-json\/wp\/v2\/pages\/11573\/revisions\/11818"}],"wp:attachment":[{"href":"https:\/\/www.bachcelona.com\/es\/wp-json\/wp\/v2\/media?parent=11573"}],"curies":[{"name":"wp","href":"https:\/\/api.w.org\/{rel}","templated":true}]}}