{"id":1136,"date":"2015-05-14T17:01:31","date_gmt":"2015-05-14T17:01:31","guid":{"rendered":"http:\/\/212.129.56.154\/?page_id=1136"},"modified":"2022-02-15T17:45:13","modified_gmt":"2022-02-15T17:45:13","slug":"festival","status":"publish","type":"page","link":"https:\/\/www.bachcelona.com\/es\/festival\/","title":{"rendered":"Festival"},"content":{"rendered":"[vc_row full_width=\u00bbstretch_row_content_no_spaces\u00bb css=\u00bb.vc_custom_1612202884352{margin-bottom: 0px !important;padding-top: px !important;padding-right: 0px !important;padding-bottom: 0px !important;}\u00bb el_class=\u00bbbar-language\u00bb][vc_column css=\u00bb.vc_custom_1612180516486{margin-bottom: 0px !important;padding-top: 0px !important;padding-right: 32px !important;padding-bottom: 0px !important;}\u00bb offset=\u00bbvc_col-xs-12 vc_hidden-xs\u00bb][vc_custom_heading text=\u00bb`{`wpml_language_selector_widget`}`\u00bb font_container=\u00bbtag:h5|font_size:12px|text_align:right\u00bb use_theme_fonts=\u00bbyes\u00bb css=\u00bb.vc_custom_1612179881970{margin-bottom: 0px !important;padding-top: 5px !important;padding-bottom: 5px !important;}\u00bb][\/vc_column][\/vc_row][vc_row full_width=\u00bbstretch_row_content_no_spaces\u00bb css=\u00bb.vc_custom_1612202897517{margin-bottom: 0px !important;padding-top: px !important;padding-right: 0px !important;padding-bottom: 0px !important;}\u00bb el_class=\u00bbbar-language\u00bb][vc_column css=\u00bb.vc_custom_1612180406598{margin-bottom: 0px !important;padding-top: 0px !important;padding-bottom: 0px !important;}\u00bb offset=\u00bbvc_hidden-lg vc_hidden-md vc_hidden-sm vc_col-xs-12&#8243;][vc_custom_heading text=\u00bb`{`wpml_language_selector_widget`}`\u00bb font_container=\u00bbtag:h5|font_size:12px|text_align:center\u00bb use_theme_fonts=\u00bbyes\u00bb css=\u00bb.vc_custom_1612180415270{margin-bottom: 0px !important;padding-top: 5px !important;padding-bottom: 5px !important;}\u00bb][\/vc_column][\/vc_row][vc_row css=\u00bb.vc_custom_1495670537430{background-color: rgba(255,255,255,0.01) !important;*background-color: rgb(255,255,255) !important;}\u00bb][vc_column offset=\u00bbvc_hidden-lg vc_hidden-md vc_hidden-sm vc_hidden-xs\u00bb][vc_empty_space height=\u00bb100&#8243;][vc_empty_space height=\u00bb50px\u00bb][\/vc_column][\/vc_row][vc_row][vc_column][vc_empty_space height=\u00bb80px\u00bb][vc_single_image image=\u00bb9491&#8243; img_size=\u00bbmedium\u00bb][\/vc_column][\/vc_row][vc_row][vc_column][vc_empty_space height=\u00bb30px\u00bb][vc_column_text]El <strong>Festival Bachcelona<\/strong> ha sido galardonado con el <strong>Premi Ciutat de Barcelona de M\u00fasica 2021<\/strong> por la <em>relevancia de la programaci\u00f3n y de los int\u00e9rpretes, por la diversidad de p\u00fablicos, espacios y formatos, y por la capacidad de tejer complicidades con distintos agentes del ecosistema social y cultural de Barcelona.<\/em><br \/>\n[\/vc_column_text][vc_empty_space height=\u00bb30px\u00bb][\/vc_column][\/vc_row][vc_row css=\u00bb.vc_custom_1495670587854{background-color: rgba(255,255,255,0.01) !important;*background-color: rgb(255,255,255) !important;}\u00bb][vc_column][vc_video link=\u00bbhttps:\/\/www.youtube.com\/watch?v=QDQf6-FcFoI\u00bb][vc_empty_space height=\u00bb40&#8243;][vc_column_text]<strong>El Pa\u00eds &#8211; Xavier Pujol 27\/07\/2015<\/strong><\/p>\n<p><em>Un derroche de fresca imaginaci\u00f3n, de originalidad, de atrevimiento programador, de buen aprovechamiento de los recursos, ha permitido al fin poner en pie la tercera edici\u00f3n de Bachcelona, el Festival Bach de Barcelona, que llenar\u00e1 la ciudad de m\u00fasica del Cantor de Leipzig.<\/em>[\/vc_column_text][vc_empty_space height=\u00bb40px\u00bb][vc_column_text]\n<h2>Trayectoria del Festival<\/h2>\n<p>El Bachcelona es un festival que apuesta siempre por la <strong>calidad<\/strong>. A lo largo de su trayectoria, ha tenido como invitados a los <strong>int\u00e9rpretes internacionales m\u00e1s reconocidos<\/strong> y especializados en Bach, como Ton Koopman, Tini Mathot y Juan de la Rubia (2014), Catherine Manson, Werner Matzke y Sebastian K\u00fcchler-Blessing (2015), Klaus Mertens, John Crockatt y Philippe Thuriot (2016), Stephan Macleod, Leila Schayegh y Bertrand Cuiller (2017), Shunske Sato, Michel Brun y Clara Pouvreau (2018), y V\u00e1clav Luks, Sabine Bauer y Petra M\u00fcllejans (2019).<\/p>\n<p>La <strong>innovaci\u00f3n<\/strong> es otro componente caracter\u00edstico del Festival, puesto que en las actividades que proponemos en el marco del Bachcelona queremos ir <strong>m\u00e1s all\u00e1 del formato concierto<\/strong>. En este sentido, siempre fomentamos la <strong>interacci\u00f3n art\u00edstica<\/strong> con otras disciplinas como el <strong>teatro<\/strong> (La Fura dels Baus en la edici\u00f3n de 2016, con gran \u00e9xito de p\u00fablico y cr\u00edtica), la <strong>danza contempor\u00e1nea <\/strong> (Lorena Nogal en 2017), el <strong>cine<\/strong> (con el ciclo anual que venimos organizando en la Filmoteca desde 2015) y las <strong>artes pl\u00e1sticas<\/strong> (con la exposici\u00f3n de la serie completa de los grabados de Eduardo Chillida, \u00abHommage \u00e0 Johann Sebastian Bach\u00bb, en 2014).[\/vc_column_text][vc_empty_space height=\u00bb50&#8243;][vc_video link=\u00bbhttps:\/\/www.youtube.com\/watch?v=sSw1J6NBth4&#8243;][vc_column_text][\/vc_column_text][vc_empty_space height=\u00bb50&#8243;][vc_column_text]Asimismo, durante el Bachcelona tambi\u00e9n presentamos propuestas de <strong>fusi\u00f3n musical<\/strong> con otros estilos como el <strong>jazz<\/strong> (Llibert Fortuny, Manel Camp y Mireia Farr\u00e9s, 2013), la <strong>percusi\u00f3n africana<\/strong> (Virginie Robilliard y Thomas Gue\u00ef, 2016), la <strong>m\u00fasica cubana<\/strong> (con el tr\u00edo de Roberto Fonseca y su concierto <em>Cubach<\/em> de 2017) o la <strong>tradici\u00f3n brasile\u00f1a<\/strong> (con el proyecto Sambach de 2019).<\/p>\n<p>Por otro lado, nuestra intenci\u00f3n es potenciar siempre la <strong>vivencia<\/strong>, con <strong>conciertos<\/strong> y <strong>actividades participativas<\/strong> del proyecto BZM que se han presentado en el Palau de la M\u00fasica (Petit Palau) o actividades l\u00fadicas como el <em>Balla Bach<\/em> de la plaza del Rei o el <em>Swing Bach<\/em> en el Recinto Modernista de Sant Pau.<\/p>\n<p>Del mismo modo, otro aspecto muy importante del Festival es la <strong>divulgaci\u00f3n musical<\/strong>, con la organizaci\u00f3n de conferencias, mesas redondas o visitas guiadas (como las del Museo de la M\u00fasica con Joan Vives), y las <strong>actividades familiares<\/strong> para acercar la m\u00fasica cl\u00e1sica al p\u00fablico infantil (como las que ha realizado Ton Koopman, un prestigioso m\u00fasico holand\u00e9s, en cinco ediciones consecutivas del Festival).<\/p>\n<p>Finalmente, durante el Festival tambi\u00e9n hay espacio para <strong>el apoyo al talento joven<\/strong> mediante las becas a cantantes (la <strong>Salvat Beca Bach<\/strong>, patrocinada por Laboratorios Salvat y gracias a la cual cuatro solistas vocales participan cada a\u00f1o en el concierto inaugural del Bachcelona), el <strong>Premio Especial Bachcelona<\/strong> (los galardonados en el Concurso de Juventudes Musicales de Espa\u00f1a de M\u00fasica Antigua forman parte de la programaci\u00f3n de la siguiente edici\u00f3n del Festival) y las <strong>clases magistrales<\/strong> a cargo de m\u00fasicos de prestigio en el transcurso del Bachcelona.[\/vc_column_text][vc_empty_space height=\u00bb100px\u00bb][\/vc_column][\/vc_row][vc_row][vc_column][\/vc_column][\/vc_row]\n","protected":false},"excerpt":{"rendered":"<p>[vc_row full_width=\u00bbstretch_row_content_no_spaces\u00bb css=\u00bb.vc_custom_1612202884352{margin-bottom: 0px !important;padding-top: px !important;padding-right: 0px !important;padding-bottom: 0px !important;}\u00bb el_class=\u00bbbar-language\u00bb][vc_column css=\u00bb.vc_custom_1612180516486{margin-bottom: 0px !important;padding-top: 0px !important;padding-right: 32px !important;padding-bottom: 0px !important;}\u00bb offset=\u00bbvc_col-xs-12 vc_hidden-xs\u00bb][vc_custom_heading text=\u00bb`{`wpml_language_selector_widget`}`\u00bb font_container=\u00bbtag:h5|font_size:12px|text_align:right\u00bb use_theme_fonts=\u00bbyes\u00bb css=\u00bb.vc_custom_1612179881970{margin-bottom: 0px !important;padding-top: 5px !important;padding-bottom: 5px !important;}\u00bb][\/vc_column][\/vc_row][vc_row full_width=\u00bbstretch_row_content_no_spaces\u00bb css=\u00bb.vc_custom_1612202897517{margin-bottom: 0px !important;padding-top: px !important;padding-right: 0px !important;padding-bottom: 0px !important;}\u00bb el_class=\u00bbbar-language\u00bb][vc_column css=\u00bb.vc_custom_1612180406598{margin-bottom: 0px !important;padding-top: 0px !important;padding-bottom: 0px !important;}\u00bb offset=\u00bbvc_hidden-lg vc_hidden-md vc_hidden-sm vc_col-xs-12&#8243;][vc_custom_heading [&hellip;]<\/p>\n","protected":false},"author":1,"featured_media":0,"parent":0,"menu_order":19,"comment_status":"open","ping_status":"closed","template":"","meta":[],"aioseo_notices":[],"_links":{"self":[{"href":"https:\/\/www.bachcelona.com\/es\/wp-json\/wp\/v2\/pages\/1136"}],"collection":[{"href":"https:\/\/www.bachcelona.com\/es\/wp-json\/wp\/v2\/pages"}],"about":[{"href":"https:\/\/www.bachcelona.com\/es\/wp-json\/wp\/v2\/types\/page"}],"author":[{"embeddable":true,"href":"https:\/\/www.bachcelona.com\/es\/wp-json\/wp\/v2\/users\/1"}],"replies":[{"embeddable":true,"href":"https:\/\/www.bachcelona.com\/es\/wp-json\/wp\/v2\/comments?post=1136"}],"version-history":[{"count":11,"href":"https:\/\/www.bachcelona.com\/es\/wp-json\/wp\/v2\/pages\/1136\/revisions"}],"predecessor-version":[{"id":9500,"href":"https:\/\/www.bachcelona.com\/es\/wp-json\/wp\/v2\/pages\/1136\/revisions\/9500"}],"wp:attachment":[{"href":"https:\/\/www.bachcelona.com\/es\/wp-json\/wp\/v2\/media?parent=1136"}],"curies":[{"name":"wp","href":"https:\/\/api.w.org\/{rel}","templated":true}]}}