{"id":10950,"date":"2023-06-25T14:05:45","date_gmt":"2023-06-25T14:05:45","guid":{"rendered":"https:\/\/www.bachcelona.com\/salvat-beca-bach-2024\/"},"modified":"2025-07-13T12:25:20","modified_gmt":"2025-07-13T12:25:20","slug":"beca-salvat-barroc-2026","status":"publish","type":"page","link":"https:\/\/www.bachcelona.com\/es\/beca-salvat-barroc-2026\/","title":{"rendered":"BECA SALVAT BARROC 2026"},"content":{"rendered":"[vc_row full_width=\u00bbstretch_row_content_no_spaces\u00bb css=\u00bb.vc_custom_1612202884352{margin-bottom: 0px !important;padding-top: px !important;padding-right: 0px !important;padding-bottom: 0px !important;}\u00bb el_class=\u00bbbar-language\u00bb][vc_column css=\u00bb.vc_custom_1612180516486{margin-bottom: 0px !important;padding-top: 0px !important;padding-right: 32px !important;padding-bottom: 0px !important;}\u00bb offset=\u00bbvc_col-xs-12 vc_hidden-xs\u00bb][vc_custom_heading text=\u00bb`{`wpml_language_selector_widget`}`\u00bb font_container=\u00bbtag:h5|font_size:12px|text_align:right\u00bb use_theme_fonts=\u00bbyes\u00bb css=\u00bb.vc_custom_1612179881970{margin-bottom: 0px !important;padding-top: 5px !important;padding-bottom: 5px !important;}\u00bb][\/vc_column][\/vc_row][vc_row full_width=\u00bbstretch_row_content_no_spaces\u00bb css=\u00bb.vc_custom_1612202897517{margin-bottom: 0px !important;padding-top: px !important;padding-right: 0px !important;padding-bottom: 0px !important;}\u00bb el_class=\u00bbbar-language\u00bb][vc_column css=\u00bb.vc_custom_1612180406598{margin-bottom: 0px !important;padding-top: 0px !important;padding-bottom: 0px !important;}\u00bb offset=\u00bbvc_hidden-lg vc_hidden-md vc_hidden-sm vc_col-xs-12&#8243;][vc_custom_heading text=\u00bb`{`wpml_language_selector_widget`}`\u00bb font_container=\u00bbtag:h5|font_size:12px|text_align:center\u00bb use_theme_fonts=\u00bbyes\u00bb css=\u00bb.vc_custom_1612180415270{margin-bottom: 0px !important;padding-top: 5px !important;padding-bottom: 5px !important;}\u00bb][\/vc_column][\/vc_row][vc_row][vc_column][vc_empty_space height=\u00bb80&#8243;][\/vc_column][\/vc_row][vc_row css=\u00bb.vc_custom_1495670587854{background-color: rgba(255,255,255,0.01) !important;*background-color: rgb(255,255,255) !important;}\u00bb][vc_column][vc_column_text]\n<h1>BECA SALVAT BARROC 2026<\/h1>\n[\/vc_column_text][vc_empty_space height=\u00bb40&#8243;][vc_column_text]Con el nombre de <strong>Salvat Beca Bach<\/strong>, Pau Jorquera, Daniel Tarrida y el impulso y mecenazgo de la Fundaci\u00f3n Salvat, crearon en 2014 unas becas de promoci\u00f3n de j\u00f3venes cantantes. Unas becas que hoy, con el nombre de <strong>BECA SALVAT DE M\u00daSICA BARROCA <\/strong>(BSMB), tienen la voluntad de seguir potenciando la formaci\u00f3n y promoci\u00f3n de j\u00f3venes cantantes solistas de m\u00fasica antigua, deviniendo la plataforma de referencia que d\u00e9 visibilidad a los nuevos talentos del canto.<\/p>\n<p>La misi\u00f3n de las Becas Salvat es, m\u00e1s all\u00e1 de premiar a los mejores solistas de cada una de las cuatro categor\u00edas de voces (soprano, contralto-contratenor, tenor y bar\u00edtono-bajo), la de detectar, dar formaci\u00f3n y oportunidades de presentarse a conciertos a j\u00f3venes talentos solistas de todo el mundo, para los que ganar la beca pueda suponer un impulso efectivo en el inicio de sus carreras profesionales.<\/p>\n<p>Mediante la BSMB, la Fundaci\u00f3n Salvat, la entidad que desarrolla la obra social del Grupo farmac\u00e9utico Salvat, otorga anualmente a cuatro solistas una dotaci\u00f3n econ\u00f3mica de <strong>5.000 euros para cada uno de los premiados<\/strong>, y lo vincula con la participaci\u00f3n en los conciertos que se programar\u00e1n a lo largo de 2025\/2026 (detallados en estas bases), en los que estar\u00e1n acompa\u00f1ados por m\u00fasicos con una s\u00f3lida trayectoria en el mundo de la interpretaci\u00f3n con instrumentos barrocos y criterios hist\u00f3ricos. La Beca Salvat cuenta con el apoyo y la programaci\u00f3n musical de la Fundaci\u00f3n Bachcelona, el Bach Collegium Barcelona y la Fundaci\u00f3 Orfe\u00f3 Catal\u00e0 \u2013 Palau de la M\u00fasica Catalana.<\/p>\n<p>La Beca Salvat ofrece asimismo formaci\u00f3n y colaboraci\u00f3n con reconocidos m\u00fasicos y profesionales. En los \u00faltimos a\u00f1os ha contado con la presencia del contratenor <strong>Carlos Mena<\/strong>, la soprano Katharine Fuge, el bar\u00edtono <strong>Stephan MacLeod<\/strong>, el tenor <strong>Benjamin Bruns<\/strong>, el bar\u00edtono <strong>Jan Van der Crabben<\/strong>, el flautista <strong>Michel Brun<\/strong>, la soprano <strong>Miriam Feuersinger<\/strong>, el bajo <strong>Alex Ashwort<\/strong>, la soprano <strong>Maria Espada<\/strong>, la soprano <strong>Mar\u00eda Hinojosa<\/strong>, o el director de la Academy of Ancient Music Laurence Cummings. Este 2025\/2026 tendr\u00e1n el privilegio de trabajar con el contratenor <strong>Alex Potter<\/strong>, con quien preparar\u00e1n y compartir\u00e1n escenario en el concierto de presentaci\u00f3n de los becados en el Palau de la M\u00fasica Catalana de Barcelona.[\/vc_column_text][vc_empty_space height=\u00bb30&#8243;][vc_column_text]\n<h2>Conciertos Becados del 2024\/2025<\/h2>\n<p><span style=\"font-weight: 400;\">La beca se desarrollar\u00e1 a finales de 2025 y durante todo el 2026 con las siguientes actividades<\/span><\/p>\n<p><strong>2 de diciembre de 2025<\/strong><br \/>\nConcierto de Navidad de la Fundaci\u00f3n Salvat<br \/>\nPresentaci\u00f3n de los solistas ganadores de la Beca Salvat de M\u00fasica Barroca \u201926 Palau de la M\u00fasica Catalana. Barcelona<br \/>\nAlex Potter, <em>contratenor<\/em><\/p>\n<p><strong>Del 17 al 23 de marzo de 2026 <\/strong><br \/>\nConcierto Museu de la M\u00fasica. Barcelona<br \/>\nSemana M\u00fasica Sacra Segovia<br \/>\nCiclo Fundaci\u00f3n Juan March. Madrid<\/p>\n<p><strong>Del 14 al 21 de julio de 2026 <\/strong><br \/>\nConcierto Museu de la M\u00fasica. Barcelona<br \/>\nFestival de M\u00fasica Antiga dels Pirineus. Varios municipios del Pirineo Festival de M\u00fasica Barroca V\u00e9lez Blanco (Almer\u00eda)<\/p>\n<p>Los perceptores de la Beca Salvat deber\u00e1n tener disponibilidad para participar en todas las actividades programadas durante el 2025\/2026 anteriormente descritas, as\u00ed como en los dos ensayos previos, cuyas fechas se pactar\u00e1n oportunamente con los becados.<\/p>\n<p>Se garantizar\u00e1 que todos los solistas tengan un papel relevante en todos y cada uno de los conciertos, ya sea en las arias propias del repertorio propuesto o en otras a\u00f1adidas a tal efecto.<br \/>\n[\/vc_column_text][vc_empty_space height=\u00bb30&#8243;][vc_column_text]\n<h2>Condiciones de los candidatos<\/h2>\n<p>Tener <strong>entre 18 y 32 a\u00f1os de edad<\/strong>, cumplidos antes del 1 de enero de 2026.[\/vc_column_text][vc_empty_space height=\u00bb30&#8243;][vc_column_text]\n<h2>Inscripciones<\/h2>\n<p>Las inscripciones se har\u00e1n a trav\u00e9s de la <strong>PLATAFORMA MUVAC.<\/strong><\/p>\n<p>En la plataforma de profesionales de la m\u00fasica MUVAC, <a href=\"http:\/\/www.muvac.com\">www.muvac.com<\/a>, en el apartado de convocatorias BECA SALVAT de M\u00daSICA BARROCA 2026, donde encontrar\u00e1s toda la informaci\u00f3n necesaria y el enlace al formulario que deber\u00e1s rellenar, adem\u00e1s de adjuntar el curriculum vitae y una grabaci\u00f3n reciente (del a\u00f1o 2025) interpretando una pieza de m\u00fasica barroca.<\/p>\n<p>Requisitos que son imprescindibles para formalizar correctamente la inscripci\u00f3n a la BSMB.[\/vc_column_text][vc_empty_space height=\u00bb30&#8243;][vc_column_text]\n<h2>Plazos y presentaci\u00f3n de solicitudes<\/h2>\n<p>La convocatoria de inscripci\u00f3n permanecer\u00e1 abierta entre el <strong>8 de julio y el 10 de agosto de 2025<\/strong> (ambos incluidos).[\/vc_column_text][vc_empty_space height=\u00bb30&#8243;][vc_column_text]\n<h2>Proceso de selecci\u00f3n<\/h2>\n<p>La organizaci\u00f3n har\u00e1 una <strong>primera selecci\u00f3n<\/strong> de los aspirantes basada en el an\u00e1lisis de la documentaci\u00f3n presentada a trav\u00e9s de la Plataforma MUVAC.<\/p>\n<p>Una vez finalizado el per\u00edodo de inscripci\u00f3n y cerrada la convocatoria, la organizaci\u00f3n decidir\u00e1 qu\u00e9 aspirantes pasan a la fase siguiente fase de audiciones presenciales, como candidatos.<br \/>\nEste veredicto ser\u00e1 inapelable y se comunicar\u00e1 por correo electr\u00f3nico.<\/p>\n<p><strong>Fases de las audiciones presenciales<\/strong><br \/>\nLa organizaci\u00f3n de la Beca Salvat plantea la selecci\u00f3n de los becados en dos fases de audiciones presenciales.<br \/>\nEl acompa\u00f1amiento de les fases presenciales es har\u00e1 con clavic\u00e9mbalo afinado a 415 Hz.<\/p>\n<p><u><strong>Primera fase<\/strong><\/u><br \/>\nEl objetivo de esta fase es elegir a los candidatos que pasar\u00e1n a la Audici\u00f3n Final. Consta de audiciones presenciales en Madrid, Barcelona y Basilea<br \/>\n<strong>Martes 23 de septiempre de 2025<\/strong>&gt; Fundaci\u00f3n Alb\u00e9niz \/ Escuela de M\u00fasica Reina Sof\u00eda (Madrid)<br \/>\n<strong>Jueves 9 de octubre de 2025<\/strong>\u00a0&gt; Sala del Coro. Gran Teatre del Liceu (Barcelona)<br \/>\n<strong>Viernes 17 de octubre de 2025<\/strong>\u00a0&gt; Don Bosco Musik- und Kulturzentrum (Basilea. Suiza)<\/p>\n<p><strong>Repertorio:<\/strong><br \/>\nSe interpretar\u00e1 una aria obligada (v\u00e9ase el repertorio de arias obligadas en el apartado <em>Requisitos para la audici\u00f3n<\/em>) y otra aria de libre elecci\u00f3n del aspirante, de estilo barroco (compuesta antes de 1750).<\/p>\n<p>El horario de las audiciones y entrevistas se comunicar\u00e1 oportunamente mediante el correo electr\u00f3nico que los candidatos faciliten en la inscripci\u00f3n.<\/p>\n<p>El veredicto del jurado ser\u00e1 inapelable y se comunicar\u00e1 por correo electr\u00f3nico.<\/p>\n<p>Esta fase de audiciones puede ser grabada con el objetivo de revisarlas posteriormente si el jurado lo cree conveniente.<\/p>\n<p><u><strong>Audici\u00f3n Final<\/strong><\/u><br \/>\nEl objetivo de esta fase es elegir a los 4 becados para la 12\u00aa edici\u00f3n de la Beca Salvat de M\u00fasica Barroca de 2026.<\/p>\n<p>Se convocar\u00e1 a los solistas seleccionados en la primera fase para realizar la audici\u00f3n final en el Palau de la M\u00fasica Catalana (Barcelona).<\/p>\n<p><strong>Jueves 13 de noviembre de 2025 <\/strong><\/p>\n<p><strong>Repertorio:<\/strong><br \/>\nDicha audici\u00f3n constar\u00e1 del aria obligada (la misma que la interpretada en la primera fase) y una de libre elecci\u00f3n del aspirante (diferente a la interpretada en la primera fase eliminatoria).<\/p>\n<p>El jurado para la presente edici\u00f3n estar\u00e1 formado por:<\/p>\n<p>\u2022 Javier Peris \u2013 Presidente de la Fundaci\u00f3n Salvat<br \/>\n\u2022 Pau Jorquera \u2013 Bach Collegium Barcelona<br \/>\n\u2022 Daniel Tarrida \u2013 Fundaci\u00f3 Bachcelona<br \/>\n\u2022 Mercedes Conde \u2013 Palau de la M\u00fasica Catalana<br \/>\n\u2022 Antoni Pall\u00e8s \u2013 Gran Teatre del Liceu<br \/>\n\u2022 Mar\u00eda Hinojosa \u2013 Soprano<br \/>\n\u2022 Jordi Maddaleno \u2013 Cr\u00edtico musical<\/p>\n<p>La Fundaci\u00f3n se reserva el derecho de sustituir los miembros del jurado que por imposibilidad no pudiesen asistir a la audici\u00f3n final.<\/p>\n<p>Asimismo, en las audiciones podr\u00e1n asistir como oyentes aquellas personas que la Fundaci\u00f3n Salvat crea oportuno. La Fundaci\u00f3n se reserva el derecho a abrir al p\u00fablico las audiciones de la fase final.<br \/>\n[\/vc_column_text][vc_empty_space height=\u00bb30&#8243;][vc_column_text]\n<h2>Requisitos para la audici\u00f3n<\/h2>\n<p>En las audiciones se interpretar\u00e1n dos arias de estilo barroco.<br \/>\n\u2022 Una aria obligada:<br \/>\n<b>Aria soprano <\/b><span style=\"font-weight: 400;\">BWV 32.1 Liebster Jesu, mein Verlangen<br \/>\n<\/span><b>Aria alto <\/b><span style=\"font-weight: 400;\">BWV 187.3 Du, Herr, du kr\u00f6nst allein das Jahr<br \/>\n<\/span><b>Aria tenor <\/b><span style=\"font-weight: 400;\">BWV 186.5 Mein Heiland l\u00e4\u00dft sich merken<br \/>\n<\/span><b>Aria bajo <\/b><span style=\"font-weight: 400;\">BWV 56.1 Ich will den Kreuzstab gerne tragen <\/span><\/p>\n<p>Otra elegida libremente por el candidato, de estilo barroco, compuesta antes de 1750<\/p>\n<p>La organizaci\u00f3n aportar\u00e1 al clavecinista acompa\u00f1ante. Aun as\u00ed, si un candidato desea acudir con su propio acompa\u00f1ante deber\u00e1 comunic\u00e1rselo a la organizaci\u00f3n con antelaci\u00f3n suficiente. En tal caso, la organizaci\u00f3n no pondr\u00e1 ning\u00fan impedimento.<br \/>\n[\/vc_column_text][vc_empty_space height=\u00bb30&#8243;][vc_column_text]\n<h2>Concesi\u00f3n de la beca<\/h2>\n<p>El veredicto del jurado se har\u00e1 p\u00fablico una vez finalizadas las pruebas de audici\u00f3n en el transcurso de una semana. Este veredicto ser\u00e1 inapelable. Todos los candidatos recibir\u00e1n la resoluci\u00f3n del veredicto v\u00eda correo electr\u00f3nico, y al mismo tiempo los resultados aparecer\u00e1n anunciados en la web de la Fundaci\u00f3n Salvat,<a href=\"http:\/\/www.fundacionsalvat.com\"> www.fundacionsalvat.com<\/a>.<\/p>\n<p>El jurado de la Beca Salvat se reserva el derecho a declarar una o m\u00e1s becas desiertas si considera insuficiente la calidad de los candidatos\/tas.<\/p>\n<p>La BSMB se considerar\u00e1 adjudicada despu\u00e9s de que el perceptor la acepte por escrito mediante un correo dirigido a <a style=\"color: #168fac;\" href=\"coordinacion@fundacionsalvat.com\">coordinacion@fundacionsalvat.com<\/a><span style=\"color: #000000;\"> en el plazo de 15 d\u00edas naturales a partir de la fecha del anuncio del veredicto. En el caso de que eso no suceda, se entender\u00e1 que el perceptor renuncia a la beca.<br \/>\n[\/vc_column_text][vc_empty_space height=\u00bb30&#8243;][vc_column_text]\u00a0<\/span><\/p>\n<h2>Obligaciones<\/h2>\n<p>Por el hecho de aceptar la beca, las personas seleccionadas se obligan a realizar todas las actividades programadas por la BSMB. El incumplimiento de tal compromiso sin causa debidamente justificada podr\u00e1 suponer su rescisi\u00f3n.<\/p>\n<p>La Fundaci\u00f3n Salvat se reserva el derecho a aplazar o cancelar los conciertos que organiza en caso de fuerza mayor sin que ello implique ninguna posibilidad de reclamaci\u00f3n por parte de los ganadores de la BSMB.<\/p>\n<p>La Fundaci\u00f3n Salvat no se har\u00e1 cargo de los gastos de desplazamiento relativos a las fases de audici\u00f3n. No obstante, una vez seleccionados los becados del a\u00f1o en curso, la Fundaci\u00f3n se compromete a cubrir los gastos de desplazamiento y alojamiento de los becados correspondientes a los conciertos y actividades relacionadas con la BSMB de 2026.<\/p>\n<p>En caso de que se requiera un coro para la interpretaci\u00f3n de les obras propuestas, los solistas becados asumir\u00e1n las arias que les correspondan y participar\u00e1n tambi\u00e9n formando parte del coro, si el director as\u00ed lo estima necesario.<\/p>\n<p>Por otro lado, la Fundaci\u00f3n Salvat organiza durante el a\u00f1o una serie de conciertos con varios solistas ganadores de distintas ediciones de la BSMB. Unos conciertos que quedan al margen de los citados conciertos comprometidos con los ganadores de la BSMB del a\u00f1o en curso.<br \/>\n[\/vc_column_text][vc_empty_space height=\u00bb30&#8243;][vc_column_text]\n<h2>Contacto<\/h2>\n<p>Para cualquier informaci\u00f3n complementaria, puedes ponerte en contacto a trav\u00e9s de la siguiente direcci\u00f3n de correo electr\u00f3nico: <span style=\"color: #168fac;\"><a style=\"color: #168fac;\" href=\"mailto:coordinacion@fundacionsalvat.com \">coordinacion@fundacionsalvat.com <\/a><\/span><\/p>\n<p>Barcelona, a 1 de julio de 2025[\/vc_column_text][\/vc_column][\/vc_row][vc_row][vc_column][\/vc_column][\/vc_row]\n","protected":false},"excerpt":{"rendered":"<p>[vc_row full_width=\u00bbstretch_row_content_no_spaces\u00bb css=\u00bb.vc_custom_1612202884352{margin-bottom: 0px !important;padding-top: px !important;padding-right: 0px !important;padding-bottom: 0px !important;}\u00bb el_class=\u00bbbar-language\u00bb][vc_column css=\u00bb.vc_custom_1612180516486{margin-bottom: 0px !important;padding-top: 0px !important;padding-right: 32px !important;padding-bottom: 0px !important;}\u00bb offset=\u00bbvc_col-xs-12 vc_hidden-xs\u00bb][vc_custom_heading text=\u00bb`{`wpml_language_selector_widget`}`\u00bb font_container=\u00bbtag:h5|font_size:12px|text_align:right\u00bb use_theme_fonts=\u00bbyes\u00bb css=\u00bb.vc_custom_1612179881970{margin-bottom: 0px !important;padding-top: 5px !important;padding-bottom: 5px !important;}\u00bb][\/vc_column][\/vc_row][vc_row full_width=\u00bbstretch_row_content_no_spaces\u00bb css=\u00bb.vc_custom_1612202897517{margin-bottom: 0px !important;padding-top: px !important;padding-right: 0px !important;padding-bottom: 0px !important;}\u00bb el_class=\u00bbbar-language\u00bb][vc_column css=\u00bb.vc_custom_1612180406598{margin-bottom: 0px !important;padding-top: 0px !important;padding-bottom: 0px !important;}\u00bb offset=\u00bbvc_hidden-lg vc_hidden-md vc_hidden-sm vc_col-xs-12&#8243;][vc_custom_heading [&hellip;]<\/p>\n","protected":false},"author":1,"featured_media":0,"parent":0,"menu_order":19,"comment_status":"open","ping_status":"closed","template":"","meta":[],"aioseo_notices":[],"_links":{"self":[{"href":"https:\/\/www.bachcelona.com\/es\/wp-json\/wp\/v2\/pages\/10950"}],"collection":[{"href":"https:\/\/www.bachcelona.com\/es\/wp-json\/wp\/v2\/pages"}],"about":[{"href":"https:\/\/www.bachcelona.com\/es\/wp-json\/wp\/v2\/types\/page"}],"author":[{"embeddable":true,"href":"https:\/\/www.bachcelona.com\/es\/wp-json\/wp\/v2\/users\/1"}],"replies":[{"embeddable":true,"href":"https:\/\/www.bachcelona.com\/es\/wp-json\/wp\/v2\/comments?post=10950"}],"version-history":[{"count":12,"href":"https:\/\/www.bachcelona.com\/es\/wp-json\/wp\/v2\/pages\/10950\/revisions"}],"predecessor-version":[{"id":12744,"href":"https:\/\/www.bachcelona.com\/es\/wp-json\/wp\/v2\/pages\/10950\/revisions\/12744"}],"wp:attachment":[{"href":"https:\/\/www.bachcelona.com\/es\/wp-json\/wp\/v2\/media?parent=10950"}],"curies":[{"name":"wp","href":"https:\/\/api.w.org\/{rel}","templated":true}]}}