{"id":9429,"date":"2021-12-17T19:04:21","date_gmt":"2021-12-17T19:04:21","guid":{"rendered":"https:\/\/www.bachcelona.com\/ramiro-maturana\/"},"modified":"2025-12-11T21:12:47","modified_gmt":"2025-12-11T21:12:47","slug":"ramiro-maturana","status":"publish","type":"page","link":"https:\/\/www.bachcelona.com\/en\/ramiro-maturana\/","title":{"rendered":"Ramiro Maturana"},"content":{"rendered":"[vc_row full_width=&#8221;stretch_row_content_no_spaces&#8221; css=&#8221;.vc_custom_1612202897517{margin-bottom: 0px !important;padding-top: px !important;padding-right: 0px !important;padding-bottom: 0px !important;}&#8221; el_class=&#8221;bar-language&#8221;][vc_column css=&#8221;.vc_custom_1612180406598{margin-bottom: 0px !important;padding-top: 0px !important;padding-bottom: 0px !important;}&#8221; offset=&#8221;vc_hidden-lg vc_hidden-md vc_hidden-sm vc_col-xs-12&#8243;][vc_custom_heading text=&#8221;`{`wpml_language_selector_widget`}`&#8221; font_container=&#8221;tag:h5|font_size:12px|text_align:center&#8221; use_theme_fonts=&#8221;yes&#8221; css=&#8221;.vc_custom_1612180415270{margin-bottom: 0px !important;padding-top: 5px !important;padding-bottom: 5px !important;}&#8221;][\/vc_column][\/vc_row][vc_row full_width=&#8221;stretch_row_content_no_spaces&#8221; css=&#8221;.vc_custom_1612202884352{margin-bottom: 0px !important;padding-top: px !important;padding-right: 0px !important;padding-bottom: 0px !important;}&#8221; el_class=&#8221;bar-language&#8221;][vc_column css=&#8221;.vc_custom_1612180516486{margin-bottom: 0px !important;padding-top: 0px !important;padding-right: 32px !important;padding-bottom: 0px !important;}&#8221; offset=&#8221;vc_col-xs-12 vc_hidden-xs&#8221;][vc_custom_heading text=&#8221;`{`wpml_language_selector_widget`}`&#8221; font_container=&#8221;tag:h5|font_size:12px|text_align:right&#8221; use_theme_fonts=&#8221;yes&#8221; css=&#8221;.vc_custom_1612179881970{margin-bottom: 0px !important;padding-top: 5px !important;padding-bottom: 5px !important;}&#8221;][\/vc_column][\/vc_row][vc_row][vc_column offset=&#8221;vc_hidden-xs&#8221;][vc_empty_space height=&#8221;75&#8243;][\/vc_column][\/vc_row][vc_row full_width=&#8221;stretch_row_content_no_spaces&#8221; gap=&#8221;35&#8243; css=&#8221;.vc_custom_1584650599547{margin-top: 0px !important;padding-right: 0px !important;}&#8221;][vc_column width=&#8221;1\/12&#8243; css=&#8221;.vc_custom_1584650160678{margin-top: 0px !important;}&#8221;][\/vc_column][vc_column width=&#8221;4\/12&#8243; offset=&#8221;vc_col-lg-offset-0 vc_col-md-offset-0 vc_col-sm-offset-0&#8243;][vc_single_image image=&#8221;9396&#8243; img_size=&#8221;full&#8221; alignment=&#8221;center&#8221; css=&#8221;.vc_custom_1639767844796{margin-top: 0px !important;}&#8221;][vc_raw_html][\/vc_raw_html][\/vc_column][vc_column width=&#8221;6\/12&#8243;][vc_row_inner][vc_column_inner width=&#8221;1\/12&#8243;][\/vc_column_inner][vc_column_inner width=&#8221;11\/12&#8243;][vc_column_text css=&#8221;.vc_custom_1639767715271{margin-top: 15px !important;}&#8221;]\n<h2>Ramiro Maturana, <em>bar\u00edton<\/em><\/h2>\n<p>El bar\u00edtono xileno Ramiro Maturana \u00e9s un ex alumno de l&#8217;Accademia Teatro alla Scala (2017-2019). ingressant al seu programa el setembre de 2017 i realitzant el seu debut en el Teatro alla Scala en la temporada 2017\/18 com a Giovane Cantore a l&#8217;\u00f2pera Ti vedo, ti sento, mi perdo (estrena mundial),o interpretant el personatge de Per\u00fcckenmacher de Ariadne auf Naxos. En la temporada seg\u00fcent 2018\/19 va realitzar els rols de Belcore a L&#8217;elisir d&#8217;amore, de Marullo a Rigoletto, i de Spinelloccio a la producci\u00f3 de Gianni Schicchi, dirigida per Woody Allen.<\/p>\n<p>Tamb\u00e9 ha treballat al Theatre Ath\u00e9n\u00e9e en Paris, al Teatro Rossini de Pesaro, a la Innsbrucker Festwochen der Alten Musik, el Grand Th\u00e9\u00e2tre de Gen\u00e8ve al Teatro Municipal de Santiago &#8211; \u00d3pera Nacional de Chile i el Theatre Apollo, NY. Alhora ha estat solista amb l&#8217;Orquesta Sinf\u00f3nica de Chile en obres com Britten War Requiem, 9a simfonia de Beethoven, Carmina Burana, Messiah, Passi\u00f3 de Sant Joan.[\/vc_column_text][vc_empty_space height=&#8221;15&#8243;][\/vc_column_inner][\/vc_row_inner][\/vc_column][vc_column width=&#8221;1\/12&#8243;][\/vc_column][\/vc_row][vc_row][vc_column offset=&#8221;vc_hidden-sm vc_hidden-xs&#8221;][vc_empty_space height=&#8221;100&#8243;][\/vc_column][\/vc_row]\n","protected":false},"excerpt":{"rendered":"<p>[vc_row full_width=&#8221;stretch_row_content_no_spaces&#8221; css=&#8221;.vc_custom_1612202897517{margin-bottom: 0px !important;padding-top: px !important;padding-right: 0px !important;padding-bottom: 0px !important;}&#8221; el_class=&#8221;bar-language&#8221;][vc_column css=&#8221;.vc_custom_1612180406598{margin-bottom: 0px !important;padding-top: 0px !important;padding-bottom: 0px !important;}&#8221; offset=&#8221;vc_hidden-lg vc_hidden-md vc_hidden-sm vc_col-xs-12&#8243;][vc_custom_heading text=&#8221;`{`wpml_language_selector_widget`}`&#8221; font_container=&#8221;tag:h5|font_size:12px|text_align:center&#8221; use_theme_fonts=&#8221;yes&#8221; css=&#8221;.vc_custom_1612180415270{margin-bottom: 0px !important;padding-top: 5px !important;padding-bottom: 5px !important;}&#8221;][\/vc_column][\/vc_row][vc_row full_width=&#8221;stretch_row_content_no_spaces&#8221; css=&#8221;.vc_custom_1612202884352{margin-bottom: 0px !important;padding-top: px !important;padding-right: 0px !important;padding-bottom: 0px !important;}&#8221; el_class=&#8221;bar-language&#8221;][vc_column css=&#8221;.vc_custom_1612180516486{margin-bottom: 0px !important;padding-top: 0px !important;padding-right: 32px !important;padding-bottom: 0px !important;}&#8221; offset=&#8221;vc_col-xs-12 vc_hidden-xs&#8221;][vc_custom_heading [&hellip;]<\/p>\n","protected":false},"author":1,"featured_media":0,"parent":0,"menu_order":4,"comment_status":"open","ping_status":"closed","template":"","meta":[],"aioseo_notices":[],"_links":{"self":[{"href":"https:\/\/www.bachcelona.com\/en\/wp-json\/wp\/v2\/pages\/9429"}],"collection":[{"href":"https:\/\/www.bachcelona.com\/en\/wp-json\/wp\/v2\/pages"}],"about":[{"href":"https:\/\/www.bachcelona.com\/en\/wp-json\/wp\/v2\/types\/page"}],"author":[{"embeddable":true,"href":"https:\/\/www.bachcelona.com\/en\/wp-json\/wp\/v2\/users\/1"}],"replies":[{"embeddable":true,"href":"https:\/\/www.bachcelona.com\/en\/wp-json\/wp\/v2\/comments?post=9429"}],"version-history":[{"count":6,"href":"https:\/\/www.bachcelona.com\/en\/wp-json\/wp\/v2\/pages\/9429\/revisions"}],"predecessor-version":[{"id":11850,"href":"https:\/\/www.bachcelona.com\/en\/wp-json\/wp\/v2\/pages\/9429\/revisions\/11850"}],"wp:attachment":[{"href":"https:\/\/www.bachcelona.com\/en\/wp-json\/wp\/v2\/media?parent=9429"}],"curies":[{"name":"wp","href":"https:\/\/api.w.org\/{rel}","templated":true}]}}