{"id":9423,"date":"2021-12-17T19:00:48","date_gmt":"2021-12-17T19:00:48","guid":{"rendered":"https:\/\/www.bachcelona.com\/daniel-thomson\/"},"modified":"2025-12-11T21:22:51","modified_gmt":"2025-12-11T21:22:51","slug":"daniel-thomson","status":"publish","type":"page","link":"https:\/\/www.bachcelona.com\/en\/daniel-thomson\/","title":{"rendered":"Daniel Thomson"},"content":{"rendered":"[vc_row full_width=&#8221;stretch_row_content_no_spaces&#8221; css=&#8221;.vc_custom_1612202897517{margin-bottom: 0px !important;padding-top: px !important;padding-right: 0px !important;padding-bottom: 0px !important;}&#8221; el_class=&#8221;bar-language&#8221;][vc_column css=&#8221;.vc_custom_1612180406598{margin-bottom: 0px !important;padding-top: 0px !important;padding-bottom: 0px !important;}&#8221; offset=&#8221;vc_hidden-lg vc_hidden-md vc_hidden-sm vc_col-xs-12&#8243;][vc_custom_heading text=&#8221;`{`wpml_language_selector_widget`}`&#8221; font_container=&#8221;tag:h5|font_size:12px|text_align:center&#8221; use_theme_fonts=&#8221;yes&#8221; css=&#8221;.vc_custom_1612180415270{margin-bottom: 0px !important;padding-top: 5px !important;padding-bottom: 5px !important;}&#8221;][\/vc_column][\/vc_row][vc_row full_width=&#8221;stretch_row_content_no_spaces&#8221; css=&#8221;.vc_custom_1612202884352{margin-bottom: 0px !important;padding-top: px !important;padding-right: 0px !important;padding-bottom: 0px !important;}&#8221; el_class=&#8221;bar-language&#8221;][vc_column css=&#8221;.vc_custom_1612180516486{margin-bottom: 0px !important;padding-top: 0px !important;padding-right: 32px !important;padding-bottom: 0px !important;}&#8221; offset=&#8221;vc_col-xs-12 vc_hidden-xs&#8221;][vc_custom_heading text=&#8221;`{`wpml_language_selector_widget`}`&#8221; font_container=&#8221;tag:h5|font_size:12px|text_align:right&#8221; use_theme_fonts=&#8221;yes&#8221; css=&#8221;.vc_custom_1612179881970{margin-bottom: 0px !important;padding-top: 5px !important;padding-bottom: 5px !important;}&#8221;][\/vc_column][\/vc_row][vc_row][vc_column offset=&#8221;vc_hidden-xs&#8221;][vc_empty_space height=&#8221;75&#8243;][\/vc_column][\/vc_row][vc_row full_width=&#8221;stretch_row_content_no_spaces&#8221; gap=&#8221;35&#8243; css=&#8221;.vc_custom_1584650599547{margin-top: 0px !important;padding-right: 0px !important;}&#8221;][vc_column width=&#8221;1\/12&#8243; css=&#8221;.vc_custom_1584650160678{margin-top: 0px !important;}&#8221;][\/vc_column][vc_column width=&#8221;4\/12&#8243; offset=&#8221;vc_col-lg-offset-0 vc_col-md-offset-0 vc_col-sm-offset-0&#8243;][vc_single_image image=&#8221;9390&#8243; img_size=&#8221;full&#8221; alignment=&#8221;center&#8221; css=&#8221;.vc_custom_1639767623365{margin-top: 0px !important;}&#8221;][vc_raw_html][\/vc_raw_html][\/vc_column][vc_column width=&#8221;6\/12&#8243;][vc_row_inner][vc_column_inner width=&#8221;1\/12&#8243;][\/vc_column_inner][vc_column_inner width=&#8221;11\/12&#8243;][vc_column_text css=&#8221;.vc_custom_1639767538598{margin-top: 15px !important;}&#8221;]\n<h2>Daniel Thomson, <em>tenor<\/em><\/h2>\n<p>Daniel Thomson, originari de Melbourne, \u00e9s un tenor internacional solista i cantant de cambra, resident a Londres. L&#8217;any 2009 es va graduar amb honors en la especialitat de Interpretaci\u00f3 Vocal per la Universitat de Melbourne. L&#8217;octubre de 2016 va rebre una beca per estudiar un M\u00e0ster en Estudis Avan\u00e7ats d&#8217;Ensemble Vocal a la Schola Cantorum Basiliensis de Basilea, que va completar l&#8217;abril de 2018.<\/p>\n<p>Els seus estudis s&#8217;han centrat especialment en la interpretaci\u00f3 de m\u00fasica amb criteris hist\u00f2rics del segle XVI al XIX. El 2015 i el 2016, va passar un parell de mesos intensiu al Canad\u00e0 preparant un enregistrament amb m\u00e8todes ret\u00f2rics d&#8217;interpretaci\u00f3 sota la direcci\u00f3 del professor Robert Toft de la Universitat de Western Ontario. Fruit d&#8217;aquesta col\u00b7laboraci\u00f3, Secret Fires of Love, l&#8217;\u00e0lbum de debut en solitari de Daniel, est\u00e0 disponible a Spotify i iTunes i va ser reprodu\u00eft recentment a la BBC.<\/p>\n<p>El febrer de 2019, Daniel va debutar com a solista al Wigmore Hall al costat de Dame Emma Kirkby per a la celebraci\u00f3 del seu 70\u00e8 aniversari. L&#8217;octubre de 2020, Daniel ha estat aprenent la pronunciaci\u00f3 original de l&#8217;angl\u00e8s a trav\u00e9s del conjunt InVocare en col\u00b7laboraci\u00f3 amb David Crystal, Peter Van Heyghen, REMA, AMUZ, BOZAR i Cultura per a Europa. [\/vc_column_text][vc_empty_space height=&#8221;15&#8243;][\/vc_column_inner][\/vc_row_inner][\/vc_column][vc_column width=&#8221;1\/12&#8243;][\/vc_column][\/vc_row][vc_row][vc_column offset=&#8221;vc_hidden-sm vc_hidden-xs&#8221;][vc_empty_space height=&#8221;100&#8243;][\/vc_column][\/vc_row]\n","protected":false},"excerpt":{"rendered":"<p>[vc_row full_width=&#8221;stretch_row_content_no_spaces&#8221; css=&#8221;.vc_custom_1612202897517{margin-bottom: 0px !important;padding-top: px !important;padding-right: 0px !important;padding-bottom: 0px !important;}&#8221; el_class=&#8221;bar-language&#8221;][vc_column css=&#8221;.vc_custom_1612180406598{margin-bottom: 0px !important;padding-top: 0px !important;padding-bottom: 0px !important;}&#8221; offset=&#8221;vc_hidden-lg vc_hidden-md vc_hidden-sm vc_col-xs-12&#8243;][vc_custom_heading text=&#8221;`{`wpml_language_selector_widget`}`&#8221; font_container=&#8221;tag:h5|font_size:12px|text_align:center&#8221; use_theme_fonts=&#8221;yes&#8221; css=&#8221;.vc_custom_1612180415270{margin-bottom: 0px !important;padding-top: 5px !important;padding-bottom: 5px !important;}&#8221;][\/vc_column][\/vc_row][vc_row full_width=&#8221;stretch_row_content_no_spaces&#8221; css=&#8221;.vc_custom_1612202884352{margin-bottom: 0px !important;padding-top: px !important;padding-right: 0px !important;padding-bottom: 0px !important;}&#8221; el_class=&#8221;bar-language&#8221;][vc_column css=&#8221;.vc_custom_1612180516486{margin-bottom: 0px !important;padding-top: 0px !important;padding-right: 32px !important;padding-bottom: 0px !important;}&#8221; offset=&#8221;vc_col-xs-12 vc_hidden-xs&#8221;][vc_custom_heading [&hellip;]<\/p>\n","protected":false},"author":1,"featured_media":0,"parent":0,"menu_order":3,"comment_status":"open","ping_status":"closed","template":"","meta":[],"aioseo_notices":[],"_links":{"self":[{"href":"https:\/\/www.bachcelona.com\/en\/wp-json\/wp\/v2\/pages\/9423"}],"collection":[{"href":"https:\/\/www.bachcelona.com\/en\/wp-json\/wp\/v2\/pages"}],"about":[{"href":"https:\/\/www.bachcelona.com\/en\/wp-json\/wp\/v2\/types\/page"}],"author":[{"embeddable":true,"href":"https:\/\/www.bachcelona.com\/en\/wp-json\/wp\/v2\/users\/1"}],"replies":[{"embeddable":true,"href":"https:\/\/www.bachcelona.com\/en\/wp-json\/wp\/v2\/comments?post=9423"}],"version-history":[{"count":4,"href":"https:\/\/www.bachcelona.com\/en\/wp-json\/wp\/v2\/pages\/9423\/revisions"}],"predecessor-version":[{"id":11603,"href":"https:\/\/www.bachcelona.com\/en\/wp-json\/wp\/v2\/pages\/9423\/revisions\/11603"}],"wp:attachment":[{"href":"https:\/\/www.bachcelona.com\/en\/wp-json\/wp\/v2\/media?parent=9423"}],"curies":[{"name":"wp","href":"https:\/\/api.w.org\/{rel}","templated":true}]}}