{"id":7453,"date":"2020-12-28T21:03:36","date_gmt":"2020-12-28T21:03:36","guid":{"rendered":"http:\/\/212.129.56.154\/jorge-navarro-colorado\/"},"modified":"2025-12-11T20:40:45","modified_gmt":"2025-12-11T20:40:45","slug":"jorge-navarro-colorado","status":"publish","type":"page","link":"https:\/\/www.bachcelona.com\/en\/jorge-navarro-colorado\/","title":{"rendered":"Jorge Navarro-Colorado"},"content":{"rendered":"[vc_row][vc_column offset=&#8221;vc_hidden-xs&#8221;][vc_empty_space height=&#8221;75&#8243;][\/vc_column][\/vc_row][vc_row full_width=&#8221;stretch_row_content_no_spaces&#8221; gap=&#8221;35&#8243; css=&#8221;.vc_custom_1584650599547{margin-top: 0px !important;padding-right: 0px !important;}&#8221;][vc_column width=&#8221;1\/12&#8243; css=&#8221;.vc_custom_1584650160678{margin-top: 0px !important;}&#8221;][\/vc_column][vc_column width=&#8221;4\/12&#8243; offset=&#8221;vc_col-lg-offset-0 vc_col-md-offset-0 vc_col-sm-offset-0&#8243;][vc_single_image image=&#8221;6803&#8243; img_size=&#8221;full&#8221; alignment=&#8221;center&#8221; css=&#8221;.vc_custom_1610555365788{margin-top: 0px !important;}&#8221;][vc_raw_html][\/vc_raw_html][\/vc_column][vc_column width=&#8221;6\/12&#8243;][vc_row_inner][vc_column_inner width=&#8221;1\/12&#8243;][\/vc_column_inner][vc_column_inner width=&#8221;11\/12&#8243;][vc_column_text css=&#8221;.vc_custom_1609189376074{margin-top: 15px !important;}&#8221;]\n<h2>Jorge Navarro-Colorado, <em>tenor<\/em><\/h2>\n<p>Va fer els estudis d\u2019\u00f2pera a la Guildhall School de Londres, al programa Britten-Pears i a l\u2019Institut Samling.<\/p>\n<p>Ha cantat amb L. Cummings, W. Christie i P. Whelan, entre d\u2019altres, amb les companyies de l\u2019Scottish Opera, Irish National Opera, Grange Park i Wexford Festival.<\/p>\n<p>Ha estat solista en concerts al Festival de Bolonya (It\u00e0lia) i Su\u00e8cia, Israel, Pol\u00f2nia, Cit\u00e9 de la Musique (Fran\u00e7a) i a Espanya: Cicle Lied de Santiago, Festival Bachcelona, ADDA d\u2019Alacant, aix\u00ed com al Barbican Hall, LSO St. Lukes i St. John\u2019s Smith Square de Londres, i al Symphony Hall i Barber Institute de Birmingham.<\/p>\n<p>La temporada 2018-19 va cantar Jonas de Carissimi amb l\u2019English Touring Opera, Rodrigo de H\u00e4ndel a G\u00f6ttingen, Il trionfo del Tempo e del Disinganno al P\u00e9rigord Noir i al Theater Aachen, l\u2019Oratori de Nadal de Bach amb el G\u00f6teborg Baroque a Su\u00e8cia, Serenade for tenor, horn and strings de Britten amb l\u2019Orquestra de Cambra d\u2019Israel a Tel Aviv, Esther de H\u00e4ndel i Fairest Isle de Purcell amb l\u2019Irish Baroque Orchestra a Dubl\u00edn i Belfast, i un recital al London Song Festival. I la temporada passada va cantar com a Gualtiero de Griselda de Vivaldi amb l\u2019Irish National Opera de gira per Irlanda, Eliates de Croesus de Keiser amb l\u2019Arcal-Lyrique a Par\u00eds, Te Deum de Charpentier, Vanitas Vanitatum de Carissimi i l\u2019Oratori de Nadal de J. S. Bach amb el G\u00f6teborg Baroque a Su\u00e8cia.<\/p>\n<p>Pel que fa a aquesta temporada la seva agenda inclou actuacions amb Il Gusto Barocco a Alemanya, Wigmore Hall de Londres amb l\u2019Irish Baroque Orchestra, Festival H\u00e4ndel de Halle (Alemanya), Festival de Buxton amb l\u2019Early Opera Company i amb l\u2019Opera Settecento al Regne Unit i Alemanya.<\/p>\n<p>Ha fet enregistraments de Lotario i Rodrigo de H\u00e4ndel (G\u00f6ttingen, L. Cummings, Accent) i German Cantatas (Ensemble Diderot, Audax).<\/p>\n<p>Ha estat mereixedor de la Beca Bach \u2013 Fundaci\u00f3 Salvat per a joves solistes.[\/vc_column_text][vc_empty_space height=&#8221;15&#8243;][\/vc_column_inner][\/vc_row_inner][\/vc_column][vc_column width=&#8221;1\/12&#8243;][\/vc_column][\/vc_row][vc_row][vc_column offset=&#8221;vc_hidden-sm vc_hidden-xs&#8221;][vc_empty_space height=&#8221;100&#8243;][\/vc_column][\/vc_row]\n","protected":false},"excerpt":{"rendered":"<p>[vc_row][vc_column offset=&#8221;vc_hidden-xs&#8221;][vc_empty_space height=&#8221;75&#8243;][\/vc_column][\/vc_row][vc_row full_width=&#8221;stretch_row_content_no_spaces&#8221; gap=&#8221;35&#8243; css=&#8221;.vc_custom_1584650599547{margin-top: 0px !important;padding-right: 0px !important;}&#8221;][vc_column width=&#8221;1\/12&#8243; css=&#8221;.vc_custom_1584650160678{margin-top: 0px !important;}&#8221;][\/vc_column][vc_column width=&#8221;4\/12&#8243; offset=&#8221;vc_col-lg-offset-0 vc_col-md-offset-0 vc_col-sm-offset-0&#8243;][vc_single_image image=&#8221;6803&#8243; img_size=&#8221;full&#8221; alignment=&#8221;center&#8221; css=&#8221;.vc_custom_1610555365788{margin-top: 0px !important;}&#8221;][vc_raw_html][\/vc_raw_html][\/vc_column][vc_column width=&#8221;6\/12&#8243;][vc_row_inner][vc_column_inner width=&#8221;1\/12&#8243;][\/vc_column_inner][vc_column_inner width=&#8221;11\/12&#8243;][vc_column_text css=&#8221;.vc_custom_1609189376074{margin-top: 15px !important;}&#8221;] Jorge Navarro-Colorado, tenor Va fer els estudis d\u2019\u00f2pera a la Guildhall School de Londres, al programa Britten-Pears i a l\u2019Institut Samling. Ha cantat amb L. [&hellip;]<\/p>\n","protected":false},"author":1,"featured_media":0,"parent":0,"menu_order":2,"comment_status":"open","ping_status":"closed","template":"","meta":[],"aioseo_notices":[],"_links":{"self":[{"href":"https:\/\/www.bachcelona.com\/en\/wp-json\/wp\/v2\/pages\/7453"}],"collection":[{"href":"https:\/\/www.bachcelona.com\/en\/wp-json\/wp\/v2\/pages"}],"about":[{"href":"https:\/\/www.bachcelona.com\/en\/wp-json\/wp\/v2\/types\/page"}],"author":[{"embeddable":true,"href":"https:\/\/www.bachcelona.com\/en\/wp-json\/wp\/v2\/users\/1"}],"replies":[{"embeddable":true,"href":"https:\/\/www.bachcelona.com\/en\/wp-json\/wp\/v2\/comments?post=7453"}],"version-history":[{"count":1,"href":"https:\/\/www.bachcelona.com\/en\/wp-json\/wp\/v2\/pages\/7453\/revisions"}],"predecessor-version":[{"id":7462,"href":"https:\/\/www.bachcelona.com\/en\/wp-json\/wp\/v2\/pages\/7453\/revisions\/7462"}],"wp:attachment":[{"href":"https:\/\/www.bachcelona.com\/en\/wp-json\/wp\/v2\/media?parent=7453"}],"curies":[{"name":"wp","href":"https:\/\/api.w.org\/{rel}","templated":true}]}}