{"id":7347,"date":"2020-12-23T12:53:58","date_gmt":"2020-12-23T12:53:58","guid":{"rendered":"http:\/\/212.129.56.154\/arthur-cangucu\/"},"modified":"2025-12-11T20:52:28","modified_gmt":"2025-12-11T20:52:28","slug":"arthur-cangucu","status":"publish","type":"page","link":"https:\/\/www.bachcelona.com\/en\/arthur-cangucu\/","title":{"rendered":"Arthur Cangu\u00e7u"},"content":{"rendered":"[vc_row full_width=&#8221;stretch_row_content_no_spaces&#8221; ult_hide_row=&#8221;ult_hide_row_value&#8221; ult_hide_row_mobile=&#8221;mobile&#8221; ult_hide_row_mobile_large=&#8221;xl_mobile&#8221; css=&#8221;.vc_custom_1584652099598{padding-top: px !important;padding-right: 0px !important;padding-bottom: 0px !important;background: #8dd3cc url(http:\/\/www.bachcelona.com\/wp-content\/uploads\/2018\/05\/Green2.jpg?id=3201) !important;}&#8221;][vc_column css=&#8221;.vc_custom_1494496025351{padding-top: 0px !important;}&#8221; offset=&#8221;vc_hidden-xs&#8221;][vc_column_text css=&#8221;.vc_custom_1584892327702{padding-top: 6px !important;padding-right: 35px !important;padding-bottom: 6px !important;background-color: rgba(255,255,255,0.01) !important;*background-color: rgb(255,255,255) !important;}&#8221;]\n<h5 style=\"text-align: right;\"><span style=\"color: #000000;\"><a style=\"color: #000000;\" href=\"http:\/\/www.bachcelona.com\/\">CAT\u00a0<\/a><\/span><span style=\"color: #ff00ff;\"><span style=\"color: #ffffff;\"> |\u00a0<\/span>\u00a0<\/span><a href=\"http:\/\/www.bachcelona.com\/es\"><span style=\"color: #ffffff;\">CAS<\/span><\/a><span style=\"color: #ff00ff;\">\u00a0 <span style=\"color: #ffffff;\">| \u00a0<a style=\"color: #ffffff;\" href=\"http:\/\/www.bachcelona.com\/en\/\">ENG<\/a><\/span><\/span><\/h5>\n[\/vc_column_text][\/vc_column][\/vc_row][vc_row][vc_column offset=&#8221;vc_hidden-xs&#8221;][vc_empty_space height=&#8221;75&#8243;][\/vc_column][\/vc_row][vc_row full_width=&#8221;stretch_row_content_no_spaces&#8221; gap=&#8221;35&#8243; css=&#8221;.vc_custom_1584650599547{margin-top: 0px !important;padding-right: 0px !important;}&#8221;][vc_column width=&#8221;1\/12&#8243; css=&#8221;.vc_custom_1584650160678{margin-top: 0px !important;}&#8221;][\/vc_column][vc_column width=&#8221;4\/12&#8243; offset=&#8221;vc_col-lg-offset-0 vc_col-md-offset-0 vc_col-sm-offset-0&#8243;][vc_single_image image=&#8221;6552&#8243; img_size=&#8221;full&#8221; alignment=&#8221;center&#8221; css=&#8221;.vc_custom_1608727965080{margin-top: 0px !important;}&#8221;][vc_raw_html][\/vc_raw_html][\/vc_column][vc_column width=&#8221;6\/12&#8243;][vc_row_inner][vc_column_inner width=&#8221;1\/12&#8243;][\/vc_column_inner][vc_column_inner width=&#8221;11\/12&#8243;][vc_column_text css=&#8221;.vc_custom_1609187841058{margin-top: 15px !important;}&#8221;]\n<h2>Arthur Cangu\u00e7u, <em>baix<\/em><\/h2>\n<p>Va n\u00e9ixer l\u2019any 1992 a Campina, Brazil. Des del 2016 es troba completant el seu m\u00e0ster en \u00d2pera a la Universitat Estatal de M\u00fasica i Arts Esc\u00e8niques de Stuttgart, a la c\u00e0tedra de Teru Yoshihara. Com a solista, Cangucu ha cantat obres com el Requiem de G. Faur\u00e9, l\u2019 Alca\u00e7uz Messe de D. Guainais, l\u2019 Oratorio de N\u00f6el de C. Saint-S\u00e4ens, la Petite Messe Solennelle de G. Rossini, la G-Dur Messe de F. Schubert i la Johannes Passion de J. S. Bach, entre d\u2019altres. L\u2019\u00f2pera constitueix tamb\u00e9 una part important de la seva carrera musical, havent participat en diferents produccions com Die Zauberfl\u00f6te (Papageno), La Boh\u00e8me (Schaunard), La Clemenza di Tito (Publio), Dido &amp; Aeneas (Aeneas), The Telephone (Ben), Le Nozze di Figaro (Conte D\u2019Almaviva), Les Contes d\u2019Hoffmann (Copp\u00e9lius, Dr. Mirakel i Schl\u00e9mil), Il Barbiere di Siviglia (Fiorello), Maria Stuarda (Talbot), Viva la Mamma (Poeta), Tannh\u00e4user (Biterolf) i Gianni Schicchi (Gianni).[\/vc_column_text][vc_empty_space height=&#8221;15&#8243;][\/vc_column_inner][\/vc_row_inner][\/vc_column][vc_column width=&#8221;1\/12&#8243;][\/vc_column][\/vc_row][vc_row][vc_column offset=&#8221;vc_hidden-sm vc_hidden-xs&#8221;][vc_empty_space height=&#8221;100&#8243;][\/vc_column][\/vc_row]\n","protected":false},"excerpt":{"rendered":"<p>[vc_row full_width=&#8221;stretch_row_content_no_spaces&#8221; ult_hide_row=&#8221;ult_hide_row_value&#8221; ult_hide_row_mobile=&#8221;mobile&#8221; ult_hide_row_mobile_large=&#8221;xl_mobile&#8221; css=&#8221;.vc_custom_1584652099598{padding-top: px !important;padding-right: 0px !important;padding-bottom: 0px !important;background: #8dd3cc url(http:\/\/www.bachcelona.com\/wp-content\/uploads\/2018\/05\/Green2.jpg?id=3201) !important;}&#8221;][vc_column css=&#8221;.vc_custom_1494496025351{padding-top: 0px !important;}&#8221; offset=&#8221;vc_hidden-xs&#8221;][vc_column_text css=&#8221;.vc_custom_1584892327702{padding-top: 6px !important;padding-right: 35px !important;padding-bottom: 6px !important;background-color: rgba(255,255,255,0.01) !important;*background-color: rgb(255,255,255) !important;}&#8221;] CAT\u00a0 |\u00a0\u00a0CAS\u00a0 | \u00a0ENG [\/vc_column_text][\/vc_column][\/vc_row][vc_row][vc_column offset=&#8221;vc_hidden-xs&#8221;][vc_empty_space height=&#8221;75&#8243;][\/vc_column][\/vc_row][vc_row full_width=&#8221;stretch_row_content_no_spaces&#8221; gap=&#8221;35&#8243; css=&#8221;.vc_custom_1584650599547{margin-top: 0px !important;padding-right: 0px !important;}&#8221;][vc_column width=&#8221;1\/12&#8243; css=&#8221;.vc_custom_1584650160678{margin-top: 0px !important;}&#8221;][\/vc_column][vc_column width=&#8221;4\/12&#8243; offset=&#8221;vc_col-lg-offset-0 vc_col-md-offset-0 vc_col-sm-offset-0&#8243;][vc_single_image image=&#8221;6552&#8243; img_size=&#8221;full&#8221; alignment=&#8221;center&#8221; [&hellip;]<\/p>\n","protected":false},"author":1,"featured_media":0,"parent":0,"menu_order":2,"comment_status":"open","ping_status":"closed","template":"","meta":[],"aioseo_notices":[],"_links":{"self":[{"href":"https:\/\/www.bachcelona.com\/en\/wp-json\/wp\/v2\/pages\/7347"}],"collection":[{"href":"https:\/\/www.bachcelona.com\/en\/wp-json\/wp\/v2\/pages"}],"about":[{"href":"https:\/\/www.bachcelona.com\/en\/wp-json\/wp\/v2\/types\/page"}],"author":[{"embeddable":true,"href":"https:\/\/www.bachcelona.com\/en\/wp-json\/wp\/v2\/users\/1"}],"replies":[{"embeddable":true,"href":"https:\/\/www.bachcelona.com\/en\/wp-json\/wp\/v2\/comments?post=7347"}],"version-history":[{"count":6,"href":"https:\/\/www.bachcelona.com\/en\/wp-json\/wp\/v2\/pages\/7347\/revisions"}],"predecessor-version":[{"id":12908,"href":"https:\/\/www.bachcelona.com\/en\/wp-json\/wp\/v2\/pages\/7347\/revisions\/12908"}],"wp:attachment":[{"href":"https:\/\/www.bachcelona.com\/en\/wp-json\/wp\/v2\/media?parent=7347"}],"curies":[{"name":"wp","href":"https:\/\/api.w.org\/{rel}","templated":true}]}}