{"id":7331,"date":"2020-12-23T11:32:09","date_gmt":"2020-12-23T11:32:09","guid":{"rendered":"http:\/\/212.129.56.154\/ben-kazez\/"},"modified":"2025-12-11T20:59:47","modified_gmt":"2025-12-11T20:59:47","slug":"ben-kazez","status":"publish","type":"page","link":"https:\/\/www.bachcelona.com\/en\/ben-kazez\/","title":{"rendered":"Ben Kazez"},"content":{"rendered":"[vc_row full_width=&#8221;stretch_row_content_no_spaces&#8221; ult_hide_row=&#8221;ult_hide_row_value&#8221; ult_hide_row_mobile=&#8221;mobile&#8221; ult_hide_row_mobile_large=&#8221;xl_mobile&#8221; css=&#8221;.vc_custom_1584652099598{padding-top: px !important;padding-right: 0px !important;padding-bottom: 0px !important;background: #8dd3cc url(http:\/\/www.bachcelona.com\/wp-content\/uploads\/2018\/05\/Green2.jpg?id=3201) !important;}&#8221;][vc_column css=&#8221;.vc_custom_1494496025351{padding-top: 0px !important;}&#8221; offset=&#8221;vc_hidden-xs&#8221;][vc_column_text css=&#8221;.vc_custom_1584892327702{padding-top: 6px !important;padding-right: 35px !important;padding-bottom: 6px !important;background-color: rgba(255,255,255,0.01) !important;*background-color: rgb(255,255,255) !important;}&#8221;]\n<h5 style=\"text-align: right;\"><span style=\"color: #000000;\"><a style=\"color: #000000;\" href=\"http:\/\/www.bachcelona.com\/\">CAT\u00a0<\/a><\/span><span style=\"color: #ff00ff;\"><span style=\"color: #ffffff;\"> |\u00a0<\/span>\u00a0<\/span><a href=\"http:\/\/www.bachcelona.com\/es\"><span style=\"color: #ffffff;\">CAS<\/span><\/a><span style=\"color: #ff00ff;\">\u00a0 <span style=\"color: #ffffff;\">| \u00a0<a style=\"color: #ffffff;\" href=\"http:\/\/www.bachcelona.com\/en\/\">ENG<\/a><\/span><\/span><\/h5>\n[\/vc_column_text][\/vc_column][\/vc_row][vc_row][vc_column offset=&#8221;vc_hidden-xs&#8221;][vc_empty_space height=&#8221;75&#8243;][\/vc_column][\/vc_row][vc_row full_width=&#8221;stretch_row_content_no_spaces&#8221; gap=&#8221;35&#8243; css=&#8221;.vc_custom_1584650599547{margin-top: 0px !important;padding-right: 0px !important;}&#8221;][vc_column width=&#8221;1\/12&#8243; css=&#8221;.vc_custom_1584650160678{margin-top: 0px !important;}&#8221;][\/vc_column][vc_column width=&#8221;4\/12&#8243; offset=&#8221;vc_col-lg-offset-0 vc_col-md-offset-0 vc_col-sm-offset-0&#8243;][vc_single_image image=&#8221;6504&#8243; img_size=&#8221;full&#8221; alignment=&#8221;center&#8221; css=&#8221;.vc_custom_1608723784758{margin-top: 0px !important;}&#8221;][vc_raw_html][\/vc_raw_html][\/vc_column][vc_column width=&#8221;6\/12&#8243;][vc_row_inner][vc_column_inner width=&#8221;1\/12&#8243;][\/vc_column_inner][vc_column_inner width=&#8221;11\/12&#8243;][vc_column_text css=&#8221;.vc_custom_1608723906393{margin-top: 15px !important;}&#8221;]\n<h2>Ben Kazez, <em>bar\u00edton<\/em><\/h2>\n<p>El bar\u00edton Ben Kazez va obtenir el M\u00e0ster de M\u00fasica a la Guildhall School de Londres i es va convertir en jove artista Britten\/Pears el 2016.<\/p>\n<p>Com a solista, ha interpretat Handel Theodora amb Dame Sarah Connolly i Christian Curnyn, cantates de Bach amb Mark Padmore a Snape Maltings, can\u00e7ons de Dowland amb Dame Emma Kirkby, Messiah a St John&#8217;s Smith Square de Londres i Charpentier i Carissimi al Milton Court de Londres. Amb BZM Ensemble, va cantar a L&#8217;Auditori i Petit Palau de la M\u00fasica amb Daniel Tarrida, Vaclav Luks i Shunske Sato.<\/p>\n<p>Com a membre d&#8217;un cor professional, Ben Kazez ha cantat al Monteverdi Choir dirigit per Sir John Eliot Gardiner amb English Baroque Soloists i Orchestre R\u00e9volutionnaire et Romantique al Festival de Salzburg, BBC Proms Royal Albert Hall, Vienna Musikverein, Amsterdam Concertgebouw, Berlin Philharmonie, el Teatro La Fenice de Ven\u00e8cia, i Versalles. A Ghislieri Coro e Orchestra, va cantar al Concertgebouw i al Festival d\u2019Ambronay i va enregistrar Jommelli i el cant gregori\u00e0 (Arcana, 2020).[\/vc_column_text][vc_empty_space height=&#8221;15&#8243;][\/vc_column_inner][\/vc_row_inner][\/vc_column][vc_column width=&#8221;1\/12&#8243;][\/vc_column][\/vc_row][vc_row][vc_column offset=&#8221;vc_hidden-sm vc_hidden-xs&#8221;][vc_empty_space height=&#8221;100&#8243;][\/vc_column][\/vc_row]\n","protected":false},"excerpt":{"rendered":"<p>[vc_row full_width=&#8221;stretch_row_content_no_spaces&#8221; ult_hide_row=&#8221;ult_hide_row_value&#8221; ult_hide_row_mobile=&#8221;mobile&#8221; ult_hide_row_mobile_large=&#8221;xl_mobile&#8221; css=&#8221;.vc_custom_1584652099598{padding-top: px !important;padding-right: 0px !important;padding-bottom: 0px !important;background: #8dd3cc url(http:\/\/www.bachcelona.com\/wp-content\/uploads\/2018\/05\/Green2.jpg?id=3201) !important;}&#8221;][vc_column css=&#8221;.vc_custom_1494496025351{padding-top: 0px !important;}&#8221; offset=&#8221;vc_hidden-xs&#8221;][vc_column_text css=&#8221;.vc_custom_1584892327702{padding-top: 6px !important;padding-right: 35px !important;padding-bottom: 6px !important;background-color: rgba(255,255,255,0.01) !important;*background-color: rgb(255,255,255) !important;}&#8221;] CAT\u00a0 |\u00a0\u00a0CAS\u00a0 | \u00a0ENG [\/vc_column_text][\/vc_column][\/vc_row][vc_row][vc_column offset=&#8221;vc_hidden-xs&#8221;][vc_empty_space height=&#8221;75&#8243;][\/vc_column][\/vc_row][vc_row full_width=&#8221;stretch_row_content_no_spaces&#8221; gap=&#8221;35&#8243; css=&#8221;.vc_custom_1584650599547{margin-top: 0px !important;padding-right: 0px !important;}&#8221;][vc_column width=&#8221;1\/12&#8243; css=&#8221;.vc_custom_1584650160678{margin-top: 0px !important;}&#8221;][\/vc_column][vc_column width=&#8221;4\/12&#8243; offset=&#8221;vc_col-lg-offset-0 vc_col-md-offset-0 vc_col-sm-offset-0&#8243;][vc_single_image image=&#8221;6504&#8243; img_size=&#8221;full&#8221; alignment=&#8221;center&#8221; [&hellip;]<\/p>\n","protected":false},"author":1,"featured_media":0,"parent":0,"menu_order":2,"comment_status":"open","ping_status":"closed","template":"","meta":[],"aioseo_notices":[],"_links":{"self":[{"href":"https:\/\/www.bachcelona.com\/en\/wp-json\/wp\/v2\/pages\/7331"}],"collection":[{"href":"https:\/\/www.bachcelona.com\/en\/wp-json\/wp\/v2\/pages"}],"about":[{"href":"https:\/\/www.bachcelona.com\/en\/wp-json\/wp\/v2\/types\/page"}],"author":[{"embeddable":true,"href":"https:\/\/www.bachcelona.com\/en\/wp-json\/wp\/v2\/users\/1"}],"replies":[{"embeddable":true,"href":"https:\/\/www.bachcelona.com\/en\/wp-json\/wp\/v2\/comments?post=7331"}],"version-history":[{"count":7,"href":"https:\/\/www.bachcelona.com\/en\/wp-json\/wp\/v2\/pages\/7331\/revisions"}],"predecessor-version":[{"id":12046,"href":"https:\/\/www.bachcelona.com\/en\/wp-json\/wp\/v2\/pages\/7331\/revisions\/12046"}],"wp:attachment":[{"href":"https:\/\/www.bachcelona.com\/en\/wp-json\/wp\/v2\/media?parent=7331"}],"curies":[{"name":"wp","href":"https:\/\/api.w.org\/{rel}","templated":true}]}}