{"id":7311,"date":"2020-12-22T01:20:45","date_gmt":"2020-12-22T01:20:45","guid":{"rendered":"http:\/\/212.129.56.154\/mercedes-gancedo\/"},"modified":"2025-12-11T21:08:05","modified_gmt":"2025-12-11T21:08:05","slug":"mercedes-gancedo","status":"publish","type":"page","link":"https:\/\/www.bachcelona.com\/en\/mercedes-gancedo\/","title":{"rendered":"Mercedes &lt;br&gt;Gancedo"},"content":{"rendered":"[vc_row full_width=&#8221;stretch_row_content_no_spaces&#8221; css=&#8221;.vc_custom_1612202884352{margin-bottom: 0px !important;padding-top: px !important;padding-right: 0px !important;padding-bottom: 0px !important;}&#8221; el_class=&#8221;bar-language&#8221;][vc_column css=&#8221;.vc_custom_1612180516486{margin-bottom: 0px !important;padding-top: 0px !important;padding-right: 32px !important;padding-bottom: 0px !important;}&#8221; offset=&#8221;vc_col-xs-12 vc_hidden-xs&#8221;][vc_custom_heading text=&#8221;`{`wpml_language_selector_widget`}`&#8221; font_container=&#8221;tag:h5|font_size:12px|text_align:right&#8221; use_theme_fonts=&#8221;yes&#8221; css=&#8221;.vc_custom_1612179881970{margin-bottom: 0px !important;padding-top: 5px !important;padding-bottom: 5px !important;}&#8221;][\/vc_column][\/vc_row][vc_row full_width=&#8221;stretch_row_content_no_spaces&#8221; css=&#8221;.vc_custom_1612202897517{margin-bottom: 0px !important;padding-top: px !important;padding-right: 0px !important;padding-bottom: 0px !important;}&#8221; el_class=&#8221;bar-language&#8221;][vc_column css=&#8221;.vc_custom_1612180406598{margin-bottom: 0px !important;padding-top: 0px !important;padding-bottom: 0px !important;}&#8221; offset=&#8221;vc_hidden-lg vc_hidden-md vc_hidden-sm vc_col-xs-12&#8243;][vc_custom_heading text=&#8221;`{`wpml_language_selector_widget`}`&#8221; font_container=&#8221;tag:h5|font_size:12px|text_align:center&#8221; use_theme_fonts=&#8221;yes&#8221; css=&#8221;.vc_custom_1612180415270{margin-bottom: 0px !important;padding-top: 5px !important;padding-bottom: 5px !important;}&#8221;][\/vc_column][\/vc_row][vc_row][vc_column offset=&#8221;vc_hidden-xs&#8221;][vc_empty_space height=&#8221;75&#8243;][\/vc_column][\/vc_row][vc_row full_width=&#8221;stretch_row_content_no_spaces&#8221; gap=&#8221;35&#8243; css=&#8221;.vc_custom_1584650599547{margin-top: 0px !important;padding-right: 0px !important;}&#8221;][vc_column width=&#8221;1\/12&#8243; css=&#8221;.vc_custom_1584650160678{margin-top: 0px !important;}&#8221;][\/vc_column][vc_column width=&#8221;4\/12&#8243; offset=&#8221;vc_col-lg-offset-0 vc_col-md-offset-0 vc_col-sm-offset-0&#8243;][vc_single_image image=&#8221;6536&#8243; img_size=&#8221;full&#8221; alignment=&#8221;center&#8221; css=&#8221;.vc_custom_1608726282895{margin-top: 0px !important;}&#8221;][vc_raw_html][\/vc_raw_html][\/vc_column][vc_column width=&#8221;6\/12&#8243;][vc_row_inner][vc_column_inner width=&#8221;1\/12&#8243;][\/vc_column_inner][vc_column_inner width=&#8221;11\/12&#8243;][vc_column_text css=&#8221;.vc_custom_1609189579785{margin-top: 15px !important;}&#8221;]\n<h2>Mercedes\u00a0Gancedo, <em>soprano<\/em><\/h2>\n<p class=\"p1\">Nascuda a Buenos Aires, debut\u00e0 a 18 anys en el rol de Despina (<i>Cos\u00ec fan tutte<\/i>) al Teatro Roma de la seva ciutat natal. Formada amb Jaume Aragall, Teresa Berganza, Mirella Freni, Montserrat Caball\u00e9 i Cecilia Bartoli, entre d\u2019altres,\u00a0Gancedo\u00a0combina la faceta oper\u00edstica amb el lied i l\u2019oratori. Ha estudiat el M\u00e0ster de Lied \u201cVictoria de los Angeles\u201d a l\u2019ESMUC, i ha estat premiada a diversos pa\u00efsos, entre els quals es troba Argentina, Alemanya i Catalunya (Francesc Vi\u00f1as, Premi El Primer Palau). Aquest any ha encetat la Temporada del Gran Teatre del Liceu 2020-2021 amb l&#8217;\u00f2pera\u00a0<i>Il Trovatore, sota la batuta de Gustavo Dudamel.<\/i>\u00a0Ha cantat rols com Elle (<i>La voix humaine<\/i>), Mariana (<i>Das Liebesverbot<\/i>), Berta (<i>Il barbiere di Siviglia<\/i>), Pamina, Zweite Dame (<i>Die Zauberfl\u00f6te<\/i>), Alisa (<i>Lucia di Lammermoor<\/i>), Clarina (<i>La cambiale di matrimonio<\/i>), Micaela (<i>Carmen<\/i>), Kate Pinkerton (<i>Madame Butterfly<\/i>), Condesa di Ceprano (<i>Rigoletto<\/i>), Giannetta (<i>L\u2019Elisir d\u2019amore<\/i>) en teatres com el Gran Teatre del Liceu, Festival Castell de Peralada, Teatro Campoamor d\u2019Oviedo, Teatro Jovellanos i La Far\u00e0ndula de Sabadell. Ha actuat sota la batuta de mestres com Gustavo Dudamel, Enrico Delamboye, Daniel Montan\u00e9, Riccardo Frizza i Josep Pons, entre d\u2019altres.<\/p>\n<p class=\"p1\">L\u2019artisa est\u00e0 realitzant, paral.lelament, una destacable carrera en el g\u00e8nere del lied, participant en importants festivals i auditoris com l\u2019Oxford Lieder Festival, la Schubert\u00edada de Vilabertran, el Festival LIFE Victoria, el Barcelona Obertura Spring Festival, el Palau de la M\u00fasica Catalana, L\u2019Auditori i la Fundaci\u00f3 Juan March.<span class=\"s1\"><br \/>\n<\/span>Amb la pianista Beatriz Miralles, grav\u00e0, el 2017, el seu \u00e0lbum debut\u00a0<i>Cooking America<\/i>.<span class=\"s1\"><br \/>\n<\/span><\/p>\n[\/vc_column_text][vc_empty_space height=&#8221;15&#8243;][\/vc_column_inner][\/vc_row_inner][\/vc_column][vc_column width=&#8221;1\/12&#8243;][\/vc_column][\/vc_row][vc_row][vc_column offset=&#8221;vc_hidden-sm vc_hidden-xs&#8221;][vc_empty_space height=&#8221;100&#8243;][\/vc_column][\/vc_row]\n","protected":false},"excerpt":{"rendered":"<p>[vc_row full_width=&#8221;stretch_row_content_no_spaces&#8221; css=&#8221;.vc_custom_1612202884352{margin-bottom: 0px !important;padding-top: px !important;padding-right: 0px !important;padding-bottom: 0px !important;}&#8221; el_class=&#8221;bar-language&#8221;][vc_column css=&#8221;.vc_custom_1612180516486{margin-bottom: 0px !important;padding-top: 0px !important;padding-right: 32px !important;padding-bottom: 0px !important;}&#8221; offset=&#8221;vc_col-xs-12 vc_hidden-xs&#8221;][vc_custom_heading text=&#8221;`{`wpml_language_selector_widget`}`&#8221; font_container=&#8221;tag:h5|font_size:12px|text_align:right&#8221; use_theme_fonts=&#8221;yes&#8221; css=&#8221;.vc_custom_1612179881970{margin-bottom: 0px !important;padding-top: 5px !important;padding-bottom: 5px !important;}&#8221;][\/vc_column][\/vc_row][vc_row full_width=&#8221;stretch_row_content_no_spaces&#8221; css=&#8221;.vc_custom_1612202897517{margin-bottom: 0px !important;padding-top: px !important;padding-right: 0px !important;padding-bottom: 0px !important;}&#8221; el_class=&#8221;bar-language&#8221;][vc_column css=&#8221;.vc_custom_1612180406598{margin-bottom: 0px !important;padding-top: 0px !important;padding-bottom: 0px !important;}&#8221; offset=&#8221;vc_hidden-lg vc_hidden-md vc_hidden-sm vc_col-xs-12&#8243;][vc_custom_heading [&hellip;]<\/p>\n","protected":false},"author":1,"featured_media":0,"parent":0,"menu_order":2,"comment_status":"open","ping_status":"closed","template":"","meta":[],"aioseo_notices":[],"_links":{"self":[{"href":"https:\/\/www.bachcelona.com\/en\/wp-json\/wp\/v2\/pages\/7311"}],"collection":[{"href":"https:\/\/www.bachcelona.com\/en\/wp-json\/wp\/v2\/pages"}],"about":[{"href":"https:\/\/www.bachcelona.com\/en\/wp-json\/wp\/v2\/types\/page"}],"author":[{"embeddable":true,"href":"https:\/\/www.bachcelona.com\/en\/wp-json\/wp\/v2\/users\/1"}],"replies":[{"embeddable":true,"href":"https:\/\/www.bachcelona.com\/en\/wp-json\/wp\/v2\/comments?post=7311"}],"version-history":[{"count":9,"href":"https:\/\/www.bachcelona.com\/en\/wp-json\/wp\/v2\/pages\/7311\/revisions"}],"predecessor-version":[{"id":10304,"href":"https:\/\/www.bachcelona.com\/en\/wp-json\/wp\/v2\/pages\/7311\/revisions\/10304"}],"wp:attachment":[{"href":"https:\/\/www.bachcelona.com\/en\/wp-json\/wp\/v2\/media?parent=7311"}],"curies":[{"name":"wp","href":"https:\/\/api.w.org\/{rel}","templated":true}]}}