{"id":12902,"date":"2025-12-11T20:33:54","date_gmt":"2025-12-11T20:33:54","guid":{"rendered":"https:\/\/www.bachcelona.com\/lluis-arratia\/"},"modified":"2025-12-11T20:33:56","modified_gmt":"2025-12-11T20:33:56","slug":"lluis-arratia","status":"publish","type":"page","link":"https:\/\/www.bachcelona.com\/en\/lluis-arratia\/","title":{"rendered":"Llu\u00eds Arratia"},"content":{"rendered":"[vc_row full_width=&#8221;stretch_row_content_no_spaces&#8221; css=&#8221;.vc_custom_1612202897517{margin-bottom: 0px !important;padding-top: px !important;padding-right: 0px !important;padding-bottom: 0px !important;}&#8221; el_class=&#8221;bar-language&#8221;][vc_column css=&#8221;.vc_custom_1612180406598{margin-bottom: 0px !important;padding-top: 0px !important;padding-bottom: 0px !important;}&#8221; offset=&#8221;vc_hidden-lg vc_hidden-md vc_hidden-sm vc_col-xs-12&#8243;][vc_custom_heading text=&#8221;`{`wpml_language_selector_widget`}`&#8221; font_container=&#8221;tag:h5|font_size:12px|text_align:center&#8221; use_theme_fonts=&#8221;yes&#8221; css=&#8221;.vc_custom_1612180415270{margin-bottom: 0px !important;padding-top: 5px !important;padding-bottom: 5px !important;}&#8221;][\/vc_column][\/vc_row][vc_row full_width=&#8221;stretch_row_content_no_spaces&#8221; css=&#8221;.vc_custom_1612202884352{margin-bottom: 0px !important;padding-top: px !important;padding-right: 0px !important;padding-bottom: 0px !important;}&#8221; el_class=&#8221;bar-language&#8221;][vc_column css=&#8221;.vc_custom_1612180516486{margin-bottom: 0px !important;padding-top: 0px !important;padding-right: 32px !important;padding-bottom: 0px !important;}&#8221; offset=&#8221;vc_col-xs-12 vc_hidden-xs&#8221;][vc_custom_heading text=&#8221;`{`wpml_language_selector_widget`}`&#8221; font_container=&#8221;tag:h5|font_size:12px|text_align:right&#8221; use_theme_fonts=&#8221;yes&#8221; css=&#8221;.vc_custom_1612179881970{margin-bottom: 0px !important;padding-top: 5px !important;padding-bottom: 5px !important;}&#8221;][\/vc_column][\/vc_row][vc_row][vc_column offset=&#8221;vc_hidden-xs&#8221;][vc_empty_space height=&#8221;75&#8243;][\/vc_column][\/vc_row][vc_row full_width=&#8221;stretch_row_content_no_spaces&#8221; gap=&#8221;35&#8243; css=&#8221;.vc_custom_1584650599547{margin-top: 0px !important;padding-right: 0px !important;}&#8221;][vc_column width=&#8221;1\/12&#8243; css=&#8221;.vc_custom_1584650160678{margin-top: 0px !important;}&#8221;][\/vc_column][vc_column width=&#8221;4\/12&#8243; offset=&#8221;vc_col-lg-offset-0 vc_col-md-offset-0 vc_col-sm-offset-0&#8243;][vc_single_image image=&#8221;12866&#8243; img_size=&#8221;full&#8221; alignment=&#8221;center&#8221; css=&#8221;.vc_custom_1765403474100{margin-top: 0px !important;}&#8221;][vc_raw_html][\/vc_raw_html][\/vc_column][vc_column width=&#8221;6\/12&#8243;][vc_row_inner][vc_column_inner width=&#8221;1\/12&#8243;][\/vc_column_inner][vc_column_inner width=&#8221;11\/12&#8243;][vc_column_text css=&#8221;.vc_custom_1765403333250{margin-top: 15px !important;}&#8221;]\n<h2>Llu\u00eds Arratia, <em>baritone<\/em><\/h2>\n<p>He began his vocal training in Germany, where he was admitted to the Bavarian State Youth Choir. He earned his Bachelor&#8217;s Degree in Performance, specialising in Classical and Contemporary Singing, at ESMUC under Margarida Natividade. During these studies, he took part in masterclasses led by Josep Bros and Wolfram Rieger. He has also worked with Francisco Poyato, Josep Surinyac, Viviana Salisi, Marta Almajano and Assumpta Mateu, among others. In his fourth year, he was awarded the Anna Riera scholarship.<\/p>\n<p>Among the works he has performed as a soloist are Bach\u2019s Magnificat in D (BWV 243), several of the composer\u2019s cantatas (BWV 56, BWV 61, BWV 89, BWV 115, BWV 132, BWV 140), and the Requiems by Mozart and Faur\u00e9.<\/p>\n<p>His interest in early music has led him to take part in training projects such as the Bachcelona Akademie in its first three editions. He has also broadened his knowledge through courses taught by Carlos Mena and Eduardo L\u00f3pez Banzo.<\/p>\n<p>Regarding ensemble and choral experience, he is a member of La Capella Reial de Catalunya under the direction of Jordi Savall. He also collaborates with La Jove Capella Reial de Catalunya, directed by Llu\u00eds Vilamaj\u00f3, and with the ensemble Cantor\u00eda (dir. Jorge Losana). He has sung with the polyphony group Intonationes and with Cor Pedrell.<\/p>\n<p>He is currently pursuing a master\u2019s degree in concert and opera singing at the Hochschule f\u00fcr Musik Freiburg, under the guidance of baritone Markus Eiche.[\/vc_column_text][vc_empty_space height=&#8221;15&#8243;][\/vc_column_inner][\/vc_row_inner][\/vc_column][vc_column width=&#8221;1\/12&#8243;][\/vc_column][\/vc_row][vc_row][vc_column offset=&#8221;vc_hidden-sm vc_hidden-xs&#8221;][vc_empty_space height=&#8221;100&#8243;][\/vc_column][\/vc_row]\n","protected":false},"excerpt":{"rendered":"<p>[vc_row full_width=&#8221;stretch_row_content_no_spaces&#8221; css=&#8221;.vc_custom_1612202897517{margin-bottom: 0px !important;padding-top: px !important;padding-right: 0px !important;padding-bottom: 0px !important;}&#8221; el_class=&#8221;bar-language&#8221;][vc_column css=&#8221;.vc_custom_1612180406598{margin-bottom: 0px !important;padding-top: 0px !important;padding-bottom: 0px !important;}&#8221; offset=&#8221;vc_hidden-lg vc_hidden-md vc_hidden-sm vc_col-xs-12&#8243;][vc_custom_heading text=&#8221;`{`wpml_language_selector_widget`}`&#8221; font_container=&#8221;tag:h5|font_size:12px|text_align:center&#8221; use_theme_fonts=&#8221;yes&#8221; css=&#8221;.vc_custom_1612180415270{margin-bottom: 0px !important;padding-top: 5px !important;padding-bottom: 5px !important;}&#8221;][\/vc_column][\/vc_row][vc_row full_width=&#8221;stretch_row_content_no_spaces&#8221; css=&#8221;.vc_custom_1612202884352{margin-bottom: 0px !important;padding-top: px !important;padding-right: 0px !important;padding-bottom: 0px !important;}&#8221; el_class=&#8221;bar-language&#8221;][vc_column css=&#8221;.vc_custom_1612180516486{margin-bottom: 0px !important;padding-top: 0px !important;padding-right: 32px !important;padding-bottom: 0px !important;}&#8221; offset=&#8221;vc_col-xs-12 vc_hidden-xs&#8221;][vc_custom_heading [&hellip;]<\/p>\n","protected":false},"author":1,"featured_media":0,"parent":0,"menu_order":1,"comment_status":"open","ping_status":"closed","template":"","meta":[],"aioseo_notices":[],"_links":{"self":[{"href":"https:\/\/www.bachcelona.com\/en\/wp-json\/wp\/v2\/pages\/12902"}],"collection":[{"href":"https:\/\/www.bachcelona.com\/en\/wp-json\/wp\/v2\/pages"}],"about":[{"href":"https:\/\/www.bachcelona.com\/en\/wp-json\/wp\/v2\/types\/page"}],"author":[{"embeddable":true,"href":"https:\/\/www.bachcelona.com\/en\/wp-json\/wp\/v2\/users\/1"}],"replies":[{"embeddable":true,"href":"https:\/\/www.bachcelona.com\/en\/wp-json\/wp\/v2\/comments?post=12902"}],"version-history":[{"count":3,"href":"https:\/\/www.bachcelona.com\/en\/wp-json\/wp\/v2\/pages\/12902\/revisions"}],"predecessor-version":[{"id":12905,"href":"https:\/\/www.bachcelona.com\/en\/wp-json\/wp\/v2\/pages\/12902\/revisions\/12905"}],"wp:attachment":[{"href":"https:\/\/www.bachcelona.com\/en\/wp-json\/wp\/v2\/media?parent=12902"}],"curies":[{"name":"wp","href":"https:\/\/api.w.org\/{rel}","templated":true}]}}