{"id":11684,"date":"2024-03-24T10:55:20","date_gmt":"2024-03-24T10:55:20","guid":{"rendered":"https:\/\/www.bachcelona.com\/matthew-thomson-newnew\/"},"modified":"2025-12-11T20:57:04","modified_gmt":"2025-12-11T20:57:04","slug":"matthew-thomson","status":"publish","type":"page","link":"https:\/\/www.bachcelona.com\/en\/matthew-thomson\/","title":{"rendered":"Matthew Thomson"},"content":{"rendered":"[vc_row full_width=&#8221;stretch_row_content_no_spaces&#8221; css=&#8221;.vc_custom_1612202897517{margin-bottom: 0px !important;padding-top: px !important;padding-right: 0px !important;padding-bottom: 0px !important;}&#8221; el_class=&#8221;bar-language&#8221;][vc_column css=&#8221;.vc_custom_1612180406598{margin-bottom: 0px !important;padding-top: 0px !important;padding-bottom: 0px !important;}&#8221; offset=&#8221;vc_hidden-lg vc_hidden-md vc_hidden-sm vc_col-xs-12&#8243;][vc_custom_heading text=&#8221;`{`wpml_language_selector_widget`}`&#8221; font_container=&#8221;tag:h5|font_size:12px|text_align:center&#8221; use_theme_fonts=&#8221;yes&#8221; css=&#8221;.vc_custom_1612180415270{margin-bottom: 0px !important;padding-top: 5px !important;padding-bottom: 5px !important;}&#8221;][\/vc_column][\/vc_row][vc_row full_width=&#8221;stretch_row_content_no_spaces&#8221; css=&#8221;.vc_custom_1612202884352{margin-bottom: 0px !important;padding-top: px !important;padding-right: 0px !important;padding-bottom: 0px !important;}&#8221; el_class=&#8221;bar-language&#8221;][vc_column css=&#8221;.vc_custom_1612180516486{margin-bottom: 0px !important;padding-top: 0px !important;padding-right: 32px !important;padding-bottom: 0px !important;}&#8221; offset=&#8221;vc_col-xs-12 vc_hidden-xs&#8221;][vc_custom_heading text=&#8221;`{`wpml_language_selector_widget`}`&#8221; font_container=&#8221;tag:h5|font_size:12px|text_align:right&#8221; use_theme_fonts=&#8221;yes&#8221; css=&#8221;.vc_custom_1612179881970{margin-bottom: 0px !important;padding-top: 5px !important;padding-bottom: 5px !important;}&#8221;][\/vc_column][\/vc_row][vc_row][vc_column offset=&#8221;vc_hidden-xs&#8221;][vc_empty_space height=&#8221;75&#8243;][\/vc_column][\/vc_row][vc_row full_width=&#8221;stretch_row_content_no_spaces&#8221; gap=&#8221;35&#8243; css=&#8221;.vc_custom_1584650599547{margin-top: 0px !important;padding-right: 0px !important;}&#8221;][vc_column width=&#8221;1\/12&#8243; css=&#8221;.vc_custom_1584650160678{margin-top: 0px !important;}&#8221;][\/vc_column][vc_column width=&#8221;4\/12&#8243; offset=&#8221;vc_col-lg-offset-0 vc_col-md-offset-0 vc_col-sm-offset-0&#8243;][vc_single_image image=&#8221;6616&#8243; img_size=&#8221;full&#8221; alignment=&#8221;center&#8221; css=&#8221;.vc_custom_1711277623909{margin-top: 0px !important;}&#8221;][vc_raw_html][\/vc_raw_html][\/vc_column][vc_column width=&#8221;6\/12&#8243;][vc_row_inner][vc_column_inner width=&#8221;1\/12&#8243;][\/vc_column_inner][vc_column_inner width=&#8221;11\/12&#8243;][vc_column_text css=&#8221;.vc_custom_1711277654766{margin-top: 15px !important;}&#8221;]\n<h2>Matthew Thomson<\/h2>\n<p>Originari de Melbourne, Austr\u00e0lia, resideix actualmente a Barcelona i s\u2019especialitza en repertori barroc i cl\u00e0ssic, interessant-se alhora en les complosicions contempor\u00e0nies. \u00c9s llicenciat amb un M\u00e0ster d\u2019interpretaci\u00f3 i pedagog\u00eda pel Conservatori de M\u00fasica de la Universitat de Melbourne, on ha realitzat una intensa activitat professional els darrers 10 anys. A Barcelona ha col\u00b7laborat amb grups vocals molt prestigiosos com Ars Nova, el Cor de Cambra del Palau de la M\u00fasica, el Cor de Cambra de Granollers, The Beauty Fools i un nou conjunt vocal anomenat Kosmos Quartet. L\u2019any 2016 va ser guardonat amb el primer premi John Amis concedit per la Dartington International Summer School.[\/vc_column_text][vc_empty_space height=&#8221;15&#8243;][\/vc_column_inner][\/vc_row_inner][\/vc_column][vc_column width=&#8221;1\/12&#8243;][\/vc_column][\/vc_row][vc_row][vc_column offset=&#8221;vc_hidden-sm vc_hidden-xs&#8221;][vc_empty_space height=&#8221;100&#8243;][\/vc_column][\/vc_row]\n","protected":false},"excerpt":{"rendered":"<p>[vc_row full_width=&#8221;stretch_row_content_no_spaces&#8221; css=&#8221;.vc_custom_1612202897517{margin-bottom: 0px !important;padding-top: px !important;padding-right: 0px !important;padding-bottom: 0px !important;}&#8221; el_class=&#8221;bar-language&#8221;][vc_column css=&#8221;.vc_custom_1612180406598{margin-bottom: 0px !important;padding-top: 0px !important;padding-bottom: 0px !important;}&#8221; offset=&#8221;vc_hidden-lg vc_hidden-md vc_hidden-sm vc_col-xs-12&#8243;][vc_custom_heading text=&#8221;`{`wpml_language_selector_widget`}`&#8221; font_container=&#8221;tag:h5|font_size:12px|text_align:center&#8221; use_theme_fonts=&#8221;yes&#8221; css=&#8221;.vc_custom_1612180415270{margin-bottom: 0px !important;padding-top: 5px !important;padding-bottom: 5px !important;}&#8221;][\/vc_column][\/vc_row][vc_row full_width=&#8221;stretch_row_content_no_spaces&#8221; css=&#8221;.vc_custom_1612202884352{margin-bottom: 0px !important;padding-top: px !important;padding-right: 0px !important;padding-bottom: 0px !important;}&#8221; el_class=&#8221;bar-language&#8221;][vc_column css=&#8221;.vc_custom_1612180516486{margin-bottom: 0px !important;padding-top: 0px !important;padding-right: 32px !important;padding-bottom: 0px !important;}&#8221; offset=&#8221;vc_col-xs-12 vc_hidden-xs&#8221;][vc_custom_heading [&hellip;]<\/p>\n","protected":false},"author":1,"featured_media":0,"parent":0,"menu_order":1,"comment_status":"open","ping_status":"closed","template":"","meta":[],"aioseo_notices":[],"_links":{"self":[{"href":"https:\/\/www.bachcelona.com\/en\/wp-json\/wp\/v2\/pages\/11684"}],"collection":[{"href":"https:\/\/www.bachcelona.com\/en\/wp-json\/wp\/v2\/pages"}],"about":[{"href":"https:\/\/www.bachcelona.com\/en\/wp-json\/wp\/v2\/types\/page"}],"author":[{"embeddable":true,"href":"https:\/\/www.bachcelona.com\/en\/wp-json\/wp\/v2\/users\/1"}],"replies":[{"embeddable":true,"href":"https:\/\/www.bachcelona.com\/en\/wp-json\/wp\/v2\/comments?post=11684"}],"version-history":[{"count":7,"href":"https:\/\/www.bachcelona.com\/en\/wp-json\/wp\/v2\/pages\/11684\/revisions"}],"predecessor-version":[{"id":12037,"href":"https:\/\/www.bachcelona.com\/en\/wp-json\/wp\/v2\/pages\/11684\/revisions\/12037"}],"wp:attachment":[{"href":"https:\/\/www.bachcelona.com\/en\/wp-json\/wp\/v2\/media?parent=11684"}],"curies":[{"name":"wp","href":"https:\/\/api.w.org\/{rel}","templated":true}]}}