{"id":11591,"date":"2024-03-23T23:22:08","date_gmt":"2024-03-23T23:22:08","guid":{"rendered":"https:\/\/www.bachcelona.com\/charlie-baigent\/"},"modified":"2025-12-11T21:29:22","modified_gmt":"2025-12-11T21:29:22","slug":"charlie-baigent","status":"publish","type":"page","link":"https:\/\/www.bachcelona.com\/en\/charlie-baigent\/","title":{"rendered":"Charlie Baigent"},"content":{"rendered":"[vc_row full_width=&#8221;stretch_row_content_no_spaces&#8221; css=&#8221;.vc_custom_1612202897517{margin-bottom: 0px !important;padding-top: px !important;padding-right: 0px !important;padding-bottom: 0px !important;}&#8221; el_class=&#8221;bar-language&#8221;][vc_column css=&#8221;.vc_custom_1612180406598{margin-bottom: 0px !important;padding-top: 0px !important;padding-bottom: 0px !important;}&#8221; offset=&#8221;vc_hidden-lg vc_hidden-md vc_hidden-sm vc_col-xs-12&#8243;][vc_custom_heading text=&#8221;`{`wpml_language_selector_widget`}`&#8221; font_container=&#8221;tag:h5|font_size:12px|text_align:center&#8221; use_theme_fonts=&#8221;yes&#8221; css=&#8221;.vc_custom_1612180415270{margin-bottom: 0px !important;padding-top: 5px !important;padding-bottom: 5px !important;}&#8221;][\/vc_column][\/vc_row][vc_row full_width=&#8221;stretch_row_content_no_spaces&#8221; css=&#8221;.vc_custom_1612202884352{margin-bottom: 0px !important;padding-top: px !important;padding-right: 0px !important;padding-bottom: 0px !important;}&#8221; el_class=&#8221;bar-language&#8221;][vc_column css=&#8221;.vc_custom_1612180516486{margin-bottom: 0px !important;padding-top: 0px !important;padding-right: 32px !important;padding-bottom: 0px !important;}&#8221; offset=&#8221;vc_col-xs-12 vc_hidden-xs&#8221;][vc_custom_heading text=&#8221;`{`wpml_language_selector_widget`}`&#8221; font_container=&#8221;tag:h5|font_size:12px|text_align:right&#8221; use_theme_fonts=&#8221;yes&#8221; css=&#8221;.vc_custom_1612179881970{margin-bottom: 0px !important;padding-top: 5px !important;padding-bottom: 5px !important;}&#8221;][\/vc_column][\/vc_row][vc_row][vc_column offset=&#8221;vc_hidden-xs&#8221;][vc_empty_space height=&#8221;75&#8243;][\/vc_column][\/vc_row][vc_row full_width=&#8221;stretch_row_content_no_spaces&#8221; gap=&#8221;35&#8243; css=&#8221;.vc_custom_1584650599547{margin-top: 0px !important;padding-right: 0px !important;}&#8221;][vc_column width=&#8221;1\/12&#8243; css=&#8221;.vc_custom_1584650160678{margin-top: 0px !important;}&#8221;][\/vc_column][vc_column width=&#8221;4\/12&#8243; offset=&#8221;vc_col-lg-offset-0 vc_col-md-offset-0 vc_col-sm-offset-0&#8243;][vc_single_image image=&#8221;11562&#8243; img_size=&#8221;full&#8221; alignment=&#8221;center&#8221; css=&#8221;.vc_custom_1711229696758{margin-top: 0px !important;}&#8221;][vc_raw_html][\/vc_raw_html][\/vc_column][vc_column width=&#8221;6\/12&#8243;][vc_row_inner][vc_column_inner width=&#8221;1\/12&#8243;][\/vc_column_inner][vc_column_inner width=&#8221;11\/12&#8243;][vc_column_text css=&#8221;.vc_custom_1711229672988{margin-top: 15px !important;}&#8221;]\n<h2>Charlie Baigent, <em>baix<\/em><\/h2>\n<p>Charlie acaba d&#8217;acabar els seus estudis al Royal College of Music, i compta amb agenda plena de concerts, \u00f2pera i cant, particularment com a guanyador del Salvat Beca Bach 2024 a Barcelona aquest any.<\/p>\n<p>Ha interpretat el paper de Papageno a La flauta m\u00e0gica i Valentin a Faust per a l&#8217;\u00d2pera Arc\u00e0dia, F\u00edgaro en una reelaboraci\u00f3 contempor\u00e0nia de Les noces de F\u00edgaro, Polifem a Handel Aci Galatea i Polifem de la New Chamber Opera, i va versionar Leporello a Don Giovanni de l&#8217;Orquestra Alternativa d&#8217;Oxford. aix\u00ed com papers a F\u00eate Galante, Dardanus, The Old Maid and the Thief i Martha per a escenes d&#8217;\u00f2pera de RCM.<\/p>\n<p>Charlie va graduar-se amb el premi Provost de King&#8217;s, Cambridge, on va ser acad\u00e8mic coral en lectura d&#8217;enginyeria, realitzant molts rols de solista al Concertgebouw i l&#8217;\u00d2pera de Sydney. Despr\u00e9s d&#8217;una breu carrera com a enginyer (incloent el disseny d&#8217;algunes travesses de insonoritzaci\u00f3 just per on passa la l\u00ednia de metro d&#8217;Elizabeth sota el Wigmore Hall), Charlie va decidir dedicar-se al cant<\/p>\n<p>Ha interpretat els R\u00e8quiems de Durufl\u00e9, Faur\u00e9 i Brahms com a solista amb els antics alumnes del cor de la King&#8217;s Chapel. Charlie tamb\u00e9 ha realitzat rols de solista a la Passi\u00f3 segons Sant Joan, la Petite Messe Solennelle de Rossini o l&#8217;Acis and Galatea de Haendel. Estudia actualment amb Russell Smythe i ha rebut consells de Christopher Purves, Roderick Williams i James Gilchrist, aix\u00ed com classes magistrals amb Emma Kirkby, Michael Chance i Laurence Cummings.[\/vc_column_text][vc_empty_space height=&#8221;15&#8243;][\/vc_column_inner][\/vc_row_inner][\/vc_column][vc_column width=&#8221;1\/12&#8243;][\/vc_column][\/vc_row][vc_row][vc_column offset=&#8221;vc_hidden-sm vc_hidden-xs&#8221;][vc_empty_space height=&#8221;100&#8243;][\/vc_column][\/vc_row]\n","protected":false},"excerpt":{"rendered":"<p>[vc_row full_width=&#8221;stretch_row_content_no_spaces&#8221; css=&#8221;.vc_custom_1612202897517{margin-bottom: 0px !important;padding-top: px !important;padding-right: 0px !important;padding-bottom: 0px !important;}&#8221; el_class=&#8221;bar-language&#8221;][vc_column css=&#8221;.vc_custom_1612180406598{margin-bottom: 0px !important;padding-top: 0px !important;padding-bottom: 0px !important;}&#8221; offset=&#8221;vc_hidden-lg vc_hidden-md vc_hidden-sm vc_col-xs-12&#8243;][vc_custom_heading text=&#8221;`{`wpml_language_selector_widget`}`&#8221; font_container=&#8221;tag:h5|font_size:12px|text_align:center&#8221; use_theme_fonts=&#8221;yes&#8221; css=&#8221;.vc_custom_1612180415270{margin-bottom: 0px !important;padding-top: 5px !important;padding-bottom: 5px !important;}&#8221;][\/vc_column][\/vc_row][vc_row full_width=&#8221;stretch_row_content_no_spaces&#8221; css=&#8221;.vc_custom_1612202884352{margin-bottom: 0px !important;padding-top: px !important;padding-right: 0px !important;padding-bottom: 0px !important;}&#8221; el_class=&#8221;bar-language&#8221;][vc_column css=&#8221;.vc_custom_1612180516486{margin-bottom: 0px !important;padding-top: 0px !important;padding-right: 32px !important;padding-bottom: 0px !important;}&#8221; offset=&#8221;vc_col-xs-12 vc_hidden-xs&#8221;][vc_custom_heading [&hellip;]<\/p>\n","protected":false},"author":1,"featured_media":0,"parent":0,"menu_order":1,"comment_status":"open","ping_status":"closed","template":"","meta":[],"aioseo_notices":[],"_links":{"self":[{"href":"https:\/\/www.bachcelona.com\/en\/wp-json\/wp\/v2\/pages\/11591"}],"collection":[{"href":"https:\/\/www.bachcelona.com\/en\/wp-json\/wp\/v2\/pages"}],"about":[{"href":"https:\/\/www.bachcelona.com\/en\/wp-json\/wp\/v2\/types\/page"}],"author":[{"embeddable":true,"href":"https:\/\/www.bachcelona.com\/en\/wp-json\/wp\/v2\/users\/1"}],"replies":[{"embeddable":true,"href":"https:\/\/www.bachcelona.com\/en\/wp-json\/wp\/v2\/comments?post=11591"}],"version-history":[{"count":2,"href":"https:\/\/www.bachcelona.com\/en\/wp-json\/wp\/v2\/pages\/11591\/revisions"}],"predecessor-version":[{"id":11593,"href":"https:\/\/www.bachcelona.com\/en\/wp-json\/wp\/v2\/pages\/11591\/revisions\/11593"}],"wp:attachment":[{"href":"https:\/\/www.bachcelona.com\/en\/wp-json\/wp\/v2\/media?parent=11591"}],"curies":[{"name":"wp","href":"https:\/\/api.w.org\/{rel}","templated":true}]}}